{"id":9787,"date":"2025-12-03T11:40:25","date_gmt":"2025-12-03T10:40:25","guid":{"rendered":"https:\/\/dyproject.eu\/kontakt\/"},"modified":"2026-04-01T23:21:10","modified_gmt":"2026-04-01T21:21:10","slug":"kontakt","status":"publish","type":"page","link":"https:\/\/dyproject.eu\/de\/kontakt\/","title":{"rendered":"Kontakt"},"content":{"rendered":"\t\t<div data-elementor-type=\"wp-page\" data-elementor-id=\"9787\" class=\"elementor elementor-9787 elementor-7396\" data-elementor-post-type=\"page\">\n\t\t\t\t<div class=\"elementor-element elementor-element-a36eed7 e-con-full e-flex e-con e-parent\" data-id=\"a36eed7\" data-element_type=\"container\" data-e-type=\"container\" data-settings=\"{&quot;jet_parallax_layout_list&quot;:[]}\">\n\t\t<div class=\"elementor-element elementor-element-66a5a11 e-flex e-con-boxed e-con e-child\" data-id=\"66a5a11\" data-element_type=\"container\" data-e-type=\"container\" data-settings=\"{&quot;jet_parallax_layout_list&quot;:[]}\">\n\t\t\t\t\t<div class=\"e-con-inner\">\n\t\t\t\t<div class=\"elementor-element elementor-element-7586086 elementor-widget elementor-widget-heading\" data-id=\"7586086\" data-element_type=\"widget\" data-e-type=\"widget\" data-settings=\"{&quot;ekit_we_effect_on&quot;:&quot;none&quot;}\" data-widget_type=\"heading.default\">\n\t\t\t\t<div class=\"elementor-widget-container\">\n\t\t\t\t\t<p class=\"elementor-heading-title elementor-size-default\">Kontakt<\/p>\t\t\t\t<\/div>\n\t\t\t\t<\/div>\n\t\t<div class=\"elementor-element elementor-element-6d08b75 e-con-full e-flex e-con e-child\" data-id=\"6d08b75\" data-element_type=\"container\" data-e-type=\"container\" data-settings=\"{&quot;jet_parallax_layout_list&quot;:[]}\">\n\t\t\t\t<div class=\"elementor-element elementor-element-f46e0c5 elementor-widget__width-initial elementor-widget elementor-widget-image\" data-id=\"f46e0c5\" data-element_type=\"widget\" data-e-type=\"widget\" data-settings=\"{&quot;ekit_we_effect_on&quot;:&quot;none&quot;}\" data-widget_type=\"image.default\">\n\t\t\t\t<div class=\"elementor-widget-container\">\n\t\t\t\t\t\t\t\t\t\t\t\t\t\t\t<img fetchpriority=\"high\" decoding=\"async\" width=\"1100\" height=\"734\" src=\"https:\/\/dyproject.eu\/wp-content\/uploads\/2026\/02\/202526-EnAIP-Discover-Yourself-Kick-off-067.jpg\" class=\"attachment-full size-full wp-image-9786\" alt=\"\" srcset=\"https:\/\/dyproject.eu\/wp-content\/uploads\/2026\/02\/202526-EnAIP-Discover-Yourself-Kick-off-067.jpg 1100w, https:\/\/dyproject.eu\/wp-content\/uploads\/2026\/02\/202526-EnAIP-Discover-Yourself-Kick-off-067-300x200.jpg 300w, https:\/\/dyproject.eu\/wp-content\/uploads\/2026\/02\/202526-EnAIP-Discover-Yourself-Kick-off-067-1024x683.jpg 1024w, https:\/\/dyproject.eu\/wp-content\/uploads\/2026\/02\/202526-EnAIP-Discover-Yourself-Kick-off-067-768x512.jpg 768w\" sizes=\"(max-width: 1100px) 100vw, 1100px\" \/>\t\t\t\t\t\t\t\t\t\t\t\t\t\t\t<\/div>\n\t\t\t\t<\/div>\n\t\t<div class=\"elementor-element elementor-element-0a299d2 e-con-full e-flex e-con e-child\" data-id=\"0a299d2\" data-element_type=\"container\" data-e-type=\"container\" data-settings=\"{&quot;jet_parallax_layout_list&quot;:[]}\">\n\t\t\t\t<div class=\"elementor-element elementor-element-82a344f elementor-widget elementor-widget-heading\" data-id=\"82a344f\" data-element_type=\"widget\" data-e-type=\"widget\" data-settings=\"{&quot;ekit_we_effect_on&quot;:&quot;none&quot;}\" data-widget_type=\"heading.default\">\n\t\t\t\t<div class=\"elementor-widget-container\">\n\t\t\t\t\t<h2 class=\"elementor-heading-title elementor-size-default\">Treten Sie mit uns in Verbindung<\/h2>\t\t\t\t<\/div>\n\t\t\t\t<\/div>\n\t\t\t\t<div class=\"elementor-element elementor-element-6ebb754 elementor-widget elementor-widget-text-editor\" data-id=\"6ebb754\" data-element_type=\"widget\" data-e-type=\"widget\" data-settings=\"{&quot;ekit_we_effect_on&quot;:&quot;none&quot;}\" data-widget_type=\"text-editor.default\">\n\t\t\t\t<div class=\"elementor-widget-container\">\n\t\t\t\t\t\t\t\t\t<p>F\u00fcr Informationen zum Projekt<br>und zu den internationalen Aktivit\u00e4ten:<\/p><p><strong>Barbara Dainelli<\/strong><br>Direktorin f\u00fcr internationale Projekte und Netzwerkentwicklung<\/p><p><a class=\"decorated-link cursor-pointer\" href=\"mailto:b.dainelli@enaip.fvg.it\" rel=\"noopener\" data-start=\"559\" data-end=\"582\">b.dainelli@enaip.fvg.it<\/a><\/p>\t\t\t\t\t\t\t\t<\/div>\n\t\t\t\t<\/div>\n\t\t\t\t<\/div>\n\t\t\t\t<\/div>\n\t\t<div class=\"elementor-element elementor-element-0ddf73e e-con-full e-flex e-con e-child\" data-id=\"0ddf73e\" data-element_type=\"container\" data-e-type=\"container\" data-settings=\"{&quot;background_background&quot;:&quot;classic&quot;,&quot;jet_parallax_layout_list&quot;:[]}\">\n\t\t<div class=\"elementor-element elementor-element-7725a70 e-con-full e-flex e-con e-child\" data-id=\"7725a70\" data-element_type=\"container\" data-e-type=\"container\" data-settings=\"{&quot;jet_parallax_layout_list&quot;:[]}\">\n\t\t\t\t<div class=\"elementor-element elementor-element-cb1c3f6 elementor-widget elementor-widget-text-editor\" data-id=\"cb1c3f6\" data-element_type=\"widget\" data-e-type=\"widget\" data-settings=\"{&quot;ekit_we_effect_on&quot;:&quot;none&quot;}\" data-widget_type=\"text-editor.default\">\n\t\t\t\t<div class=\"elementor-widget-container\">\n\t\t\t\t\t\t\t\t\t<p>DIE PARTNER AN<br>UNSERER SEITE<\/p>\t\t\t\t\t\t\t\t<\/div>\n\t\t\t\t<\/div>\n\t\t\t\t<div class=\"elementor-element elementor-element-0faa6d6 elementor-align-left elementor-tablet-align-center elementor-widget elementor-widget-button\" data-id=\"0faa6d6\" data-element_type=\"widget\" data-e-type=\"widget\" data-settings=\"{&quot;ekit_we_effect_on&quot;:&quot;none&quot;}\" data-widget_type=\"button.default\">\n\t\t\t\t<div class=\"elementor-widget-container\">\n\t\t\t\t\t\t\t\t\t<div class=\"elementor-button-wrapper\">\n\t\t\t\t\t<a class=\"elementor-button elementor-button-link elementor-size-sm\" href=\"https:\/\/dyproject.eu\/de\/partner\/\">\n\t\t\t\t\t\t<span class=\"elementor-button-content-wrapper\">\n\t\t\t\t\t\t\t\t\t<span class=\"elementor-button-text\">Mehr erfahren<\/span>\n\t\t\t\t\t<\/span>\n\t\t\t\t\t<\/a>\n\t\t\t\t<\/div>\n\t\t\t\t\t\t\t\t<\/div>\n\t\t\t\t<\/div>\n\t\t\t\t<\/div>\n\t\t<div class=\"elementor-element elementor-element-5970973 e-con-full e-flex e-con e-child\" data-id=\"5970973\" data-element_type=\"container\" data-e-type=\"container\" data-settings=\"{&quot;jet_parallax_layout_list&quot;:[]}\">\n\t\t\t\t<div class=\"elementor-element elementor-element-6177066 elementor-widget elementor-widget-text-editor\" data-id=\"6177066\" data-element_type=\"widget\" data-e-type=\"widget\" data-settings=\"{&quot;ekit_we_effect_on&quot;:&quot;none&quot;}\" data-widget_type=\"text-editor.default\">\n\t\t\t\t<div class=\"elementor-widget-container\">\n\t\t\t\t\t\t\t\t\t<p>Enaip &#8211; Ente Acli istruzione professionale Friuli Venezia Giulia &#8211; Triest<\/p><p>Alma Mater Studiorum \u2013 Universit\u00e4t Bologna<\/p><p>Asociaci\u00f3n Cultural Peromato<\/p><p>Berufliches Bildungs- und Rehabilitationszentrum \u00d6sterreich \u2013 BBRZ \u00d6<\/p><p>Institut za stru\u010dno usavr\u0161avanje mladih<\/p><p>Karpos Kentro Ekpaideytikon Draseon kai Diapolitismikhs Epikoinonias<\/p><p>Trim tab AB<\/p>\t\t\t\t\t\t\t\t<\/div>\n\t\t\t\t<\/div>\n\t\t\t\t<\/div>\n\t\t\t\t<\/div>\n\t\t\t\t\t<\/div>\n\t\t\t\t<\/div>\n\t\t\t\t<\/div>\n\t\t\t\t<\/div>\n\t\t","protected":false},"excerpt":{"rendered":"<p>Kontakt Treten Sie mit uns in Verbindung F\u00fcr Informationen zum Projektund zu den internationalen Aktivit\u00e4ten: Barbara DainelliDirektorin f\u00fcr internationale Projekte und Netzwerkentwicklung b.dainelli@enaip.fvg.it DIE PARTNER ANUNSERER SEITE Mehr erfahren Enaip &#8211; Ente Acli istruzione professionale Friuli Venezia Giulia &#8211; Triest Alma Mater Studiorum \u2013 Universit\u00e4t Bologna Asociaci\u00f3n Cultural Peromato Berufliches Bildungs- und Rehabilitationszentrum \u00d6sterreich \u2013 [&hellip;]<\/p>\n","protected":false},"author":3,"featured_media":0,"parent":0,"menu_order":0,"comment_status":"closed","ping_status":"closed","template":"","meta":{"inline_featured_image":false,"footnotes":""},"class_list":["post-9787","page","type-page","status-publish","hentry"],"yoast_head":"<!-- This site is optimized with the Yoast SEO plugin v27.1.1 - https:\/\/yoast.com\/product\/yoast-seo-wordpress\/ -->\n<title>Kontakt - Discover Yourself<\/title>\n<meta name=\"robots\" content=\"index, follow, max-snippet:-1, max-image-preview:large, max-video-preview:-1\" \/>\n<link rel=\"canonical\" href=\"https:\/\/dyproject.eu\/de\/kontakt\/\" \/>\n<meta property=\"og:locale\" content=\"de_DE\" \/>\n<meta property=\"og:type\" content=\"article\" \/>\n<meta property=\"og:title\" content=\"Kontakt - Discover Yourself\" \/>\n<meta property=\"og:description\" content=\"Kontakt Treten Sie mit uns in Verbindung F\u00fcr Informationen zum Projektund zu den internationalen Aktivit\u00e4ten: Barbara DainelliDirektorin f\u00fcr internationale Projekte und Netzwerkentwicklung b.dainelli@enaip.fvg.it DIE PARTNER ANUNSERER SEITE Mehr erfahren Enaip &#8211; Ente Acli istruzione professionale Friuli Venezia Giulia &#8211; Triest Alma Mater Studiorum \u2013 Universit\u00e4t Bologna Asociaci\u00f3n Cultural Peromato Berufliches Bildungs- und Rehabilitationszentrum \u00d6sterreich \u2013 [&hellip;]\" \/>\n<meta property=\"og:url\" content=\"https:\/\/dyproject.eu\/de\/kontakt\/\" \/>\n<meta property=\"og:site_name\" content=\"Discover Yourself\" \/>\n<meta property=\"article:modified_time\" content=\"2026-04-01T21:21:10+00:00\" \/>\n<meta property=\"og:image\" content=\"https:\/\/dyproject.eu\/wp-content\/uploads\/2026\/02\/202526-EnAIP-Discover-Yourself-Kick-off-067.jpg\" \/>\n\t<meta property=\"og:image:width\" content=\"1100\" \/>\n\t<meta property=\"og:image:height\" content=\"734\" \/>\n\t<meta property=\"og:image:type\" content=\"image\/jpeg\" \/>\n<meta name=\"twitter:card\" content=\"summary_large_image\" \/>\n<script type=\"application\/ld+json\" class=\"yoast-schema-graph\">{\"@context\":\"https:\/\/schema.org\",\"@graph\":[{\"@type\":\"WebPage\",\"@id\":\"https:\/\/dyproject.eu\/de\/kontakt\/\",\"url\":\"https:\/\/dyproject.eu\/de\/kontakt\/\",\"name\":\"Kontakt - Discover Yourself\",\"isPartOf\":{\"@id\":\"https:\/\/dyproject.eu\/de\/#website\"},\"primaryImageOfPage\":{\"@id\":\"https:\/\/dyproject.eu\/de\/kontakt\/#primaryimage\"},\"image\":{\"@id\":\"https:\/\/dyproject.eu\/de\/kontakt\/#primaryimage\"},\"thumbnailUrl\":\"https:\/\/dyproject.eu\/wp-content\/uploads\/2026\/02\/202526-EnAIP-Discover-Yourself-Kick-off-067.jpg\",\"datePublished\":\"2025-12-03T10:40:25+00:00\",\"dateModified\":\"2026-04-01T21:21:10+00:00\",\"breadcrumb\":{\"@id\":\"https:\/\/dyproject.eu\/de\/kontakt\/#breadcrumb\"},\"inLanguage\":\"de\",\"potentialAction\":[{\"@type\":\"ReadAction\",\"target\":[\"https:\/\/dyproject.eu\/de\/kontakt\/\"]}]},{\"@type\":\"ImageObject\",\"inLanguage\":\"de\",\"@id\":\"https:\/\/dyproject.eu\/de\/kontakt\/#primaryimage\",\"url\":\"https:\/\/dyproject.eu\/wp-content\/uploads\/2026\/02\/202526-EnAIP-Discover-Yourself-Kick-off-067.jpg\",\"contentUrl\":\"https:\/\/dyproject.eu\/wp-content\/uploads\/2026\/02\/202526-EnAIP-Discover-Yourself-Kick-off-067.jpg\"},{\"@type\":\"BreadcrumbList\",\"@id\":\"https:\/\/dyproject.eu\/de\/kontakt\/#breadcrumb\",\"itemListElement\":[{\"@type\":\"ListItem\",\"position\":1,\"name\":\"Home\",\"item\":\"https:\/\/dyproject.eu\/de\/home\/\"},{\"@type\":\"ListItem\",\"position\":2,\"name\":\"Kontakt\"}]},{\"@type\":\"WebSite\",\"@id\":\"https:\/\/dyproject.eu\/de\/#website\",\"url\":\"https:\/\/dyproject.eu\/de\/\",\"name\":\"Discover Yourself\",\"description\":\"Digital Storytelling as a choice of conscious creativity\",\"publisher\":{\"@id\":\"https:\/\/dyproject.eu\/de\/#organization\"},\"potentialAction\":[{\"@type\":\"SearchAction\",\"target\":{\"@type\":\"EntryPoint\",\"urlTemplate\":\"https:\/\/dyproject.eu\/de\/?s={search_term_string}\"},\"query-input\":{\"@type\":\"PropertyValueSpecification\",\"valueRequired\":true,\"valueName\":\"search_term_string\"}}],\"inLanguage\":\"de\"},{\"@type\":\"Organization\",\"@id\":\"https:\/\/dyproject.eu\/de\/#organization\",\"name\":\"Discover Yourself\",\"url\":\"https:\/\/dyproject.eu\/de\/\",\"logo\":{\"@type\":\"ImageObject\",\"inLanguage\":\"de\",\"@id\":\"https:\/\/dyproject.eu\/de\/#\/schema\/logo\/image\/\",\"url\":\"https:\/\/dyproject.eu\/wp-content\/uploads\/2024\/05\/DY_logo_v2.2.png\",\"contentUrl\":\"https:\/\/dyproject.eu\/wp-content\/uploads\/2024\/05\/DY_logo_v2.2.png\",\"width\":500,\"height\":166,\"caption\":\"Discover Yourself\"},\"image\":{\"@id\":\"https:\/\/dyproject.eu\/de\/#\/schema\/logo\/image\/\"}}]}<\/script>\n<!-- \/ Yoast SEO plugin. -->","yoast_head_json":{"title":"Kontakt - Discover Yourself","robots":{"index":"index","follow":"follow","max-snippet":"max-snippet:-1","max-image-preview":"max-image-preview:large","max-video-preview":"max-video-preview:-1"},"canonical":"https:\/\/dyproject.eu\/de\/kontakt\/","og_locale":"de_DE","og_type":"article","og_title":"Kontakt - Discover Yourself","og_description":"Kontakt Treten Sie mit uns in Verbindung F\u00fcr Informationen zum Projektund zu den internationalen Aktivit\u00e4ten: Barbara DainelliDirektorin f\u00fcr internationale Projekte und Netzwerkentwicklung b.dainelli@enaip.fvg.it DIE PARTNER ANUNSERER SEITE Mehr erfahren Enaip &#8211; Ente Acli istruzione professionale Friuli Venezia Giulia &#8211; Triest Alma Mater Studiorum \u2013 Universit\u00e4t Bologna Asociaci\u00f3n Cultural Peromato Berufliches Bildungs- und Rehabilitationszentrum \u00d6sterreich \u2013 [&hellip;]","og_url":"https:\/\/dyproject.eu\/de\/kontakt\/","og_site_name":"Discover Yourself","article_modified_time":"2026-04-01T21:21:10+00:00","og_image":[{"width":1100,"height":734,"url":"https:\/\/dyproject.eu\/wp-content\/uploads\/2026\/02\/202526-EnAIP-Discover-Yourself-Kick-off-067.jpg","type":"image\/jpeg"}],"twitter_card":"summary_large_image","schema":{"@context":"https:\/\/schema.org","@graph":[{"@type":"WebPage","@id":"https:\/\/dyproject.eu\/de\/kontakt\/","url":"https:\/\/dyproject.eu\/de\/kontakt\/","name":"Kontakt - Discover Yourself","isPartOf":{"@id":"https:\/\/dyproject.eu\/de\/#website"},"primaryImageOfPage":{"@id":"https:\/\/dyproject.eu\/de\/kontakt\/#primaryimage"},"image":{"@id":"https:\/\/dyproject.eu\/de\/kontakt\/#primaryimage"},"thumbnailUrl":"https:\/\/dyproject.eu\/wp-content\/uploads\/2026\/02\/202526-EnAIP-Discover-Yourself-Kick-off-067.jpg","datePublished":"2025-12-03T10:40:25+00:00","dateModified":"2026-04-01T21:21:10+00:00","breadcrumb":{"@id":"https:\/\/dyproject.eu\/de\/kontakt\/#breadcrumb"},"inLanguage":"de","potentialAction":[{"@type":"ReadAction","target":["https:\/\/dyproject.eu\/de\/kontakt\/"]}]},{"@type":"ImageObject","inLanguage":"de","@id":"https:\/\/dyproject.eu\/de\/kontakt\/#primaryimage","url":"https:\/\/dyproject.eu\/wp-content\/uploads\/2026\/02\/202526-EnAIP-Discover-Yourself-Kick-off-067.jpg","contentUrl":"https:\/\/dyproject.eu\/wp-content\/uploads\/2026\/02\/202526-EnAIP-Discover-Yourself-Kick-off-067.jpg"},{"@type":"BreadcrumbList","@id":"https:\/\/dyproject.eu\/de\/kontakt\/#breadcrumb","itemListElement":[{"@type":"ListItem","position":1,"name":"Home","item":"https:\/\/dyproject.eu\/de\/home\/"},{"@type":"ListItem","position":2,"name":"Kontakt"}]},{"@type":"WebSite","@id":"https:\/\/dyproject.eu\/de\/#website","url":"https:\/\/dyproject.eu\/de\/","name":"Discover Yourself","description":"Digital Storytelling as a choice of conscious creativity","publisher":{"@id":"https:\/\/dyproject.eu\/de\/#organization"},"potentialAction":[{"@type":"SearchAction","target":{"@type":"EntryPoint","urlTemplate":"https:\/\/dyproject.eu\/de\/?s={search_term_string}"},"query-input":{"@type":"PropertyValueSpecification","valueRequired":true,"valueName":"search_term_string"}}],"inLanguage":"de"},{"@type":"Organization","@id":"https:\/\/dyproject.eu\/de\/#organization","name":"Discover Yourself","url":"https:\/\/dyproject.eu\/de\/","logo":{"@type":"ImageObject","inLanguage":"de","@id":"https:\/\/dyproject.eu\/de\/#\/schema\/logo\/image\/","url":"https:\/\/dyproject.eu\/wp-content\/uploads\/2024\/05\/DY_logo_v2.2.png","contentUrl":"https:\/\/dyproject.eu\/wp-content\/uploads\/2024\/05\/DY_logo_v2.2.png","width":500,"height":166,"caption":"Discover Yourself"},"image":{"@id":"https:\/\/dyproject.eu\/de\/#\/schema\/logo\/image\/"}}]}},"_links":{"self":[{"href":"https:\/\/dyproject.eu\/de\/wp-json\/wp\/v2\/pages\/9787","targetHints":{"allow":["GET"]}}],"collection":[{"href":"https:\/\/dyproject.eu\/de\/wp-json\/wp\/v2\/pages"}],"about":[{"href":"https:\/\/dyproject.eu\/de\/wp-json\/wp\/v2\/types\/page"}],"author":[{"embeddable":true,"href":"https:\/\/dyproject.eu\/de\/wp-json\/wp\/v2\/users\/3"}],"replies":[{"embeddable":true,"href":"https:\/\/dyproject.eu\/de\/wp-json\/wp\/v2\/comments?post=9787"}],"version-history":[{"count":3,"href":"https:\/\/dyproject.eu\/de\/wp-json\/wp\/v2\/pages\/9787\/revisions"}],"predecessor-version":[{"id":9995,"href":"https:\/\/dyproject.eu\/de\/wp-json\/wp\/v2\/pages\/9787\/revisions\/9995"}],"wp:attachment":[{"href":"https:\/\/dyproject.eu\/de\/wp-json\/wp\/v2\/media?parent=9787"}],"curies":[{"name":"wp","href":"https:\/\/api.w.org\/{rel}","templated":true}]}}