{"id":9882,"date":"2025-12-04T15:07:58","date_gmt":"2025-12-04T14:07:58","guid":{"rendered":"https:\/\/dyproject.eu\/cookie-richtlinie\/"},"modified":"2026-03-15T19:59:59","modified_gmt":"2026-03-15T18:59:59","slug":"cookie-richtlinie","status":"publish","type":"page","link":"https:\/\/dyproject.eu\/de\/cookie-richtlinie\/","title":{"rendered":"Cookie-Richtlinie"},"content":{"rendered":"\t\t<div data-elementor-type=\"wp-page\" data-elementor-id=\"9882\" class=\"elementor elementor-9882 elementor-7441\" data-elementor-post-type=\"page\">\n\t\t\t\t<div class=\"elementor-element elementor-element-4c20ed7 e-con-full e-flex e-con e-parent\" data-id=\"4c20ed7\" data-element_type=\"container\" data-e-type=\"container\" data-settings=\"{&quot;jet_parallax_layout_list&quot;:[]}\">\n\t\t<div class=\"elementor-element elementor-element-8c5fecf e-flex e-con-boxed e-con e-child\" data-id=\"8c5fecf\" data-element_type=\"container\" data-e-type=\"container\" data-settings=\"{&quot;jet_parallax_layout_list&quot;:[]}\">\n\t\t\t\t\t<div class=\"e-con-inner\">\n\t\t\t\t<div class=\"elementor-element elementor-element-328a431 elementor-widget elementor-widget-heading\" data-id=\"328a431\" data-element_type=\"widget\" data-e-type=\"widget\" data-settings=\"{&quot;ekit_we_effect_on&quot;:&quot;none&quot;}\" data-widget_type=\"heading.default\">\n\t\t\t\t<div class=\"elementor-widget-container\">\n\t\t\t\t\t<h2 class=\"elementor-heading-title elementor-size-default\">Cookie-Richtlinie<\/h2>\t\t\t\t<\/div>\n\t\t\t\t<\/div>\n\t\t\t\t<div class=\"elementor-element elementor-element-27494c9 elementor-widget elementor-widget-text-editor\" data-id=\"27494c9\" data-element_type=\"widget\" data-e-type=\"widget\" data-settings=\"{&quot;ekit_we_effect_on&quot;:&quot;none&quot;}\" data-widget_type=\"text-editor.default\">\n\t\t\t\t<div class=\"elementor-widget-container\">\n\t\t\t\t\t\t\t\t\t<section data-markdown-raw=\"  Questa informativa integra l\u2019Informativa privacy del sito e descrive l\u2019uso dei cookie da parte di ENAIP Friuli Venezia Giulia (ENAIP FVG). Per chi \u00e8 ENAIP FVG, il titolare del trattamento e i diritti degli interessati si rimanda a tale documento.\" data-section-index=\"9\">Letzte Aktualisierung: 6. Februar 2026<\/section><section data-markdown-raw=\"  Questa informativa integra l\u2019Informativa privacy del sito e descrive l\u2019uso dei cookie da parte di ENAIP Friuli Venezia Giulia (ENAIP FVG). Per chi \u00e8 ENAIP FVG, il titolare del trattamento e i diritti degli interessati si rimanda a tale documento.\" data-section-index=\"9\"><\/section><section id=\"markdown-section-b5a60259-0850-43ae-a4ce-bffe787c3fe4-9\" class=\"markdown-section chat-fade-in\" data-markdown-raw=\"  Questa informativa integra l\u2019Informativa privacy del sito e descrive l\u2019uso dei cookie da parte di ENAIP Friuli Venezia Giulia (ENAIP FVG). Per chi \u00e8 ENAIP FVG, il titolare del trattamento e i diritti degli interessati si rimanda a tale documento.\" data-section-index=\"9\"><\/section><section id=\"markdown-section-b5a60259-0850-43ae-a4ce-bffe787c3fe4-9\" class=\"markdown-section chat-fade-in\" data-markdown-raw=\"  Questa informativa integra l\u2019Informativa privacy del sito e descrive l\u2019uso dei cookie da parte di ENAIP Friuli Venezia Giulia (ENAIP FVG). Per chi \u00e8 ENAIP FVG, il titolare del trattamento e i diritti degli interessati si rimanda a tale documento.\" data-section-index=\"9\"><\/section><section id=\"markdown-section-b5a60259-0850-43ae-a4ce-bffe787c3fe4-9\" class=\"markdown-section chat-fade-in\" data-markdown-raw=\"  Questa informativa integra l\u2019Informativa privacy del sito e descrive l\u2019uso dei cookie da parte di ENAIP Friuli Venezia Giulia (ENAIP FVG). Per chi \u00e8 ENAIP FVG, il titolare del trattamento e i diritti degli interessati si rimanda a tale documento.\" data-section-index=\"9\">Diese Information erg\u00e4nzt die Datenschutzerkl\u00e4rung der Website und beschreibt die Verwendung von Cookies durch ENAIP Friuli Venezia Giulia (ENAIP FVG). Wer ENAIP FVG ist, wer der Verantwortliche f\u00fcr die Datenverarbeitung ist und welche Rechte die betroffenen Personen haben, wird in diesem Dokument erl\u00e4utert. <\/section><section id=\"markdown-section-b5a60259-0850-43ae-a4ce-bffe787c3fe4-12\" class=\"markdown-section chat-fade-in\" data-markdown-raw=\"  **COSA SONO I COOKIE**\" data-section-index=\"12\"><span class=\"markdown-bold-text\"> <\/span><\/section><section id=\"markdown-section-b5a60259-0850-43ae-a4ce-bffe787c3fe4-12\" class=\"markdown-section chat-fade-in\" data-markdown-raw=\" **COSA SONO I COOKIE**\" data-section-index=\"12\"><strong><span class=\"markdown-bold-text\">WAS SIND COOKIES<\/span><\/strong><\/section><section id=\"markdown-section-b5a60259-0850-43ae-a4ce-bffe787c3fe4-14\" class=\"markdown-section chat-fade-in\" data-markdown-raw=\" I cookie sono piccoli file di testo che i siti possono memorizzare sul dispositivo (computer, tablet, smartphone) quando li si visita. Servono a far funzionare il sito, a ricordare preferenze o, in altri contesti, a tracciare la navigazione per finalit\u00e0 di profilazione o pubblicit\u00e0.\" data-section-index=\"14\">Cookies sind kleine Textdateien, die Websites auf dem Ger\u00e4t (Computer, Tablet, Smartphone) speichern k\u00f6nnen, wenn diese besucht werden. Sie dienen dazu, die Website funktionsf\u00e4hig zu machen, Pr\u00e4ferenzen zu speichern oder in anderen Kontexten die Navigation zu Profiling- oder Werbezwecken zu verfolgen.<\/section><section id=\"markdown-section-b5a60259-0850-43ae-a4ce-bffe787c3fe4-17\" class=\"markdown-section chat-fade-in\" data-markdown-raw=\"  **USO DEI COOKIE SU QUESTO SITO**\" data-section-index=\"17\"><span class=\"markdown-bold-text\"> <\/span><\/section><section id=\"markdown-section-b5a60259-0850-43ae-a4ce-bffe787c3fe4-17\" class=\"markdown-section chat-fade-in\" data-markdown-raw=\" **USO DEI COOKIE SU QUESTO SITO**\" data-section-index=\"17\"><strong><span class=\"markdown-bold-text\">VERWENDUNG VON COOKIES AUF DIESER WEBSITE<\/span><\/strong><\/section><section id=\"markdown-section-b5a60259-0850-43ae-a4ce-bffe787c3fe4-19\" class=\"markdown-section chat-fade-in\" data-markdown-raw=\" Questo sito non utilizza cookie di profilazione n\u00e9 cookie di tracciamento.\" data-section-index=\"19\">Diese Website verwendet weder Profiling-Cookies noch Tracking-Cookies.<\/section><section id=\"markdown-section-b5a60259-0850-43ae-a4ce-bffe787c3fe4-21\" class=\"markdown-section chat-fade-in\" data-markdown-raw=\"  Non vengono impiegati cookie o tecnologie analoghe per: \u2013 profilare gli utenti; \u2013 tracciare il comportamento di navigazione a scopo pubblicitario o di analisi del profilo; \u2013 inviare pubblicit\u00e0 mirata in base agli interessi.\" data-section-index=\"21\">Es werden keine Cookies oder \u00e4hnliche Technologien verwendet, um:<ul class=\"nested\"><li class=\"nested\" data-indent=\"2\">Nutzer zu profilieren;<\/li><\/ul><ul class=\"nested\"><li class=\"nested\" data-indent=\"2\">das Navigationsverhalten zu Werbe- oder Profilanalysezwecken zu verfolgen;<\/li><\/ul><ul class=\"nested\"><li class=\"nested\" data-indent=\"2\">zielgerichtete Werbung basierend auf Interessen zu versenden.<\/li><\/ul><\/section><section id=\"markdown-section-b5a60259-0850-43ae-a4ce-bffe787c3fe4-23\" class=\"markdown-section chat-fade-in\" data-markdown-raw=\"  Possono essere utilizzati solo cookie tecnici strettamente necessari al funzionamento del sito, ad esempio: \u2013 cookie di sessione (per mantenere la sessione durante la navigazione); \u2013 cookie che memorizzano preferenze essenziali (es. lingua, accessibilit\u00e0).\" data-section-index=\"23\">Es k\u00f6nnen ausschlie\u00dflich technische Cookies verwendet werden, die f\u00fcr den Betrieb der Website unbedingt erforderlich sind, beispielsweise:<ul class=\"nested\"><li class=\"nested\" data-indent=\"2\">Sitzungs-Cookies (um die Sitzung w\u00e4hrend der Navigation aufrechtzuerhalten);<\/li><\/ul><ul class=\"nested\"><li class=\"nested\" data-indent=\"2\">Cookies, die wesentliche Pr\u00e4ferenzen speichern (z. B. Sprache, Barrierefreiheit).<\/li><\/ul><\/section><section id=\"markdown-section-b5a60259-0850-43ae-a4ce-bffe787c3fe4-25\" class=\"markdown-section chat-fade-in\" data-markdown-raw=\"  Per i cookie tecnici non \u00e8 richiesto il consenso ai sensi della normativa applicabile (Regolamento (UE) 2016\/679 \u2013 GDPR \u2013 e Provvedimento del Garante privacy dell\u20198 maggio 2014 e linee guida in materia di cookie).\" data-section-index=\"25\"><\/section><section id=\"markdown-section-b5a60259-0850-43ae-a4ce-bffe787c3fe4-25\" class=\"markdown-section chat-fade-in\" data-markdown-raw=\"  Per i cookie tecnici non \u00e8 richiesto il consenso ai sensi della normativa applicabile (Regolamento (UE) 2016\/679 \u2013 GDPR \u2013 e Provvedimento del Garante privacy dell\u20198 maggio 2014 e linee guida in materia di cookie).\" data-section-index=\"25\">F\u00fcr technische Cookies ist gem\u00e4\u00df den geltenden Vorschriften (Verordnung (EU) 2016\/679 \u2013 DSGVO \u2013 und Beschluss der Datenschutzbeh\u00f6rde vom 8. Mai 2014 sowie Leitlinien zu Cookies) keine Einwilligung erforderlich.<\/section><section id=\"markdown-section-b5a60259-0850-43ae-a4ce-bffe787c3fe4-33\" class=\"markdown-section chat-fade-in\" data-markdown-raw=\"  Cookie di tracciamento No \u2013\" data-section-index=\"33\"><\/section><section id=\"markdown-section-b5a60259-0850-43ae-a4ce-bffe787c3fe4-36\" class=\"markdown-section chat-fade-in\" data-markdown-raw=\"  **TITOLARE, BASE GIURIDICA E DIRITTI**\" data-section-index=\"36\"><strong><span class=\"markdown-bold-text\"> <\/span><\/strong><\/section><section id=\"markdown-section-b5a60259-0850-43ae-a4ce-bffe787c3fe4-36\" class=\"markdown-section chat-fade-in\" data-markdown-raw=\" **TITOLARE, BASE GIURIDICA E DIRITTI**\" data-section-index=\"36\"><strong><span class=\"markdown-bold-text\">VERANTWORTLICHER, RECHTSGRUNDLAGE UND RECHTE<\/span><\/strong><\/section><section id=\"markdown-section-b5a60259-0850-43ae-a4ce-bffe787c3fe4-38\" class=\"markdown-section chat-fade-in\" data-markdown-raw=\" Il titolare del trattamento \u00e8 ENAIP Friuli Venezia Giulia \u2013 Impresa Sociale (indirizzo, PEC e riferimenti nell\u2019Informativa privacy).\" data-section-index=\"38\">Der Verantwortliche f\u00fcr die Datenverarbeitung ist ENAIP Friuli Venezia Giulia \u2013 Impresa Sociale (Adresse, PEC und Kontaktdaten in der Datenschutzerkl\u00e4rung).<\/section><section id=\"markdown-section-b5a60259-0850-43ae-a4ce-bffe787c3fe4-40\" class=\"markdown-section chat-fade-in\" data-markdown-raw=\" Il trattamento dei dati eventualmente raccolti tramite cookie tecnici si basa su legittimo interesse (art. 6, par. 1, lett. f) GDPR) e\/o obblighi di legge, per finalit\u00e0 di sicurezza e gestione tecnica del sito. Non viene effettuato alcun trattamento per finalit\u00e0 di profilazione o marketing.\" data-section-index=\"40\">Die Verarbeitung der eventuell durch technische Cookies erfassten Daten basiert auf berechtigtem Interesse (Art. 6 Abs. 1 Buchst. f) DSGVO) und\/oder gesetzlichen Verpflichtungen zu Sicherheits- und technischen Verwaltungszwecken der Website. Es erfolgt keine Verarbeitung zu Profiling- oder Marketingzwecken.<\/section><section id=\"markdown-section-b5a60259-0850-43ae-a4ce-bffe787c3fe4-42\" class=\"markdown-section chat-fade-in\" data-markdown-raw=\" Diritti dell\u2019interessato (accesso, rettifica, cancellazione, limitazione, portabilit\u00e0, opposizione, revoca del consenso, reclamo al Garante), modalit\u00e0 di esercizio e tempi di risposta sono descritti nell\u2019Informativa privacy, alla quale si rimanda.\" data-section-index=\"42\">Die Rechte der betroffenen Person (Zugang, Berichtigung, L\u00f6schung, Einschr\u00e4nkung, Daten\u00fcbertragbarkeit, Widerspruch, Widerruf der Einwilligung, Beschwerde bei der Datenschutzbeh\u00f6rde), die Aus\u00fcbungsmodalit\u00e4ten und Antwortfristen sind in der Datenschutzerkl\u00e4rung beschrieben, auf die verwiesen wird.<\/section><section data-markdown-raw=\"  **GESTIONE E DISATTIVAZIONE DEI COOKIE**\" data-section-index=\"45\"><\/section><section id=\"markdown-section-b5a60259-0850-43ae-a4ce-bffe787c3fe4-45\" class=\"markdown-section chat-fade-in\" data-markdown-raw=\"  **GESTIONE E DISATTIVAZIONE DEI COOKIE**\" data-section-index=\"45\"><strong><span class=\"markdown-bold-text\"> <\/span><\/strong><\/section><section id=\"markdown-section-b5a60259-0850-43ae-a4ce-bffe787c3fe4-45\" class=\"markdown-section chat-fade-in\" data-markdown-raw=\" **GESTIONE E DISATTIVAZIONE DEI COOKIE**\" data-section-index=\"45\"><strong><span class=\"markdown-bold-text\">VERWALTUNG UND DEAKTIVIERUNG VON COOKIES<\/span><\/strong><\/section><section id=\"markdown-section-b5a60259-0850-43ae-a4ce-bffe787c3fe4-47\" class=\"markdown-section chat-fade-in\" data-markdown-raw=\" \u00c8 possibile gestire o disattivare i cookie dalle impostazioni del proprio browser. Le istruzioni si trovano di solito nella sezione \u201cPrivacy\u201d, \u201cCookie\u201d o \u201cImpostazioni\u201d del browser. La disattivazione di cookie tecnici pu\u00f2 limitare alcune funzionalit\u00e0 del sito.\" data-section-index=\"47\">Sie k\u00f6nnen Cookies \u00fcber die Einstellungen Ihres Browsers verwalten oder deaktivieren. Die entsprechenden Anweisungen finden Sie in der Regel im Bereich \u201eDatenschutz\u201c, \u201eCookies\u201c oder \u201eEinstellungen\u201c Ihres Browsers. Die Deaktivierung technischer Cookies kann bestimmte Funktionen der Website einschr\u00e4nken.<\/section><section id=\"markdown-section-b5a60259-0850-43ae-a4ce-bffe787c3fe4-49\" class=\"markdown-section chat-fade-in\" data-markdown-raw=\"  Link alle guide dei browser pi\u00f9 comuni: \u2013 Chrome: https:\/\/support.google.com\/chrome\/answer\/95647 \u2013 Firefox: https:\/\/support.mozilla.org\/it\/kb\/Eliminare%20i%20cookie \u2013 Safari: https:\/\/support.apple.com\/it-it\/guide\/safari\/sfri11471\/mac \u2013 Edge: https:\/\/support.microsoft.com\/it-it\/microsoft-edge\/eliminare-i-cookie-in-microsoft-edge-63947406-40ac-c3b8-57b9-2a946a29ae09\" data-section-index=\"49\">Links zu den Anleitungen der g\u00e4ngigsten Browser:<ul class=\"nested\"><li class=\"nested\" data-indent=\"2\">Chrome: https:\/\/support.google.com\/chrome\/answer\/95647<\/li><\/ul><ul class=\"nested\"><li class=\"nested\" data-indent=\"2\">Firefox: https:\/\/support.mozilla.org\/it\/kb\/Eliminare%20i%20cookie<\/li><\/ul><ul class=\"nested\"><li class=\"nested\" data-indent=\"2\">Safari: https:\/\/support.apple.com\/it-it\/guide\/safari\/sfri11471\/mac<\/li><\/ul><ul class=\"nested\"><li class=\"nested\" data-indent=\"2\">Edge: https:\/\/support.microsoft.com\/it-it\/microsoft-edge\/eliminare-i-cookie-in-microsoft-edge-63947406-40ac-c3b8-57b9-2a946a29ae09<\/li><\/ul><\/section><section id=\"markdown-section-b5a60259-0850-43ae-a4ce-bffe787c3fe4-52\" class=\"markdown-section chat-fade-in\" data-markdown-raw=\"  **CONSERVAZIONE**\" data-section-index=\"52\"><strong><span class=\"markdown-bold-text\"> <\/span><\/strong><\/section><section id=\"markdown-section-b5a60259-0850-43ae-a4ce-bffe787c3fe4-52\" class=\"markdown-section chat-fade-in\" data-markdown-raw=\" **CONSERVAZIONE**\" data-section-index=\"52\"><strong><span class=\"markdown-bold-text\">AUFBEWAHRUNG<\/span><\/strong><\/section><section id=\"markdown-section-b5a60259-0850-43ae-a4ce-bffe787c3fe4-54\" class=\"markdown-section chat-fade-in\" data-markdown-raw=\" I dati eventualmente associati a cookie tecnici sono conservati per il tempo strettamente necessario (es. durata della sessione o periodo indicato per il singolo cookie) come specificato nell\u2019Informativa privacy.\" data-section-index=\"54\">Die eventuell mit technischen Cookies verbundenen Daten werden f\u00fcr die unbedingt erforderliche Zeit aufbewahrt (z. B. Dauer der Sitzung oder f\u00fcr das einzelne Cookie angegebener Zeitraum), wie in der Datenschutzerkl\u00e4rung angegeben.<\/section><section id=\"markdown-section-b5a60259-0850-43ae-a4ce-bffe787c3fe4-54\" class=\"markdown-section chat-fade-in\" data-markdown-raw=\"  I dati eventualmente associati a cookie tecnici sono conservati per il tempo strettamente necessario (es. durata della sessione o periodo indicato per il singolo cookie) come specificato nell\u2019Informativa privacy.\" data-section-index=\"54\"><\/section><section data-markdown-raw=\"  **MODIFICHE**\" data-section-index=\"57\"><\/section><section id=\"markdown-section-b5a60259-0850-43ae-a4ce-bffe787c3fe4-57\" class=\"markdown-section chat-fade-in\" data-markdown-raw=\"  **MODIFICHE**\" data-section-index=\"57\"><strong><span class=\"markdown-bold-text\">\u00c4NDERUNGEN<\/span><\/strong><\/section><section id=\"markdown-section-b5a60259-0850-43ae-a4ce-bffe787c3fe4-59\" class=\"markdown-section chat-fade-in\" data-markdown-raw=\"  Questa informativa cookie pu\u00f2 essere aggiornata. La data di \u201cUltimo aggiornamento\u201d in testa al documento indica l\u2019ultima revisione. Si invita a consultarla periodicamente insieme all\u2019Informativa privacy.\" data-section-index=\"59\">Diese Cookie-Richtlinie kann aktualisiert werden. Das Datum der \u201eLetzten Aktualisierung\u201c am Anfang des Dokuments gibt die letzte \u00dcberarbeitung an. Wir laden Sie ein, diese regelm\u00e4\u00dfig zusammen mit der Datenschutzerkl\u00e4rung zu konsultieren.  <\/section><section id=\"markdown-section-b5a60259-0850-43ae-a4ce-bffe787c3fe4-62\" class=\"markdown-section chat-fade-in\" data-markdown-raw=\"  Informativa redatta in conformit\u00e0 al Regolamento (UE) 2016\/679 (GDPR), al D.Lgs. 196\/2003 (Codice privacy) e successive modifiche e al Provvedimento del Garante per la protezione dei dati personali dell\u20198 maggio 2014 in materia di cookie.\" data-section-index=\"62\">Informationen erstellt in \u00dcbereinstimmung mit der Verordnung (EU) 2016\/679 (DSGVO), dem Gesetzesdekret 196\/2003 (Datenschutzkodex) und nachfolgenden \u00c4nderungen sowie dem Beschluss der Datenschutzbeh\u00f6rde vom 8. Mai 2014 zu Cookies. <\/section><p><\/p>\t\t\t\t\t\t\t\t<\/div>\n\t\t\t\t<\/div>\n\t\t\t\t\t<\/div>\n\t\t\t\t<\/div>\n\t\t\t\t<\/div>\n\t\t\t\t<\/div>\n\t\t","protected":false},"excerpt":{"rendered":"<p>Cookie-Richtlinie Letzte Aktualisierung: 6. Februar 2026 Diese Information erg\u00e4nzt die Datenschutzerkl\u00e4rung der Website und beschreibt die Verwendung von Cookies durch ENAIP Friuli Venezia Giulia (ENAIP FVG). Wer ENAIP FVG ist, wer der Verantwortliche f\u00fcr die Datenverarbeitung ist und welche Rechte die betroffenen Personen haben, wird in diesem Dokument erl\u00e4utert. WAS SIND COOKIES Cookies sind kleine [&hellip;]<\/p>\n","protected":false},"author":3,"featured_media":0,"parent":0,"menu_order":0,"comment_status":"closed","ping_status":"closed","template":"","meta":{"inline_featured_image":false,"footnotes":""},"class_list":["post-9882","page","type-page","status-publish","hentry"],"yoast_head":"<!-- This site is optimized with the Yoast SEO plugin v27.1.1 - https:\/\/yoast.com\/product\/yoast-seo-wordpress\/ -->\n<title>Cookie-Richtlinie - Discover Yourself<\/title>\n<meta name=\"robots\" content=\"index, follow, max-snippet:-1, max-image-preview:large, max-video-preview:-1\" \/>\n<link rel=\"canonical\" href=\"https:\/\/dyproject.eu\/de\/cookie-richtlinie\/\" \/>\n<meta property=\"og:locale\" content=\"de_DE\" \/>\n<meta property=\"og:type\" content=\"article\" \/>\n<meta property=\"og:title\" content=\"Cookie-Richtlinie - Discover Yourself\" \/>\n<meta property=\"og:description\" content=\"Cookie-Richtlinie Letzte Aktualisierung: 6. Februar 2026 Diese Information erg\u00e4nzt die Datenschutzerkl\u00e4rung der Website und beschreibt die Verwendung von Cookies durch ENAIP Friuli Venezia Giulia (ENAIP FVG). Wer ENAIP FVG ist, wer der Verantwortliche f\u00fcr die Datenverarbeitung ist und welche Rechte die betroffenen Personen haben, wird in diesem Dokument erl\u00e4utert. WAS SIND COOKIES Cookies sind kleine [&hellip;]\" \/>\n<meta property=\"og:url\" content=\"https:\/\/dyproject.eu\/de\/cookie-richtlinie\/\" \/>\n<meta property=\"og:site_name\" content=\"Discover Yourself\" \/>\n<meta property=\"article:modified_time\" content=\"2026-03-15T18:59:59+00:00\" \/>\n<meta name=\"twitter:card\" content=\"summary_large_image\" \/>\n<meta name=\"twitter:label1\" content=\"Gesch\u00e4tzte Lesezeit\" \/>\n\t<meta name=\"twitter:data1\" content=\"2\u00a0Minuten\" \/>\n<script type=\"application\/ld+json\" class=\"yoast-schema-graph\">{\"@context\":\"https:\/\/schema.org\",\"@graph\":[{\"@type\":\"WebPage\",\"@id\":\"https:\/\/dyproject.eu\/de\/cookie-richtlinie\/\",\"url\":\"https:\/\/dyproject.eu\/de\/cookie-richtlinie\/\",\"name\":\"Cookie-Richtlinie - Discover Yourself\",\"isPartOf\":{\"@id\":\"https:\/\/dyproject.eu\/de\/#website\"},\"datePublished\":\"2025-12-04T14:07:58+00:00\",\"dateModified\":\"2026-03-15T18:59:59+00:00\",\"breadcrumb\":{\"@id\":\"https:\/\/dyproject.eu\/de\/cookie-richtlinie\/#breadcrumb\"},\"inLanguage\":\"de\",\"potentialAction\":[{\"@type\":\"ReadAction\",\"target\":[\"https:\/\/dyproject.eu\/de\/cookie-richtlinie\/\"]}]},{\"@type\":\"BreadcrumbList\",\"@id\":\"https:\/\/dyproject.eu\/de\/cookie-richtlinie\/#breadcrumb\",\"itemListElement\":[{\"@type\":\"ListItem\",\"position\":1,\"name\":\"Home\",\"item\":\"https:\/\/dyproject.eu\/de\/home\/\"},{\"@type\":\"ListItem\",\"position\":2,\"name\":\"Cookie-Richtlinie\"}]},{\"@type\":\"WebSite\",\"@id\":\"https:\/\/dyproject.eu\/de\/#website\",\"url\":\"https:\/\/dyproject.eu\/de\/\",\"name\":\"Discover Yourself\",\"description\":\"Digital Storytelling as a choice of conscious creativity\",\"publisher\":{\"@id\":\"https:\/\/dyproject.eu\/de\/#organization\"},\"potentialAction\":[{\"@type\":\"SearchAction\",\"target\":{\"@type\":\"EntryPoint\",\"urlTemplate\":\"https:\/\/dyproject.eu\/de\/?s={search_term_string}\"},\"query-input\":{\"@type\":\"PropertyValueSpecification\",\"valueRequired\":true,\"valueName\":\"search_term_string\"}}],\"inLanguage\":\"de\"},{\"@type\":\"Organization\",\"@id\":\"https:\/\/dyproject.eu\/de\/#organization\",\"name\":\"Discover Yourself\",\"url\":\"https:\/\/dyproject.eu\/de\/\",\"logo\":{\"@type\":\"ImageObject\",\"inLanguage\":\"de\",\"@id\":\"https:\/\/dyproject.eu\/de\/#\/schema\/logo\/image\/\",\"url\":\"https:\/\/dyproject.eu\/wp-content\/uploads\/2024\/05\/DY_logo_v2.2.png\",\"contentUrl\":\"https:\/\/dyproject.eu\/wp-content\/uploads\/2024\/05\/DY_logo_v2.2.png\",\"width\":500,\"height\":166,\"caption\":\"Discover Yourself\"},\"image\":{\"@id\":\"https:\/\/dyproject.eu\/de\/#\/schema\/logo\/image\/\"}}]}<\/script>\n<!-- \/ Yoast SEO plugin. -->","yoast_head_json":{"title":"Cookie-Richtlinie - Discover Yourself","robots":{"index":"index","follow":"follow","max-snippet":"max-snippet:-1","max-image-preview":"max-image-preview:large","max-video-preview":"max-video-preview:-1"},"canonical":"https:\/\/dyproject.eu\/de\/cookie-richtlinie\/","og_locale":"de_DE","og_type":"article","og_title":"Cookie-Richtlinie - Discover Yourself","og_description":"Cookie-Richtlinie Letzte Aktualisierung: 6. Februar 2026 Diese Information erg\u00e4nzt die Datenschutzerkl\u00e4rung der Website und beschreibt die Verwendung von Cookies durch ENAIP Friuli Venezia Giulia (ENAIP FVG). Wer ENAIP FVG ist, wer der Verantwortliche f\u00fcr die Datenverarbeitung ist und welche Rechte die betroffenen Personen haben, wird in diesem Dokument erl\u00e4utert. WAS SIND COOKIES Cookies sind kleine [&hellip;]","og_url":"https:\/\/dyproject.eu\/de\/cookie-richtlinie\/","og_site_name":"Discover Yourself","article_modified_time":"2026-03-15T18:59:59+00:00","twitter_card":"summary_large_image","twitter_misc":{"Gesch\u00e4tzte Lesezeit":"2\u00a0Minuten"},"schema":{"@context":"https:\/\/schema.org","@graph":[{"@type":"WebPage","@id":"https:\/\/dyproject.eu\/de\/cookie-richtlinie\/","url":"https:\/\/dyproject.eu\/de\/cookie-richtlinie\/","name":"Cookie-Richtlinie - Discover Yourself","isPartOf":{"@id":"https:\/\/dyproject.eu\/de\/#website"},"datePublished":"2025-12-04T14:07:58+00:00","dateModified":"2026-03-15T18:59:59+00:00","breadcrumb":{"@id":"https:\/\/dyproject.eu\/de\/cookie-richtlinie\/#breadcrumb"},"inLanguage":"de","potentialAction":[{"@type":"ReadAction","target":["https:\/\/dyproject.eu\/de\/cookie-richtlinie\/"]}]},{"@type":"BreadcrumbList","@id":"https:\/\/dyproject.eu\/de\/cookie-richtlinie\/#breadcrumb","itemListElement":[{"@type":"ListItem","position":1,"name":"Home","item":"https:\/\/dyproject.eu\/de\/home\/"},{"@type":"ListItem","position":2,"name":"Cookie-Richtlinie"}]},{"@type":"WebSite","@id":"https:\/\/dyproject.eu\/de\/#website","url":"https:\/\/dyproject.eu\/de\/","name":"Discover Yourself","description":"Digital Storytelling as a choice of conscious creativity","publisher":{"@id":"https:\/\/dyproject.eu\/de\/#organization"},"potentialAction":[{"@type":"SearchAction","target":{"@type":"EntryPoint","urlTemplate":"https:\/\/dyproject.eu\/de\/?s={search_term_string}"},"query-input":{"@type":"PropertyValueSpecification","valueRequired":true,"valueName":"search_term_string"}}],"inLanguage":"de"},{"@type":"Organization","@id":"https:\/\/dyproject.eu\/de\/#organization","name":"Discover Yourself","url":"https:\/\/dyproject.eu\/de\/","logo":{"@type":"ImageObject","inLanguage":"de","@id":"https:\/\/dyproject.eu\/de\/#\/schema\/logo\/image\/","url":"https:\/\/dyproject.eu\/wp-content\/uploads\/2024\/05\/DY_logo_v2.2.png","contentUrl":"https:\/\/dyproject.eu\/wp-content\/uploads\/2024\/05\/DY_logo_v2.2.png","width":500,"height":166,"caption":"Discover Yourself"},"image":{"@id":"https:\/\/dyproject.eu\/de\/#\/schema\/logo\/image\/"}}]}},"_links":{"self":[{"href":"https:\/\/dyproject.eu\/de\/wp-json\/wp\/v2\/pages\/9882","targetHints":{"allow":["GET"]}}],"collection":[{"href":"https:\/\/dyproject.eu\/de\/wp-json\/wp\/v2\/pages"}],"about":[{"href":"https:\/\/dyproject.eu\/de\/wp-json\/wp\/v2\/types\/page"}],"author":[{"embeddable":true,"href":"https:\/\/dyproject.eu\/de\/wp-json\/wp\/v2\/users\/3"}],"replies":[{"embeddable":true,"href":"https:\/\/dyproject.eu\/de\/wp-json\/wp\/v2\/comments?post=9882"}],"version-history":[{"count":1,"href":"https:\/\/dyproject.eu\/de\/wp-json\/wp\/v2\/pages\/9882\/revisions"}],"predecessor-version":[{"id":9883,"href":"https:\/\/dyproject.eu\/de\/wp-json\/wp\/v2\/pages\/9882\/revisions\/9883"}],"wp:attachment":[{"href":"https:\/\/dyproject.eu\/de\/wp-json\/wp\/v2\/media?parent=9882"}],"curies":[{"name":"wp","href":"https:\/\/api.w.org\/{rel}","templated":true}]}}