{"id":9793,"date":"2025-12-03T11:40:25","date_gmt":"2025-12-03T10:40:25","guid":{"rendered":"https:\/\/dyproject.eu\/contacto\/"},"modified":"2026-04-01T23:21:14","modified_gmt":"2026-04-01T21:21:14","slug":"contacto","status":"publish","type":"page","link":"https:\/\/dyproject.eu\/es\/contacto\/","title":{"rendered":"Contacto"},"content":{"rendered":"\t\t<div data-elementor-type=\"wp-page\" data-elementor-id=\"9793\" class=\"elementor elementor-9793 elementor-7396\" data-elementor-post-type=\"page\">\n\t\t\t\t<div class=\"elementor-element elementor-element-a36eed7 e-con-full e-flex e-con e-parent\" data-id=\"a36eed7\" data-element_type=\"container\" data-e-type=\"container\" data-settings=\"{&quot;jet_parallax_layout_list&quot;:[]}\">\n\t\t<div class=\"elementor-element elementor-element-66a5a11 e-flex e-con-boxed e-con e-child\" data-id=\"66a5a11\" data-element_type=\"container\" data-e-type=\"container\" data-settings=\"{&quot;jet_parallax_layout_list&quot;:[]}\">\n\t\t\t\t\t<div class=\"e-con-inner\">\n\t\t\t\t<div class=\"elementor-element elementor-element-7586086 elementor-widget elementor-widget-heading\" data-id=\"7586086\" data-element_type=\"widget\" data-e-type=\"widget\" data-settings=\"{&quot;ekit_we_effect_on&quot;:&quot;none&quot;}\" data-widget_type=\"heading.default\">\n\t\t\t\t<div class=\"elementor-widget-container\">\n\t\t\t\t\t<p class=\"elementor-heading-title elementor-size-default\">Contacto<\/p>\t\t\t\t<\/div>\n\t\t\t\t<\/div>\n\t\t<div class=\"elementor-element elementor-element-6d08b75 e-con-full e-flex e-con e-child\" data-id=\"6d08b75\" data-element_type=\"container\" data-e-type=\"container\" data-settings=\"{&quot;jet_parallax_layout_list&quot;:[]}\">\n\t\t\t\t<div class=\"elementor-element elementor-element-f46e0c5 elementor-widget__width-initial elementor-widget elementor-widget-image\" data-id=\"f46e0c5\" data-element_type=\"widget\" data-e-type=\"widget\" data-settings=\"{&quot;ekit_we_effect_on&quot;:&quot;none&quot;}\" data-widget_type=\"image.default\">\n\t\t\t\t<div class=\"elementor-widget-container\">\n\t\t\t\t\t\t\t\t\t\t\t\t\t\t\t<img fetchpriority=\"high\" decoding=\"async\" width=\"1100\" height=\"734\" src=\"https:\/\/dyproject.eu\/wp-content\/uploads\/2026\/02\/202526-EnAIP-Discover-Yourself-Kick-off-067.jpg\" class=\"attachment-full size-full wp-image-9792\" alt=\"\" srcset=\"https:\/\/dyproject.eu\/wp-content\/uploads\/2026\/02\/202526-EnAIP-Discover-Yourself-Kick-off-067.jpg 1100w, https:\/\/dyproject.eu\/wp-content\/uploads\/2026\/02\/202526-EnAIP-Discover-Yourself-Kick-off-067-300x200.jpg 300w, https:\/\/dyproject.eu\/wp-content\/uploads\/2026\/02\/202526-EnAIP-Discover-Yourself-Kick-off-067-1024x683.jpg 1024w, https:\/\/dyproject.eu\/wp-content\/uploads\/2026\/02\/202526-EnAIP-Discover-Yourself-Kick-off-067-768x512.jpg 768w\" sizes=\"(max-width: 1100px) 100vw, 1100px\" \/>\t\t\t\t\t\t\t\t\t\t\t\t\t\t\t<\/div>\n\t\t\t\t<\/div>\n\t\t<div class=\"elementor-element elementor-element-0a299d2 e-con-full e-flex e-con e-child\" data-id=\"0a299d2\" data-element_type=\"container\" data-e-type=\"container\" data-settings=\"{&quot;jet_parallax_layout_list&quot;:[]}\">\n\t\t\t\t<div class=\"elementor-element elementor-element-82a344f elementor-widget elementor-widget-heading\" data-id=\"82a344f\" data-element_type=\"widget\" data-e-type=\"widget\" data-settings=\"{&quot;ekit_we_effect_on&quot;:&quot;none&quot;}\" data-widget_type=\"heading.default\">\n\t\t\t\t<div class=\"elementor-widget-container\">\n\t\t\t\t\t<h2 class=\"elementor-heading-title elementor-size-default\">Conecta con nosotros<\/h2>\t\t\t\t<\/div>\n\t\t\t\t<\/div>\n\t\t\t\t<div class=\"elementor-element elementor-element-6ebb754 elementor-widget elementor-widget-text-editor\" data-id=\"6ebb754\" data-element_type=\"widget\" data-e-type=\"widget\" data-settings=\"{&quot;ekit_we_effect_on&quot;:&quot;none&quot;}\" data-widget_type=\"text-editor.default\">\n\t\t\t\t<div class=\"elementor-widget-container\">\n\t\t\t\t\t\t\t\t\t<p>Para informaci\u00f3n relativa al proyecto<br>y a las actividades internacionales:<\/p><p><strong>Barbara Dainelli<\/strong><br>Directora de Proyectos Internacionales y Desarrollo de Redes<\/p><p><a class=\"decorated-link cursor-pointer\" href=\"mailto:b.dainelli@enaip.fvg.it\" rel=\"noopener\" data-start=\"559\" data-end=\"582\">b.dainelli@enaip.fvg.it<\/a><\/p>\t\t\t\t\t\t\t\t<\/div>\n\t\t\t\t<\/div>\n\t\t\t\t<\/div>\n\t\t\t\t<\/div>\n\t\t<div class=\"elementor-element elementor-element-0ddf73e e-con-full e-flex e-con e-child\" data-id=\"0ddf73e\" data-element_type=\"container\" data-e-type=\"container\" data-settings=\"{&quot;background_background&quot;:&quot;classic&quot;,&quot;jet_parallax_layout_list&quot;:[]}\">\n\t\t<div class=\"elementor-element elementor-element-7725a70 e-con-full e-flex e-con e-child\" data-id=\"7725a70\" data-element_type=\"container\" data-e-type=\"container\" data-settings=\"{&quot;jet_parallax_layout_list&quot;:[]}\">\n\t\t\t\t<div class=\"elementor-element elementor-element-cb1c3f6 elementor-widget elementor-widget-text-editor\" data-id=\"cb1c3f6\" data-element_type=\"widget\" data-e-type=\"widget\" data-settings=\"{&quot;ekit_we_effect_on&quot;:&quot;none&quot;}\" data-widget_type=\"text-editor.default\">\n\t\t\t\t<div class=\"elementor-widget-container\">\n\t\t\t\t\t\t\t\t\t<p>LOS SOCIOS A<br>NUESTRO LADO<\/p>\t\t\t\t\t\t\t\t<\/div>\n\t\t\t\t<\/div>\n\t\t\t\t<div class=\"elementor-element elementor-element-0faa6d6 elementor-align-left elementor-tablet-align-center elementor-widget elementor-widget-button\" data-id=\"0faa6d6\" data-element_type=\"widget\" data-e-type=\"widget\" data-settings=\"{&quot;ekit_we_effect_on&quot;:&quot;none&quot;}\" data-widget_type=\"button.default\">\n\t\t\t\t<div class=\"elementor-widget-container\">\n\t\t\t\t\t\t\t\t\t<div class=\"elementor-button-wrapper\">\n\t\t\t\t\t<a class=\"elementor-button elementor-button-link elementor-size-sm\" href=\"https:\/\/dyproject.eu\/es\/socios\/\">\n\t\t\t\t\t\t<span class=\"elementor-button-content-wrapper\">\n\t\t\t\t\t\t\t\t\t<span class=\"elementor-button-text\">descubre m\u00e1s<\/span>\n\t\t\t\t\t<\/span>\n\t\t\t\t\t<\/a>\n\t\t\t\t<\/div>\n\t\t\t\t\t\t\t\t<\/div>\n\t\t\t\t<\/div>\n\t\t\t\t<\/div>\n\t\t<div class=\"elementor-element elementor-element-5970973 e-con-full e-flex e-con e-child\" data-id=\"5970973\" data-element_type=\"container\" data-e-type=\"container\" data-settings=\"{&quot;jet_parallax_layout_list&quot;:[]}\">\n\t\t\t\t<div class=\"elementor-element elementor-element-6177066 elementor-widget elementor-widget-text-editor\" data-id=\"6177066\" data-element_type=\"widget\" data-e-type=\"widget\" data-settings=\"{&quot;ekit_we_effect_on&quot;:&quot;none&quot;}\" data-widget_type=\"text-editor.default\">\n\t\t\t\t<div class=\"elementor-widget-container\">\n\t\t\t\t\t\t\t\t\t<p>Enaip &#8211; Ente Acli istruzione professionale Friuli Venezia Giulia &#8211; Trieste<\/p><p>Alma Mater Studiorum \u2013 Universit\u00e0 di Bologna<\/p><p>Asociaci\u00f3n Cultural Peromato<\/p><p>Berufliches Bildungs- und Rehabilitationszentrum \u00d6sterreich \u2013 BBRZ \u00d6<\/p><p>Institut za stru\u010dno usavr\u0161avanje mladih<\/p><p>Karpos Kentro Ekpaideytikon Draseon kai Diapolitismikhs Epikoinonias<\/p><p>Trim tab AB<\/p>\t\t\t\t\t\t\t\t<\/div>\n\t\t\t\t<\/div>\n\t\t\t\t<\/div>\n\t\t\t\t<\/div>\n\t\t\t\t\t<\/div>\n\t\t\t\t<\/div>\n\t\t\t\t<\/div>\n\t\t\t\t<\/div>\n\t\t","protected":false},"excerpt":{"rendered":"<p>Contacto Conecta con nosotros Para informaci\u00f3n relativa al proyectoy a las actividades internacionales: Barbara DainelliDirectora de Proyectos Internacionales y Desarrollo de Redes b.dainelli@enaip.fvg.it LOS SOCIOS ANUESTRO LADO descubre m\u00e1s Enaip &#8211; Ente Acli istruzione professionale Friuli Venezia Giulia &#8211; Trieste Alma Mater Studiorum \u2013 Universit\u00e0 di Bologna Asociaci\u00f3n Cultural Peromato Berufliches Bildungs- und Rehabilitationszentrum \u00d6sterreich [&hellip;]<\/p>\n","protected":false},"author":3,"featured_media":0,"parent":0,"menu_order":0,"comment_status":"closed","ping_status":"closed","template":"","meta":{"inline_featured_image":false,"footnotes":""},"class_list":["post-9793","page","type-page","status-publish","hentry"],"yoast_head":"<!-- This site is optimized with the Yoast SEO plugin v27.1.1 - https:\/\/yoast.com\/product\/yoast-seo-wordpress\/ -->\n<title>Contacto - Discover Yourself<\/title>\n<meta name=\"robots\" content=\"index, follow, max-snippet:-1, max-image-preview:large, max-video-preview:-1\" \/>\n<link rel=\"canonical\" href=\"https:\/\/dyproject.eu\/es\/contacto\/\" \/>\n<meta property=\"og:locale\" content=\"es_ES\" \/>\n<meta property=\"og:type\" content=\"article\" \/>\n<meta property=\"og:title\" content=\"Contacto - Discover Yourself\" \/>\n<meta property=\"og:description\" content=\"Contacto Conecta con nosotros Para informaci\u00f3n relativa al proyectoy a las actividades internacionales: Barbara DainelliDirectora de Proyectos Internacionales y Desarrollo de Redes b.dainelli@enaip.fvg.it LOS SOCIOS ANUESTRO LADO descubre m\u00e1s Enaip &#8211; Ente Acli istruzione professionale Friuli Venezia Giulia &#8211; Trieste Alma Mater Studiorum \u2013 Universit\u00e0 di Bologna Asociaci\u00f3n Cultural Peromato Berufliches Bildungs- und Rehabilitationszentrum \u00d6sterreich [&hellip;]\" \/>\n<meta property=\"og:url\" content=\"https:\/\/dyproject.eu\/es\/contacto\/\" \/>\n<meta property=\"og:site_name\" content=\"Discover Yourself\" \/>\n<meta property=\"article:modified_time\" content=\"2026-04-01T21:21:14+00:00\" \/>\n<meta property=\"og:image\" content=\"https:\/\/dyproject.eu\/wp-content\/uploads\/2026\/02\/202526-EnAIP-Discover-Yourself-Kick-off-067.jpg\" \/>\n\t<meta property=\"og:image:width\" content=\"1100\" \/>\n\t<meta property=\"og:image:height\" content=\"734\" \/>\n\t<meta property=\"og:image:type\" content=\"image\/jpeg\" \/>\n<meta name=\"twitter:card\" content=\"summary_large_image\" \/>\n<script type=\"application\/ld+json\" class=\"yoast-schema-graph\">{\"@context\":\"https:\/\/schema.org\",\"@graph\":[{\"@type\":\"WebPage\",\"@id\":\"https:\/\/dyproject.eu\/es\/contacto\/\",\"url\":\"https:\/\/dyproject.eu\/es\/contacto\/\",\"name\":\"Contacto - Discover Yourself\",\"isPartOf\":{\"@id\":\"https:\/\/dyproject.eu\/es\/#website\"},\"primaryImageOfPage\":{\"@id\":\"https:\/\/dyproject.eu\/es\/contacto\/#primaryimage\"},\"image\":{\"@id\":\"https:\/\/dyproject.eu\/es\/contacto\/#primaryimage\"},\"thumbnailUrl\":\"https:\/\/dyproject.eu\/wp-content\/uploads\/2026\/02\/202526-EnAIP-Discover-Yourself-Kick-off-067.jpg\",\"datePublished\":\"2025-12-03T10:40:25+00:00\",\"dateModified\":\"2026-04-01T21:21:14+00:00\",\"breadcrumb\":{\"@id\":\"https:\/\/dyproject.eu\/es\/contacto\/#breadcrumb\"},\"inLanguage\":\"es\",\"potentialAction\":[{\"@type\":\"ReadAction\",\"target\":[\"https:\/\/dyproject.eu\/es\/contacto\/\"]}]},{\"@type\":\"ImageObject\",\"inLanguage\":\"es\",\"@id\":\"https:\/\/dyproject.eu\/es\/contacto\/#primaryimage\",\"url\":\"https:\/\/dyproject.eu\/wp-content\/uploads\/2026\/02\/202526-EnAIP-Discover-Yourself-Kick-off-067.jpg\",\"contentUrl\":\"https:\/\/dyproject.eu\/wp-content\/uploads\/2026\/02\/202526-EnAIP-Discover-Yourself-Kick-off-067.jpg\"},{\"@type\":\"BreadcrumbList\",\"@id\":\"https:\/\/dyproject.eu\/es\/contacto\/#breadcrumb\",\"itemListElement\":[{\"@type\":\"ListItem\",\"position\":1,\"name\":\"Home\",\"item\":\"https:\/\/dyproject.eu\/es\/inicio\/\"},{\"@type\":\"ListItem\",\"position\":2,\"name\":\"Contacto\"}]},{\"@type\":\"WebSite\",\"@id\":\"https:\/\/dyproject.eu\/es\/#website\",\"url\":\"https:\/\/dyproject.eu\/es\/\",\"name\":\"Discover Yourself\",\"description\":\"Digital Storytelling as a choice of conscious creativity\",\"publisher\":{\"@id\":\"https:\/\/dyproject.eu\/es\/#organization\"},\"potentialAction\":[{\"@type\":\"SearchAction\",\"target\":{\"@type\":\"EntryPoint\",\"urlTemplate\":\"https:\/\/dyproject.eu\/es\/?s={search_term_string}\"},\"query-input\":{\"@type\":\"PropertyValueSpecification\",\"valueRequired\":true,\"valueName\":\"search_term_string\"}}],\"inLanguage\":\"es\"},{\"@type\":\"Organization\",\"@id\":\"https:\/\/dyproject.eu\/es\/#organization\",\"name\":\"Discover Yourself\",\"url\":\"https:\/\/dyproject.eu\/es\/\",\"logo\":{\"@type\":\"ImageObject\",\"inLanguage\":\"es\",\"@id\":\"https:\/\/dyproject.eu\/es\/#\/schema\/logo\/image\/\",\"url\":\"https:\/\/dyproject.eu\/wp-content\/uploads\/2024\/05\/DY_logo_v2.2.png\",\"contentUrl\":\"https:\/\/dyproject.eu\/wp-content\/uploads\/2024\/05\/DY_logo_v2.2.png\",\"width\":500,\"height\":166,\"caption\":\"Discover Yourself\"},\"image\":{\"@id\":\"https:\/\/dyproject.eu\/es\/#\/schema\/logo\/image\/\"}}]}<\/script>\n<!-- \/ Yoast SEO plugin. -->","yoast_head_json":{"title":"Contacto - Discover Yourself","robots":{"index":"index","follow":"follow","max-snippet":"max-snippet:-1","max-image-preview":"max-image-preview:large","max-video-preview":"max-video-preview:-1"},"canonical":"https:\/\/dyproject.eu\/es\/contacto\/","og_locale":"es_ES","og_type":"article","og_title":"Contacto - Discover Yourself","og_description":"Contacto Conecta con nosotros Para informaci\u00f3n relativa al proyectoy a las actividades internacionales: Barbara DainelliDirectora de Proyectos Internacionales y Desarrollo de Redes b.dainelli@enaip.fvg.it LOS SOCIOS ANUESTRO LADO descubre m\u00e1s Enaip &#8211; Ente Acli istruzione professionale Friuli Venezia Giulia &#8211; Trieste Alma Mater Studiorum \u2013 Universit\u00e0 di Bologna Asociaci\u00f3n Cultural Peromato Berufliches Bildungs- und Rehabilitationszentrum \u00d6sterreich [&hellip;]","og_url":"https:\/\/dyproject.eu\/es\/contacto\/","og_site_name":"Discover Yourself","article_modified_time":"2026-04-01T21:21:14+00:00","og_image":[{"width":1100,"height":734,"url":"https:\/\/dyproject.eu\/wp-content\/uploads\/2026\/02\/202526-EnAIP-Discover-Yourself-Kick-off-067.jpg","type":"image\/jpeg"}],"twitter_card":"summary_large_image","schema":{"@context":"https:\/\/schema.org","@graph":[{"@type":"WebPage","@id":"https:\/\/dyproject.eu\/es\/contacto\/","url":"https:\/\/dyproject.eu\/es\/contacto\/","name":"Contacto - Discover Yourself","isPartOf":{"@id":"https:\/\/dyproject.eu\/es\/#website"},"primaryImageOfPage":{"@id":"https:\/\/dyproject.eu\/es\/contacto\/#primaryimage"},"image":{"@id":"https:\/\/dyproject.eu\/es\/contacto\/#primaryimage"},"thumbnailUrl":"https:\/\/dyproject.eu\/wp-content\/uploads\/2026\/02\/202526-EnAIP-Discover-Yourself-Kick-off-067.jpg","datePublished":"2025-12-03T10:40:25+00:00","dateModified":"2026-04-01T21:21:14+00:00","breadcrumb":{"@id":"https:\/\/dyproject.eu\/es\/contacto\/#breadcrumb"},"inLanguage":"es","potentialAction":[{"@type":"ReadAction","target":["https:\/\/dyproject.eu\/es\/contacto\/"]}]},{"@type":"ImageObject","inLanguage":"es","@id":"https:\/\/dyproject.eu\/es\/contacto\/#primaryimage","url":"https:\/\/dyproject.eu\/wp-content\/uploads\/2026\/02\/202526-EnAIP-Discover-Yourself-Kick-off-067.jpg","contentUrl":"https:\/\/dyproject.eu\/wp-content\/uploads\/2026\/02\/202526-EnAIP-Discover-Yourself-Kick-off-067.jpg"},{"@type":"BreadcrumbList","@id":"https:\/\/dyproject.eu\/es\/contacto\/#breadcrumb","itemListElement":[{"@type":"ListItem","position":1,"name":"Home","item":"https:\/\/dyproject.eu\/es\/inicio\/"},{"@type":"ListItem","position":2,"name":"Contacto"}]},{"@type":"WebSite","@id":"https:\/\/dyproject.eu\/es\/#website","url":"https:\/\/dyproject.eu\/es\/","name":"Discover Yourself","description":"Digital Storytelling as a choice of conscious creativity","publisher":{"@id":"https:\/\/dyproject.eu\/es\/#organization"},"potentialAction":[{"@type":"SearchAction","target":{"@type":"EntryPoint","urlTemplate":"https:\/\/dyproject.eu\/es\/?s={search_term_string}"},"query-input":{"@type":"PropertyValueSpecification","valueRequired":true,"valueName":"search_term_string"}}],"inLanguage":"es"},{"@type":"Organization","@id":"https:\/\/dyproject.eu\/es\/#organization","name":"Discover Yourself","url":"https:\/\/dyproject.eu\/es\/","logo":{"@type":"ImageObject","inLanguage":"es","@id":"https:\/\/dyproject.eu\/es\/#\/schema\/logo\/image\/","url":"https:\/\/dyproject.eu\/wp-content\/uploads\/2024\/05\/DY_logo_v2.2.png","contentUrl":"https:\/\/dyproject.eu\/wp-content\/uploads\/2024\/05\/DY_logo_v2.2.png","width":500,"height":166,"caption":"Discover Yourself"},"image":{"@id":"https:\/\/dyproject.eu\/es\/#\/schema\/logo\/image\/"}}]}},"_links":{"self":[{"href":"https:\/\/dyproject.eu\/es\/wp-json\/wp\/v2\/pages\/9793","targetHints":{"allow":["GET"]}}],"collection":[{"href":"https:\/\/dyproject.eu\/es\/wp-json\/wp\/v2\/pages"}],"about":[{"href":"https:\/\/dyproject.eu\/es\/wp-json\/wp\/v2\/types\/page"}],"author":[{"embeddable":true,"href":"https:\/\/dyproject.eu\/es\/wp-json\/wp\/v2\/users\/3"}],"replies":[{"embeddable":true,"href":"https:\/\/dyproject.eu\/es\/wp-json\/wp\/v2\/comments?post=9793"}],"version-history":[{"count":3,"href":"https:\/\/dyproject.eu\/es\/wp-json\/wp\/v2\/pages\/9793\/revisions"}],"predecessor-version":[{"id":9997,"href":"https:\/\/dyproject.eu\/es\/wp-json\/wp\/v2\/pages\/9793\/revisions\/9997"}],"wp:attachment":[{"href":"https:\/\/dyproject.eu\/es\/wp-json\/wp\/v2\/media?parent=9793"}],"curies":[{"name":"wp","href":"https:\/\/api.w.org\/{rel}","templated":true}]}}