{"id":9886,"date":"2025-12-04T15:07:58","date_gmt":"2025-12-04T14:07:58","guid":{"rendered":"https:\/\/dyproject.eu\/politica-de-cookies\/"},"modified":"2026-03-15T20:01:22","modified_gmt":"2026-03-15T19:01:22","slug":"politica-de-cookies","status":"publish","type":"page","link":"https:\/\/dyproject.eu\/es\/politica-de-cookies\/","title":{"rendered":"Pol\u00edtica de cookies"},"content":{"rendered":"\t\t<div data-elementor-type=\"wp-page\" data-elementor-id=\"9886\" class=\"elementor elementor-9886 elementor-7441\" data-elementor-post-type=\"page\">\n\t\t\t\t<div class=\"elementor-element elementor-element-4c20ed7 e-con-full e-flex e-con e-parent\" data-id=\"4c20ed7\" data-element_type=\"container\" data-e-type=\"container\" data-settings=\"{&quot;jet_parallax_layout_list&quot;:[]}\">\n\t\t<div class=\"elementor-element elementor-element-8c5fecf e-flex e-con-boxed e-con e-child\" data-id=\"8c5fecf\" data-element_type=\"container\" data-e-type=\"container\" data-settings=\"{&quot;jet_parallax_layout_list&quot;:[]}\">\n\t\t\t\t\t<div class=\"e-con-inner\">\n\t\t\t\t<div class=\"elementor-element elementor-element-328a431 elementor-widget elementor-widget-heading\" data-id=\"328a431\" data-element_type=\"widget\" data-e-type=\"widget\" data-settings=\"{&quot;ekit_we_effect_on&quot;:&quot;none&quot;}\" data-widget_type=\"heading.default\">\n\t\t\t\t<div class=\"elementor-widget-container\">\n\t\t\t\t\t<h2 class=\"elementor-heading-title elementor-size-default\">Pol\u00edtica de cookies<\/h2>\t\t\t\t<\/div>\n\t\t\t\t<\/div>\n\t\t\t\t<div class=\"elementor-element elementor-element-27494c9 elementor-widget elementor-widget-text-editor\" data-id=\"27494c9\" data-element_type=\"widget\" data-e-type=\"widget\" data-settings=\"{&quot;ekit_we_effect_on&quot;:&quot;none&quot;}\" data-widget_type=\"text-editor.default\">\n\t\t\t\t<div class=\"elementor-widget-container\">\n\t\t\t\t\t\t\t\t\t<section data-markdown-raw=\"  Questa informativa integra l\u2019Informativa privacy del sito e descrive l\u2019uso dei cookie da parte di ENAIP Friuli Venezia Giulia (ENAIP FVG). Per chi \u00e8 ENAIP FVG, il titolare del trattamento e i diritti degli interessati si rimanda a tale documento.\" data-section-index=\"9\">\u00daltima actualizaci\u00f3n: 6 de febrero de 2026<\/section><section data-markdown-raw=\"  Questa informativa integra l\u2019Informativa privacy del sito e descrive l\u2019uso dei cookie da parte di ENAIP Friuli Venezia Giulia (ENAIP FVG). Per chi \u00e8 ENAIP FVG, il titolare del trattamento e i diritti degli interessati si rimanda a tale documento.\" data-section-index=\"9\"><\/section><section id=\"markdown-section-b5a60259-0850-43ae-a4ce-bffe787c3fe4-9\" class=\"markdown-section chat-fade-in\" data-markdown-raw=\"  Questa informativa integra l\u2019Informativa privacy del sito e descrive l\u2019uso dei cookie da parte di ENAIP Friuli Venezia Giulia (ENAIP FVG). Per chi \u00e8 ENAIP FVG, il titolare del trattamento e i diritti degli interessati si rimanda a tale documento.\" data-section-index=\"9\"><\/section><section id=\"markdown-section-b5a60259-0850-43ae-a4ce-bffe787c3fe4-9\" class=\"markdown-section chat-fade-in\" data-markdown-raw=\"  Questa informativa integra l\u2019Informativa privacy del sito e descrive l\u2019uso dei cookie da parte di ENAIP Friuli Venezia Giulia (ENAIP FVG). Per chi \u00e8 ENAIP FVG, il titolare del trattamento e i diritti degli interessati si rimanda a tale documento.\" data-section-index=\"9\"><\/section><section id=\"markdown-section-b5a60259-0850-43ae-a4ce-bffe787c3fe4-9\" class=\"markdown-section chat-fade-in\" data-markdown-raw=\"  Questa informativa integra l\u2019Informativa privacy del sito e descrive l\u2019uso dei cookie da parte di ENAIP Friuli Venezia Giulia (ENAIP FVG). Per chi \u00e8 ENAIP FVG, il titolare del trattamento e i diritti degli interessati si rimanda a tale documento.\" data-section-index=\"9\">Esta informaci\u00f3n integra la Pol\u00edtica de privacidad del sitio y describe el uso de cookies por parte de ENAIP Friuli Venezia Giulia (ENAIP FVG). Para saber qui\u00e9n es ENAIP FVG, el responsable del tratamiento y los derechos de los interesados, se remite a dicho documento. <\/section><section id=\"markdown-section-b5a60259-0850-43ae-a4ce-bffe787c3fe4-12\" class=\"markdown-section chat-fade-in\" data-markdown-raw=\"  **COSA SONO I COOKIE**\" data-section-index=\"12\"><span class=\"markdown-bold-text\"> <\/span><\/section><section id=\"markdown-section-b5a60259-0850-43ae-a4ce-bffe787c3fe4-12\" class=\"markdown-section chat-fade-in\" data-markdown-raw=\" **COSA SONO I COOKIE**\" data-section-index=\"12\"><strong><span class=\"markdown-bold-text\">QU\u00c9 SON LAS COOKIES<\/span><\/strong><\/section><section id=\"markdown-section-b5a60259-0850-43ae-a4ce-bffe787c3fe4-14\" class=\"markdown-section chat-fade-in\" data-markdown-raw=\" I cookie sono piccoli file di testo che i siti possono memorizzare sul dispositivo (computer, tablet, smartphone) quando li si visita. Servono a far funzionare il sito, a ricordare preferenze o, in altri contesti, a tracciare la navigazione per finalit\u00e0 di profilazione o pubblicit\u00e0.\" data-section-index=\"14\">Las cookies son peque\u00f1os archivos de texto que los sitios pueden almacenar en tu dispositivo (ordenador, tablet, smartphone) cuando los visitas. Sirven para que el sitio funcione, para recordar preferencias o, en otros contextos, para rastrear la navegaci\u00f3n con fines de elaboraci\u00f3n de perfiles o publicidad.<\/section><section id=\"markdown-section-b5a60259-0850-43ae-a4ce-bffe787c3fe4-17\" class=\"markdown-section chat-fade-in\" data-markdown-raw=\"  **USO DEI COOKIE SU QUESTO SITO**\" data-section-index=\"17\"><span class=\"markdown-bold-text\"> <\/span><\/section><section id=\"markdown-section-b5a60259-0850-43ae-a4ce-bffe787c3fe4-17\" class=\"markdown-section chat-fade-in\" data-markdown-raw=\" **USO DEI COOKIE SU QUESTO SITO**\" data-section-index=\"17\"><strong><span class=\"markdown-bold-text\">USO DE COOKIES EN ESTE SITIO<\/span><\/strong><\/section><section id=\"markdown-section-b5a60259-0850-43ae-a4ce-bffe787c3fe4-19\" class=\"markdown-section chat-fade-in\" data-markdown-raw=\" Questo sito non utilizza cookie di profilazione n\u00e9 cookie di tracciamento.\" data-section-index=\"19\">Este sitio no utiliza cookies de elaboraci\u00f3n de perfiles ni cookies de seguimiento.<\/section><section id=\"markdown-section-b5a60259-0850-43ae-a4ce-bffe787c3fe4-21\" class=\"markdown-section chat-fade-in\" data-markdown-raw=\"  Non vengono impiegati cookie o tecnologie analoghe per: \u2013 profilare gli utenti; \u2013 tracciare il comportamento di navigazione a scopo pubblicitario o di analisi del profilo; \u2013 inviare pubblicit\u00e0 mirata in base agli interessi.\" data-section-index=\"21\">No se emplean cookies ni tecnolog\u00edas similares para:<ul class=\"nested\"><li class=\"nested\" data-indent=\"2\">elaborar perfiles de los usuarios;<\/li><\/ul><ul class=\"nested\"><li class=\"nested\" data-indent=\"2\">rastrear el comportamiento de navegaci\u00f3n con fines publicitarios o de an\u00e1lisis del perfil;<\/li><\/ul><ul class=\"nested\"><li class=\"nested\" data-indent=\"2\">enviar publicidad dirigida basada en los intereses.<\/li><\/ul><\/section><section id=\"markdown-section-b5a60259-0850-43ae-a4ce-bffe787c3fe4-23\" class=\"markdown-section chat-fade-in\" data-markdown-raw=\"  Possono essere utilizzati solo cookie tecnici strettamente necessari al funzionamento del sito, ad esempio: \u2013 cookie di sessione (per mantenere la sessione durante la navigazione); \u2013 cookie che memorizzano preferenze essenziali (es. lingua, accessibilit\u00e0).\" data-section-index=\"23\">Solo se pueden utilizar cookies t\u00e9cnicas estrictamente necesarias para el funcionamiento del sitio, por ejemplo:<ul class=\"nested\"><li class=\"nested\" data-indent=\"2\">cookies de sesi\u00f3n (para mantener la sesi\u00f3n durante la navegaci\u00f3n);<\/li><\/ul><ul class=\"nested\"><li class=\"nested\" data-indent=\"2\">cookies que almacenan preferencias esenciales (p. ej., idioma, accesibilidad).<\/li><\/ul><\/section><section id=\"markdown-section-b5a60259-0850-43ae-a4ce-bffe787c3fe4-25\" class=\"markdown-section chat-fade-in\" data-markdown-raw=\"  Per i cookie tecnici non \u00e8 richiesto il consenso ai sensi della normativa applicabile (Regolamento (UE) 2016\/679 \u2013 GDPR \u2013 e Provvedimento del Garante privacy dell\u20198 maggio 2014 e linee guida in materia di cookie).\" data-section-index=\"25\"><\/section><section id=\"markdown-section-b5a60259-0850-43ae-a4ce-bffe787c3fe4-25\" class=\"markdown-section chat-fade-in\" data-markdown-raw=\"  Per i cookie tecnici non \u00e8 richiesto il consenso ai sensi della normativa applicabile (Regolamento (UE) 2016\/679 \u2013 GDPR \u2013 e Provvedimento del Garante privacy dell\u20198 maggio 2014 e linee guida in materia di cookie).\" data-section-index=\"25\">Para las cookies t\u00e9cnicas no se requiere el consentimiento seg\u00fan la normativa aplicable (Reglamento (UE) 2016\/679 \u2013 RGPD \u2013 y la Disposici\u00f3n del Garante de privacidad del 8 de mayo de 2014 y las directrices en materia de cookies).<\/section><section id=\"markdown-section-b5a60259-0850-43ae-a4ce-bffe787c3fe4-33\" class=\"markdown-section chat-fade-in\" data-markdown-raw=\"  Cookie di tracciamento No \u2013\" data-section-index=\"33\"><\/section><section id=\"markdown-section-b5a60259-0850-43ae-a4ce-bffe787c3fe4-36\" class=\"markdown-section chat-fade-in\" data-markdown-raw=\"  **TITOLARE, BASE GIURIDICA E DIRITTI**\" data-section-index=\"36\"><strong><span class=\"markdown-bold-text\"> <\/span><\/strong><\/section><section id=\"markdown-section-b5a60259-0850-43ae-a4ce-bffe787c3fe4-36\" class=\"markdown-section chat-fade-in\" data-markdown-raw=\" **TITOLARE, BASE GIURIDICA E DIRITTI**\" data-section-index=\"36\"><strong><span class=\"markdown-bold-text\">RESPONSABLE, BASE JUR\u00cdDICA Y DERECHOS<\/span><\/strong><\/section><section id=\"markdown-section-b5a60259-0850-43ae-a4ce-bffe787c3fe4-38\" class=\"markdown-section chat-fade-in\" data-markdown-raw=\" Il titolare del trattamento \u00e8 ENAIP Friuli Venezia Giulia \u2013 Impresa Sociale (indirizzo, PEC e riferimenti nell\u2019Informativa privacy).\" data-section-index=\"38\">El responsable del tratamiento es ENAIP Friuli Venezia Giulia \u2013 Impresa Sociale (direcci\u00f3n, PEC y referencias en la Pol\u00edtica de privacidad).<\/section><section id=\"markdown-section-b5a60259-0850-43ae-a4ce-bffe787c3fe4-40\" class=\"markdown-section chat-fade-in\" data-markdown-raw=\" Il trattamento dei dati eventualmente raccolti tramite cookie tecnici si basa su legittimo interesse (art. 6, par. 1, lett. f) GDPR) e\/o obblighi di legge, per finalit\u00e0 di sicurezza e gestione tecnica del sito. Non viene effettuato alcun trattamento per finalit\u00e0 di profilazione o marketing.\" data-section-index=\"40\">El tratamiento de los datos que puedan recogerse a trav\u00e9s de cookies t\u00e9cnicas se basa en el inter\u00e9s leg\u00edtimo (art. 6, apdo. 1, letra f) del RGPD) y\/u obligaciones legales, con fines de seguridad y gesti\u00f3n t\u00e9cnica del sitio. No se realiza ning\u00fan tratamiento con fines de elaboraci\u00f3n de perfiles o marketing.<\/section><section id=\"markdown-section-b5a60259-0850-43ae-a4ce-bffe787c3fe4-42\" class=\"markdown-section chat-fade-in\" data-markdown-raw=\" Diritti dell\u2019interessato (accesso, rettifica, cancellazione, limitazione, portabilit\u00e0, opposizione, revoca del consenso, reclamo al Garante), modalit\u00e0 di esercizio e tempi di risposta sono descritti nell\u2019Informativa privacy, alla quale si rimanda.\" data-section-index=\"42\">Los derechos del interesado (acceso, rectificaci\u00f3n, supresi\u00f3n, limitaci\u00f3n, portabilidad, oposici\u00f3n, revocaci\u00f3n del consentimiento, reclamaci\u00f3n ante el Garante), las modalidades de ejercicio y los tiempos de respuesta se describen en la Pol\u00edtica de privacidad, a la que se remite.<\/section><section data-markdown-raw=\"  **GESTIONE E DISATTIVAZIONE DEI COOKIE**\" data-section-index=\"45\"><\/section><section id=\"markdown-section-b5a60259-0850-43ae-a4ce-bffe787c3fe4-45\" class=\"markdown-section chat-fade-in\" data-markdown-raw=\"  **GESTIONE E DISATTIVAZIONE DEI COOKIE**\" data-section-index=\"45\"><strong><span class=\"markdown-bold-text\"> <\/span><\/strong><\/section><section id=\"markdown-section-b5a60259-0850-43ae-a4ce-bffe787c3fe4-45\" class=\"markdown-section chat-fade-in\" data-markdown-raw=\" **GESTIONE E DISATTIVAZIONE DEI COOKIE**\" data-section-index=\"45\"><strong><span class=\"markdown-bold-text\">GESTI\u00d3N Y DESACTIVACI\u00d3N DE LAS COOKIES<\/span><\/strong><\/section><section id=\"markdown-section-b5a60259-0850-43ae-a4ce-bffe787c3fe4-47\" class=\"markdown-section chat-fade-in\" data-markdown-raw=\" \u00c8 possibile gestire o disattivare i cookie dalle impostazioni del proprio browser. Le istruzioni si trovano di solito nella sezione \u201cPrivacy\u201d, \u201cCookie\u201d o \u201cImpostazioni\u201d del browser. La disattivazione di cookie tecnici pu\u00f2 limitare alcune funzionalit\u00e0 del sito.\" data-section-index=\"47\">Puedes gestionar o desactivar las cookies desde la configuraci\u00f3n de tu navegador. Las instrucciones se encuentran habitualmente en la secci\u00f3n \u201cPrivacidad\u201d, \u201cCookies\u201d o \u201cConfiguraci\u00f3n\u201d del navegador. La desactivaci\u00f3n de cookies t\u00e9cnicas puede limitar algunas funcionalidades del sitio.<\/section><section id=\"markdown-section-b5a60259-0850-43ae-a4ce-bffe787c3fe4-49\" class=\"markdown-section chat-fade-in\" data-markdown-raw=\"  Link alle guide dei browser pi\u00f9 comuni: \u2013 Chrome: https:\/\/support.google.com\/chrome\/answer\/95647 \u2013 Firefox: https:\/\/support.mozilla.org\/it\/kb\/Eliminare%20i%20cookie \u2013 Safari: https:\/\/support.apple.com\/it-it\/guide\/safari\/sfri11471\/mac \u2013 Edge: https:\/\/support.microsoft.com\/it-it\/microsoft-edge\/eliminare-i-cookie-in-microsoft-edge-63947406-40ac-c3b8-57b9-2a946a29ae09\" data-section-index=\"49\">Enlaces a las gu\u00edas de los navegadores m\u00e1s comunes:<ul class=\"nested\"><li class=\"nested\" data-indent=\"2\">Chrome: https:\/\/support.google.com\/chrome\/answer\/95647<\/li><\/ul><ul class=\"nested\"><li class=\"nested\" data-indent=\"2\">Firefox: https:\/\/support.mozilla.org\/es\/kb\/habilitar-y-deshabilitar-cookies-sitios-web-rastrear-preferencias<\/li><\/ul><ul class=\"nested\"><li class=\"nested\" data-indent=\"2\">Safari: https:\/\/support.apple.com\/es-es\/guide\/safari\/sfri11471\/mac<\/li><\/ul><ul class=\"nested\"><li class=\"nested\" data-indent=\"2\">Edge: https:\/\/support.microsoft.com\/es-es\/microsoft-edge\/eliminar-las-cookies-en-microsoft-edge-63947406-40ac-c3b8-57b9-2a946a29ae09<\/li><\/ul><\/section><section id=\"markdown-section-b5a60259-0850-43ae-a4ce-bffe787c3fe4-52\" class=\"markdown-section chat-fade-in\" data-markdown-raw=\"  **CONSERVAZIONE**\" data-section-index=\"52\"><strong><span class=\"markdown-bold-text\"> <\/span><\/strong><\/section><section id=\"markdown-section-b5a60259-0850-43ae-a4ce-bffe787c3fe4-52\" class=\"markdown-section chat-fade-in\" data-markdown-raw=\" **CONSERVAZIONE**\" data-section-index=\"52\"><strong><span class=\"markdown-bold-text\">CONSERVACI\u00d3N<\/span><\/strong><\/section><section id=\"markdown-section-b5a60259-0850-43ae-a4ce-bffe787c3fe4-54\" class=\"markdown-section chat-fade-in\" data-markdown-raw=\" I dati eventualmente associati a cookie tecnici sono conservati per il tempo strettamente necessario (es. durata della sessione o periodo indicato per il singolo cookie) come specificato nell\u2019Informativa privacy.\" data-section-index=\"54\">Los datos eventualmente asociados a cookies t\u00e9cnicas se conservan durante el tiempo estrictamente necesario (p. ej., duraci\u00f3n de la sesi\u00f3n o periodo indicado para cada cookie) seg\u00fan se especifica en la Pol\u00edtica de privacidad.<\/section><section id=\"markdown-section-b5a60259-0850-43ae-a4ce-bffe787c3fe4-54\" class=\"markdown-section chat-fade-in\" data-markdown-raw=\"  I dati eventualmente associati a cookie tecnici sono conservati per il tempo strettamente necessario (es. durata della sessione o periodo indicato per il singolo cookie) come specificato nell\u2019Informativa privacy.\" data-section-index=\"54\"><\/section><section data-markdown-raw=\"  **MODIFICHE**\" data-section-index=\"57\"><\/section><section id=\"markdown-section-b5a60259-0850-43ae-a4ce-bffe787c3fe4-57\" class=\"markdown-section chat-fade-in\" data-markdown-raw=\"  **MODIFICHE**\" data-section-index=\"57\"><strong><span class=\"markdown-bold-text\">MODIFICACIONES<\/span><\/strong><\/section><section id=\"markdown-section-b5a60259-0850-43ae-a4ce-bffe787c3fe4-59\" class=\"markdown-section chat-fade-in\" data-markdown-raw=\"  Questa informativa cookie pu\u00f2 essere aggiornata. La data di \u201cUltimo aggiornamento\u201d in testa al documento indica l\u2019ultima revisione. Si invita a consultarla periodicamente insieme all\u2019Informativa privacy.\" data-section-index=\"59\">Esta pol\u00edtica de cookies puede actualizarse. La fecha de \u201c\u00daltima actualizaci\u00f3n\u201d al principio del documento indica la \u00faltima revisi\u00f3n. Te invitamos a consultarla peri\u00f3dicamente junto con la Pol\u00edtica de privacidad.  <\/section><section id=\"markdown-section-b5a60259-0850-43ae-a4ce-bffe787c3fe4-62\" class=\"markdown-section chat-fade-in\" data-markdown-raw=\"  Informativa redatta in conformit\u00e0 al Regolamento (UE) 2016\/679 (GDPR), al D.Lgs. 196\/2003 (Codice privacy) e successive modifiche e al Provvedimento del Garante per la protezione dei dati personali dell\u20198 maggio 2014 in materia di cookie.\" data-section-index=\"62\">Informaci\u00f3n redactada de conformidad con el Reglamento (UE) 2016\/679 (RGPD), el D.Lgs. 196\/2003 (C\u00f3digo de privacidad) y sus sucesivas modificaciones, y la Disposici\u00f3n del Garante para la protecci\u00f3n de datos personales del 8 de mayo de 2014 en materia de cookies. <\/section><p><\/p>\t\t\t\t\t\t\t\t<\/div>\n\t\t\t\t<\/div>\n\t\t\t\t\t<\/div>\n\t\t\t\t<\/div>\n\t\t\t\t<\/div>\n\t\t\t\t<\/div>\n\t\t","protected":false},"excerpt":{"rendered":"<p>Pol\u00edtica de cookies \u00daltima actualizaci\u00f3n: 6 de febrero de 2026 Esta informaci\u00f3n integra la Pol\u00edtica de privacidad del sitio y describe el uso de cookies por parte de ENAIP Friuli Venezia Giulia (ENAIP FVG). Para saber qui\u00e9n es ENAIP FVG, el responsable del tratamiento y los derechos de los interesados, se remite a dicho documento. [&hellip;]<\/p>\n","protected":false},"author":3,"featured_media":0,"parent":0,"menu_order":0,"comment_status":"closed","ping_status":"closed","template":"","meta":{"inline_featured_image":false,"footnotes":""},"class_list":["post-9886","page","type-page","status-publish","hentry"],"yoast_head":"<!-- This site is optimized with the Yoast SEO plugin v27.1.1 - https:\/\/yoast.com\/product\/yoast-seo-wordpress\/ -->\n<title>Pol\u00edtica de cookies - Discover Yourself<\/title>\n<meta name=\"robots\" content=\"index, follow, max-snippet:-1, max-image-preview:large, max-video-preview:-1\" \/>\n<link rel=\"canonical\" href=\"https:\/\/dyproject.eu\/es\/politica-de-cookies\/\" \/>\n<meta property=\"og:locale\" content=\"es_ES\" \/>\n<meta property=\"og:type\" content=\"article\" \/>\n<meta property=\"og:title\" content=\"Pol\u00edtica de cookies - Discover Yourself\" \/>\n<meta property=\"og:description\" content=\"Pol\u00edtica de cookies \u00daltima actualizaci\u00f3n: 6 de febrero de 2026 Esta informaci\u00f3n integra la Pol\u00edtica de privacidad del sitio y describe el uso de cookies por parte de ENAIP Friuli Venezia Giulia (ENAIP FVG). Para saber qui\u00e9n es ENAIP FVG, el responsable del tratamiento y los derechos de los interesados, se remite a dicho documento. [&hellip;]\" \/>\n<meta property=\"og:url\" content=\"https:\/\/dyproject.eu\/es\/politica-de-cookies\/\" \/>\n<meta property=\"og:site_name\" content=\"Discover Yourself\" \/>\n<meta property=\"article:modified_time\" content=\"2026-03-15T19:01:22+00:00\" \/>\n<meta name=\"twitter:card\" content=\"summary_large_image\" \/>\n<meta name=\"twitter:label1\" content=\"Tiempo de lectura\" \/>\n\t<meta name=\"twitter:data1\" content=\"3 minutos\" \/>\n<script type=\"application\/ld+json\" class=\"yoast-schema-graph\">{\"@context\":\"https:\/\/schema.org\",\"@graph\":[{\"@type\":\"WebPage\",\"@id\":\"https:\/\/dyproject.eu\/es\/politica-de-cookies\/\",\"url\":\"https:\/\/dyproject.eu\/es\/politica-de-cookies\/\",\"name\":\"Pol\u00edtica de cookies - Discover Yourself\",\"isPartOf\":{\"@id\":\"https:\/\/dyproject.eu\/es\/#website\"},\"datePublished\":\"2025-12-04T14:07:58+00:00\",\"dateModified\":\"2026-03-15T19:01:22+00:00\",\"breadcrumb\":{\"@id\":\"https:\/\/dyproject.eu\/es\/politica-de-cookies\/#breadcrumb\"},\"inLanguage\":\"es\",\"potentialAction\":[{\"@type\":\"ReadAction\",\"target\":[\"https:\/\/dyproject.eu\/es\/politica-de-cookies\/\"]}]},{\"@type\":\"BreadcrumbList\",\"@id\":\"https:\/\/dyproject.eu\/es\/politica-de-cookies\/#breadcrumb\",\"itemListElement\":[{\"@type\":\"ListItem\",\"position\":1,\"name\":\"Home\",\"item\":\"https:\/\/dyproject.eu\/es\/inicio\/\"},{\"@type\":\"ListItem\",\"position\":2,\"name\":\"Pol\u00edtica de cookies\"}]},{\"@type\":\"WebSite\",\"@id\":\"https:\/\/dyproject.eu\/es\/#website\",\"url\":\"https:\/\/dyproject.eu\/es\/\",\"name\":\"Discover Yourself\",\"description\":\"Digital Storytelling as a choice of conscious creativity\",\"publisher\":{\"@id\":\"https:\/\/dyproject.eu\/es\/#organization\"},\"potentialAction\":[{\"@type\":\"SearchAction\",\"target\":{\"@type\":\"EntryPoint\",\"urlTemplate\":\"https:\/\/dyproject.eu\/es\/?s={search_term_string}\"},\"query-input\":{\"@type\":\"PropertyValueSpecification\",\"valueRequired\":true,\"valueName\":\"search_term_string\"}}],\"inLanguage\":\"es\"},{\"@type\":\"Organization\",\"@id\":\"https:\/\/dyproject.eu\/es\/#organization\",\"name\":\"Discover Yourself\",\"url\":\"https:\/\/dyproject.eu\/es\/\",\"logo\":{\"@type\":\"ImageObject\",\"inLanguage\":\"es\",\"@id\":\"https:\/\/dyproject.eu\/es\/#\/schema\/logo\/image\/\",\"url\":\"https:\/\/dyproject.eu\/wp-content\/uploads\/2024\/05\/DY_logo_v2.2.png\",\"contentUrl\":\"https:\/\/dyproject.eu\/wp-content\/uploads\/2024\/05\/DY_logo_v2.2.png\",\"width\":500,\"height\":166,\"caption\":\"Discover Yourself\"},\"image\":{\"@id\":\"https:\/\/dyproject.eu\/es\/#\/schema\/logo\/image\/\"}}]}<\/script>\n<!-- \/ Yoast SEO plugin. -->","yoast_head_json":{"title":"Pol\u00edtica de cookies - Discover Yourself","robots":{"index":"index","follow":"follow","max-snippet":"max-snippet:-1","max-image-preview":"max-image-preview:large","max-video-preview":"max-video-preview:-1"},"canonical":"https:\/\/dyproject.eu\/es\/politica-de-cookies\/","og_locale":"es_ES","og_type":"article","og_title":"Pol\u00edtica de cookies - Discover Yourself","og_description":"Pol\u00edtica de cookies \u00daltima actualizaci\u00f3n: 6 de febrero de 2026 Esta informaci\u00f3n integra la Pol\u00edtica de privacidad del sitio y describe el uso de cookies por parte de ENAIP Friuli Venezia Giulia (ENAIP FVG). Para saber qui\u00e9n es ENAIP FVG, el responsable del tratamiento y los derechos de los interesados, se remite a dicho documento. [&hellip;]","og_url":"https:\/\/dyproject.eu\/es\/politica-de-cookies\/","og_site_name":"Discover Yourself","article_modified_time":"2026-03-15T19:01:22+00:00","twitter_card":"summary_large_image","twitter_misc":{"Tiempo de lectura":"3 minutos"},"schema":{"@context":"https:\/\/schema.org","@graph":[{"@type":"WebPage","@id":"https:\/\/dyproject.eu\/es\/politica-de-cookies\/","url":"https:\/\/dyproject.eu\/es\/politica-de-cookies\/","name":"Pol\u00edtica de cookies - Discover Yourself","isPartOf":{"@id":"https:\/\/dyproject.eu\/es\/#website"},"datePublished":"2025-12-04T14:07:58+00:00","dateModified":"2026-03-15T19:01:22+00:00","breadcrumb":{"@id":"https:\/\/dyproject.eu\/es\/politica-de-cookies\/#breadcrumb"},"inLanguage":"es","potentialAction":[{"@type":"ReadAction","target":["https:\/\/dyproject.eu\/es\/politica-de-cookies\/"]}]},{"@type":"BreadcrumbList","@id":"https:\/\/dyproject.eu\/es\/politica-de-cookies\/#breadcrumb","itemListElement":[{"@type":"ListItem","position":1,"name":"Home","item":"https:\/\/dyproject.eu\/es\/inicio\/"},{"@type":"ListItem","position":2,"name":"Pol\u00edtica de cookies"}]},{"@type":"WebSite","@id":"https:\/\/dyproject.eu\/es\/#website","url":"https:\/\/dyproject.eu\/es\/","name":"Discover Yourself","description":"Digital Storytelling as a choice of conscious creativity","publisher":{"@id":"https:\/\/dyproject.eu\/es\/#organization"},"potentialAction":[{"@type":"SearchAction","target":{"@type":"EntryPoint","urlTemplate":"https:\/\/dyproject.eu\/es\/?s={search_term_string}"},"query-input":{"@type":"PropertyValueSpecification","valueRequired":true,"valueName":"search_term_string"}}],"inLanguage":"es"},{"@type":"Organization","@id":"https:\/\/dyproject.eu\/es\/#organization","name":"Discover Yourself","url":"https:\/\/dyproject.eu\/es\/","logo":{"@type":"ImageObject","inLanguage":"es","@id":"https:\/\/dyproject.eu\/es\/#\/schema\/logo\/image\/","url":"https:\/\/dyproject.eu\/wp-content\/uploads\/2024\/05\/DY_logo_v2.2.png","contentUrl":"https:\/\/dyproject.eu\/wp-content\/uploads\/2024\/05\/DY_logo_v2.2.png","width":500,"height":166,"caption":"Discover Yourself"},"image":{"@id":"https:\/\/dyproject.eu\/es\/#\/schema\/logo\/image\/"}}]}},"_links":{"self":[{"href":"https:\/\/dyproject.eu\/es\/wp-json\/wp\/v2\/pages\/9886","targetHints":{"allow":["GET"]}}],"collection":[{"href":"https:\/\/dyproject.eu\/es\/wp-json\/wp\/v2\/pages"}],"about":[{"href":"https:\/\/dyproject.eu\/es\/wp-json\/wp\/v2\/types\/page"}],"author":[{"embeddable":true,"href":"https:\/\/dyproject.eu\/es\/wp-json\/wp\/v2\/users\/3"}],"replies":[{"embeddable":true,"href":"https:\/\/dyproject.eu\/es\/wp-json\/wp\/v2\/comments?post=9886"}],"version-history":[{"count":1,"href":"https:\/\/dyproject.eu\/es\/wp-json\/wp\/v2\/pages\/9886\/revisions"}],"predecessor-version":[{"id":9887,"href":"https:\/\/dyproject.eu\/es\/wp-json\/wp\/v2\/pages\/9886\/revisions\/9887"}],"wp:attachment":[{"href":"https:\/\/dyproject.eu\/es\/wp-json\/wp\/v2\/media?parent=9886"}],"curies":[{"name":"wp","href":"https:\/\/api.w.org\/{rel}","templated":true}]}}