{"id":9820,"date":"2026-02-17T14:23:55","date_gmt":"2026-02-17T13:23:55","guid":{"rendered":"https:\/\/dyproject.eu\/partneri\/"},"modified":"2026-03-15T19:51:05","modified_gmt":"2026-03-15T18:51:05","slug":"partneri","status":"publish","type":"page","link":"https:\/\/dyproject.eu\/hr\/partneri\/","title":{"rendered":"Partneri"},"content":{"rendered":"\t\t<div data-elementor-type=\"wp-page\" data-elementor-id=\"9820\" class=\"elementor elementor-9820 elementor-9029\" data-elementor-post-type=\"page\">\n\t\t\t\t<div class=\"elementor-element elementor-element-f167e56 e-flex e-con-boxed e-con e-parent\" data-id=\"f167e56\" data-element_type=\"container\" data-e-type=\"container\" data-settings=\"{&quot;background_background&quot;:&quot;classic&quot;,&quot;jet_parallax_layout_list&quot;:[]}\">\n\t\t\t\t\t<div class=\"e-con-inner\">\n\t\t<div class=\"elementor-element elementor-element-a9a1274 e-flex e-con-boxed e-con e-child\" data-id=\"a9a1274\" data-element_type=\"container\" data-e-type=\"container\" data-settings=\"{&quot;jet_parallax_layout_list&quot;:[]}\">\n\t\t\t\t\t<div class=\"e-con-inner\">\n\t\t\t\t<div class=\"elementor-element elementor-element-ae7cb7e elementor-widget elementor-widget-heading\" data-id=\"ae7cb7e\" data-element_type=\"widget\" data-e-type=\"widget\" data-settings=\"{&quot;ekit_we_effect_on&quot;:&quot;none&quot;}\" data-widget_type=\"heading.default\">\n\t\t\t\t<div class=\"elementor-widget-container\">\n\t\t\t\t\t<h1 class=\"elementor-heading-title elementor-size-default\">Partneri<\/h1>\t\t\t\t<\/div>\n\t\t\t\t<\/div>\n\t\t\t\t<div class=\"elementor-element elementor-element-a52ee14 elementor-widget__width-initial elementor-widget elementor-widget-text-editor\" data-id=\"a52ee14\" data-element_type=\"widget\" data-e-type=\"widget\" data-settings=\"{&quot;ekit_we_effect_on&quot;:&quot;none&quot;}\" data-widget_type=\"text-editor.default\">\n\t\t\t\t<div class=\"elementor-widget-container\">\n\t\t\t\t\t\t\t\t\t<p>Zajedno za ja\u010danje vje\u0161tina,<br>svijesti i inkluzije<\/p>\t\t\t\t\t\t\t\t<\/div>\n\t\t\t\t<\/div>\n\t\t\t\t\t<\/div>\n\t\t\t\t<\/div>\n\t\t\t\t\t<\/div>\n\t\t\t\t<\/div>\n\t\t<div class=\"elementor-element elementor-element-4b17368 e-con-full e-flex e-con e-parent\" data-id=\"4b17368\" data-element_type=\"container\" data-e-type=\"container\" data-settings=\"{&quot;jet_parallax_layout_list&quot;:[]}\">\n\t\t<div class=\"elementor-element elementor-element-f444b8e e-flex e-con-boxed e-con e-child\" data-id=\"f444b8e\" data-element_type=\"container\" data-e-type=\"container\" data-settings=\"{&quot;jet_parallax_layout_list&quot;:[]}\">\n\t\t\t\t\t<div class=\"e-con-inner\">\n\t\t\t\t<div class=\"elementor-element elementor-element-7415e72 elementor-widget elementor-widget-heading\" data-id=\"7415e72\" data-element_type=\"widget\" data-e-type=\"widget\" data-settings=\"{&quot;ekit_we_effect_on&quot;:&quot;none&quot;}\" data-widget_type=\"heading.default\">\n\t\t\t\t<div class=\"elementor-widget-container\">\n\t\t\t\t\t<p class=\"elementor-heading-title elementor-size-default\">partneri<\/p>\t\t\t\t<\/div>\n\t\t\t\t<\/div>\n\t\t<div class=\"elementor-element elementor-element-2a5f31f e-con-full e-flex e-con e-child\" data-id=\"2a5f31f\" data-element_type=\"container\" data-e-type=\"container\" data-settings=\"{&quot;jet_parallax_layout_list&quot;:[]}\">\n\t\t<div class=\"elementor-element elementor-element-8434df9 e-con-full e-flex e-con e-child\" data-id=\"8434df9\" data-element_type=\"container\" data-e-type=\"container\" data-settings=\"{&quot;sticky&quot;:&quot;top&quot;,&quot;sticky_offset&quot;:240,&quot;sticky_parent&quot;:&quot;yes&quot;,&quot;sticky_on&quot;:[&quot;desktop&quot;,&quot;tablet&quot;],&quot;sticky_offset_tablet&quot;:160,&quot;jet_parallax_layout_list&quot;:[],&quot;sticky_effects_offset&quot;:0,&quot;sticky_anchor_link_offset&quot;:0}\">\n\t\t\t\t<div class=\"elementor-element elementor-element-5afc1a2 elementor-widget__width-initial elementor-widget elementor-widget-image\" data-id=\"5afc1a2\" data-element_type=\"widget\" data-e-type=\"widget\" data-settings=\"{&quot;ekit_we_effect_on&quot;:&quot;none&quot;}\" data-widget_type=\"image.default\">\n\t\t\t\t<div class=\"elementor-widget-container\">\n\t\t\t\t\t\t\t\t\t\t\t\t\t\t\t<img fetchpriority=\"high\" decoding=\"async\" width=\"1100\" height=\"734\" src=\"https:\/\/dyproject.eu\/wp-content\/uploads\/2026\/02\/202526-EnAIP-Discover-Yourself-Kick-off-052.jpg\" class=\"attachment-full size-full wp-image-9812\" alt=\"\" srcset=\"https:\/\/dyproject.eu\/wp-content\/uploads\/2026\/02\/202526-EnAIP-Discover-Yourself-Kick-off-052.jpg 1100w, https:\/\/dyproject.eu\/wp-content\/uploads\/2026\/02\/202526-EnAIP-Discover-Yourself-Kick-off-052-300x200.jpg 300w, https:\/\/dyproject.eu\/wp-content\/uploads\/2026\/02\/202526-EnAIP-Discover-Yourself-Kick-off-052-1024x683.jpg 1024w, https:\/\/dyproject.eu\/wp-content\/uploads\/2026\/02\/202526-EnAIP-Discover-Yourself-Kick-off-052-768x512.jpg 768w\" sizes=\"(max-width: 1100px) 100vw, 1100px\" \/>\t\t\t\t\t\t\t\t\t\t\t\t\t\t\t<\/div>\n\t\t\t\t<\/div>\n\t\t\t\t<\/div>\n\t\t<div class=\"elementor-element elementor-element-3ab0d92 e-con-full e-flex e-con e-child\" data-id=\"3ab0d92\" data-element_type=\"container\" data-e-type=\"container\" data-settings=\"{&quot;jet_parallax_layout_list&quot;:[]}\">\n\t\t<div class=\"elementor-element elementor-element-f86faf3 e-con-full e-flex e-con e-child\" data-id=\"f86faf3\" data-element_type=\"container\" data-e-type=\"container\" data-settings=\"{&quot;jet_parallax_layout_list&quot;:[]}\">\n\t\t\t\t<div class=\"elementor-element elementor-element-0a1f743 elementor-widget__width-initial elementor-widget elementor-widget-image\" data-id=\"0a1f743\" data-element_type=\"widget\" data-e-type=\"widget\" data-settings=\"{&quot;ekit_we_effect_on&quot;:&quot;none&quot;}\" data-widget_type=\"image.default\">\n\t\t\t\t<div class=\"elementor-widget-container\">\n\t\t\t\t\t\t\t\t\t\t\t\t\t\t\t<img decoding=\"async\" width=\"500\" height=\"235\" src=\"https:\/\/dyproject.eu\/wp-content\/uploads\/2026\/02\/EnAIPFVG_Logo.png\" class=\"attachment-large size-large wp-image-9813\" alt=\"\" srcset=\"https:\/\/dyproject.eu\/wp-content\/uploads\/2026\/02\/EnAIPFVG_Logo.png 500w, https:\/\/dyproject.eu\/wp-content\/uploads\/2026\/02\/EnAIPFVG_Logo-300x141.png 300w\" sizes=\"(max-width: 500px) 100vw, 500px\" \/>\t\t\t\t\t\t\t\t\t\t\t\t\t\t\t<\/div>\n\t\t\t\t<\/div>\n\t\t\t\t<div class=\"elementor-element elementor-element-4906c30 elementor-widget__width-initial elementor-widget elementor-widget-text-editor\" data-id=\"4906c30\" data-element_type=\"widget\" data-e-type=\"widget\" data-settings=\"{&quot;ekit_we_effect_on&quot;:&quot;none&quot;}\" data-widget_type=\"text-editor.default\">\n\t\t\t\t<div class=\"elementor-widget-container\">\n\t\t\t\t\t\t\t\t\t<p>EnAIP Friuli Venezia Giulia, vode\u0107i partner (ITA)<\/p>\t\t\t\t\t\t\t\t<\/div>\n\t\t\t\t<\/div>\n\t\t\t\t<\/div>\n\t\t<div class=\"elementor-element elementor-element-b9ea48b e-con-full e-flex e-con e-child\" data-id=\"b9ea48b\" data-element_type=\"container\" data-e-type=\"container\" data-settings=\"{&quot;jet_parallax_layout_list&quot;:[]}\">\n\t\t\t\t<div class=\"elementor-element elementor-element-11e8f67 elementor-widget__width-initial elementor-widget elementor-widget-image\" data-id=\"11e8f67\" data-element_type=\"widget\" data-e-type=\"widget\" data-settings=\"{&quot;ekit_we_effect_on&quot;:&quot;none&quot;}\" data-widget_type=\"image.default\">\n\t\t\t\t<div class=\"elementor-widget-container\">\n\t\t\t\t\t\t\t\t\t\t\t\t\t\t\t<img decoding=\"async\" width=\"264\" height=\"191\" src=\"https:\/\/dyproject.eu\/wp-content\/uploads\/2026\/02\/UNIBO_Logo.png\" class=\"attachment-large size-large wp-image-9814\" alt=\"\" \/>\t\t\t\t\t\t\t\t\t\t\t\t\t\t\t<\/div>\n\t\t\t\t<\/div>\n\t\t\t\t<div class=\"elementor-element elementor-element-21d8031 elementor-widget__width-initial elementor-widget elementor-widget-text-editor\" data-id=\"21d8031\" data-element_type=\"widget\" data-e-type=\"widget\" data-settings=\"{&quot;ekit_we_effect_on&quot;:&quot;none&quot;}\" data-widget_type=\"text-editor.default\">\n\t\t\t\t<div class=\"elementor-widget-container\">\n\t\t\t\t\t\t\t\t\t<p>ALMA MATER STUDIORUM \u2013 SVEU\u010cILI\u0160TE U BOLOGNI (IT)<\/p>\t\t\t\t\t\t\t\t<\/div>\n\t\t\t\t<\/div>\n\t\t\t\t<\/div>\n\t\t<div class=\"elementor-element elementor-element-f53c3fb e-con-full e-flex e-con e-child\" data-id=\"f53c3fb\" data-element_type=\"container\" data-e-type=\"container\" data-settings=\"{&quot;jet_parallax_layout_list&quot;:[]}\">\n\t\t\t\t<div class=\"elementor-element elementor-element-9f3154c elementor-widget__width-initial elementor-widget elementor-widget-image\" data-id=\"9f3154c\" data-element_type=\"widget\" data-e-type=\"widget\" data-settings=\"{&quot;ekit_we_effect_on&quot;:&quot;none&quot;}\" data-widget_type=\"image.default\">\n\t\t\t\t<div class=\"elementor-widget-container\">\n\t\t\t\t\t\t\t\t\t\t\t\t\t\t\t<img loading=\"lazy\" decoding=\"async\" width=\"389\" height=\"129\" src=\"https:\/\/dyproject.eu\/wp-content\/uploads\/2026\/02\/Peromato_Logo.png\" class=\"attachment-large size-large wp-image-9815\" alt=\"\" srcset=\"https:\/\/dyproject.eu\/wp-content\/uploads\/2026\/02\/Peromato_Logo.png 389w, https:\/\/dyproject.eu\/wp-content\/uploads\/2026\/02\/Peromato_Logo-300x99.png 300w\" sizes=\"(max-width: 389px) 100vw, 389px\" \/>\t\t\t\t\t\t\t\t\t\t\t\t\t\t\t<\/div>\n\t\t\t\t<\/div>\n\t\t\t\t<div class=\"elementor-element elementor-element-57bf1e7 elementor-widget__width-initial elementor-widget elementor-widget-text-editor\" data-id=\"57bf1e7\" data-element_type=\"widget\" data-e-type=\"widget\" data-settings=\"{&quot;ekit_we_effect_on&quot;:&quot;none&quot;}\" data-widget_type=\"text-editor.default\">\n\t\t\t\t<div class=\"elementor-widget-container\">\n\t\t\t\t\t\t\t\t\t<p>Asociaci\u00f3n Cultural Peromato (- ES)<\/p>\t\t\t\t\t\t\t\t<\/div>\n\t\t\t\t<\/div>\n\t\t\t\t<\/div>\n\t\t<div class=\"elementor-element elementor-element-e75ced3 e-con-full e-flex e-con e-child\" data-id=\"e75ced3\" data-element_type=\"container\" data-e-type=\"container\" data-settings=\"{&quot;jet_parallax_layout_list&quot;:[]}\">\n\t\t\t\t<div class=\"elementor-element elementor-element-bc74a8e elementor-widget__width-initial elementor-widget elementor-widget-image\" data-id=\"bc74a8e\" data-element_type=\"widget\" data-e-type=\"widget\" data-settings=\"{&quot;ekit_we_effect_on&quot;:&quot;none&quot;}\" data-widget_type=\"image.default\">\n\t\t\t\t<div class=\"elementor-widget-container\">\n\t\t\t\t\t\t\t\t\t\t\t\t\t\t\t<img loading=\"lazy\" decoding=\"async\" width=\"470\" height=\"107\" src=\"https:\/\/dyproject.eu\/wp-content\/uploads\/2026\/02\/BBRZ_Logo.png\" class=\"attachment-large size-large wp-image-9816\" alt=\"\" srcset=\"https:\/\/dyproject.eu\/wp-content\/uploads\/2026\/02\/BBRZ_Logo.png 470w, https:\/\/dyproject.eu\/wp-content\/uploads\/2026\/02\/BBRZ_Logo-300x68.png 300w\" sizes=\"(max-width: 470px) 100vw, 470px\" \/>\t\t\t\t\t\t\t\t\t\t\t\t\t\t\t<\/div>\n\t\t\t\t<\/div>\n\t\t\t\t<div class=\"elementor-element elementor-element-1eed488 elementor-widget__width-initial elementor-widget elementor-widget-text-editor\" data-id=\"1eed488\" data-element_type=\"widget\" data-e-type=\"widget\" data-settings=\"{&quot;ekit_we_effect_on&quot;:&quot;none&quot;}\" data-widget_type=\"text-editor.default\">\n\t\t\t\t<div class=\"elementor-widget-container\">\n\t\t\t\t\t\t\t\t\t<p>Berufliches Bildungs &#8211; und Rehabilitationszentrum \u00d6sterreich &#8211; BBRZ \u00d6 (AT)<\/p>\t\t\t\t\t\t\t\t<\/div>\n\t\t\t\t<\/div>\n\t\t\t\t<\/div>\n\t\t<div class=\"elementor-element elementor-element-153e73a e-con-full e-flex e-con e-child\" data-id=\"153e73a\" data-element_type=\"container\" data-e-type=\"container\" data-settings=\"{&quot;jet_parallax_layout_list&quot;:[]}\">\n\t\t\t\t<div class=\"elementor-element elementor-element-9faf4aa elementor-widget__width-initial elementor-widget elementor-widget-image\" data-id=\"9faf4aa\" data-element_type=\"widget\" data-e-type=\"widget\" data-settings=\"{&quot;ekit_we_effect_on&quot;:&quot;none&quot;}\" data-widget_type=\"image.default\">\n\t\t\t\t<div class=\"elementor-widget-container\">\n\t\t\t\t\t\t\t\t\t\t\t\t\t\t\t<img loading=\"lazy\" decoding=\"async\" width=\"800\" height=\"248\" src=\"https:\/\/dyproject.eu\/wp-content\/uploads\/2026\/02\/Isum-_Logo.png\" class=\"attachment-large size-large wp-image-9817\" alt=\"\" srcset=\"https:\/\/dyproject.eu\/wp-content\/uploads\/2026\/02\/Isum-_Logo.png 850w, https:\/\/dyproject.eu\/wp-content\/uploads\/2026\/02\/Isum-_Logo-300x93.png 300w, https:\/\/dyproject.eu\/wp-content\/uploads\/2026\/02\/Isum-_Logo-768x238.png 768w\" sizes=\"(max-width: 800px) 100vw, 800px\" \/>\t\t\t\t\t\t\t\t\t\t\t\t\t\t\t<\/div>\n\t\t\t\t<\/div>\n\t\t\t\t<div class=\"elementor-element elementor-element-537989b elementor-widget__width-initial elementor-widget elementor-widget-text-editor\" data-id=\"537989b\" data-element_type=\"widget\" data-e-type=\"widget\" data-settings=\"{&quot;ekit_we_effect_on&quot;:&quot;none&quot;}\" data-widget_type=\"text-editor.default\">\n\t\t\t\t<div class=\"elementor-widget-container\">\n\t\t\t\t\t\t\t\t\t<p>INSTITUT ZA STRU\u010cNO USAVR\u0160AVANJE MLADIH (HR)<\/p>\t\t\t\t\t\t\t\t<\/div>\n\t\t\t\t<\/div>\n\t\t\t\t<\/div>\n\t\t<div class=\"elementor-element elementor-element-ce1f8c8 e-con-full e-flex e-con e-child\" data-id=\"ce1f8c8\" data-element_type=\"container\" data-e-type=\"container\" data-settings=\"{&quot;jet_parallax_layout_list&quot;:[]}\">\n\t\t\t\t<div class=\"elementor-element elementor-element-eb557e8 elementor-widget__width-initial elementor-widget elementor-widget-image\" data-id=\"eb557e8\" data-element_type=\"widget\" data-e-type=\"widget\" data-settings=\"{&quot;ekit_we_effect_on&quot;:&quot;none&quot;}\" data-widget_type=\"image.default\">\n\t\t\t\t<div class=\"elementor-widget-container\">\n\t\t\t\t\t\t\t\t\t\t\t\t\t\t\t<img loading=\"lazy\" decoding=\"async\" width=\"800\" height=\"888\" src=\"https:\/\/dyproject.eu\/wp-content\/uploads\/2026\/02\/Karpos_Logo-923x1024.png\" class=\"attachment-large size-large wp-image-9818\" alt=\"\" srcset=\"https:\/\/dyproject.eu\/wp-content\/uploads\/2026\/02\/Karpos_Logo-923x1024.png 923w, https:\/\/dyproject.eu\/wp-content\/uploads\/2026\/02\/Karpos_Logo-271x300.png 271w, https:\/\/dyproject.eu\/wp-content\/uploads\/2026\/02\/Karpos_Logo-768x852.png 768w, https:\/\/dyproject.eu\/wp-content\/uploads\/2026\/02\/Karpos_Logo-1385x1536.png 1385w, https:\/\/dyproject.eu\/wp-content\/uploads\/2026\/02\/Karpos_Logo.png 1743w\" sizes=\"(max-width: 800px) 100vw, 800px\" \/>\t\t\t\t\t\t\t\t\t\t\t\t\t\t\t<\/div>\n\t\t\t\t<\/div>\n\t\t\t\t<div class=\"elementor-element elementor-element-fe699bb elementor-widget__width-initial elementor-widget elementor-widget-text-editor\" data-id=\"fe699bb\" data-element_type=\"widget\" data-e-type=\"widget\" data-settings=\"{&quot;ekit_we_effect_on&quot;:&quot;none&quot;}\" data-widget_type=\"text-editor.default\">\n\t\t\t\t<div class=\"elementor-widget-container\">\n\t\t\t\t\t\t\t\t\t<p>KARPOS KENTRO EKPAIDEYTIKON DRASEONKAI DIAPOLITISMIKHS EPIKOINONIAS (EL)<\/p>\t\t\t\t\t\t\t\t<\/div>\n\t\t\t\t<\/div>\n\t\t\t\t<\/div>\n\t\t<div class=\"elementor-element elementor-element-45ecb07 e-con-full e-flex e-con e-child\" data-id=\"45ecb07\" data-element_type=\"container\" data-e-type=\"container\" data-settings=\"{&quot;jet_parallax_layout_list&quot;:[]}\">\n\t\t\t\t<div class=\"elementor-element elementor-element-72554f6 elementor-widget__width-initial elementor-widget elementor-widget-image\" data-id=\"72554f6\" data-element_type=\"widget\" data-e-type=\"widget\" data-settings=\"{&quot;ekit_we_effect_on&quot;:&quot;none&quot;}\" data-widget_type=\"image.default\">\n\t\t\t\t<div class=\"elementor-widget-container\">\n\t\t\t\t\t\t\t\t\t\t\t\t\t\t\t<img loading=\"lazy\" decoding=\"async\" width=\"800\" height=\"130\" src=\"https:\/\/dyproject.eu\/wp-content\/uploads\/2026\/02\/Ordbild_Symbolicirkel-1024x167.png\" class=\"attachment-large size-large wp-image-9819\" alt=\"\" srcset=\"https:\/\/dyproject.eu\/wp-content\/uploads\/2026\/02\/Ordbild_Symbolicirkel-1024x167.png 1024w, https:\/\/dyproject.eu\/wp-content\/uploads\/2026\/02\/Ordbild_Symbolicirkel-300x49.png 300w, https:\/\/dyproject.eu\/wp-content\/uploads\/2026\/02\/Ordbild_Symbolicirkel-768x125.png 768w, https:\/\/dyproject.eu\/wp-content\/uploads\/2026\/02\/Ordbild_Symbolicirkel-1536x251.png 1536w, https:\/\/dyproject.eu\/wp-content\/uploads\/2026\/02\/Ordbild_Symbolicirkel-2048x334.png 2048w\" sizes=\"(max-width: 800px) 100vw, 800px\" \/>\t\t\t\t\t\t\t\t\t\t\t\t\t\t\t<\/div>\n\t\t\t\t<\/div>\n\t\t\t\t<div class=\"elementor-element elementor-element-38d6b21 elementor-widget__width-initial elementor-widget elementor-widget-text-editor\" data-id=\"38d6b21\" data-element_type=\"widget\" data-e-type=\"widget\" data-settings=\"{&quot;ekit_we_effect_on&quot;:&quot;none&quot;}\" data-widget_type=\"text-editor.default\">\n\t\t\t\t<div class=\"elementor-widget-container\">\n\t\t\t\t\t\t\t\t\t<p>Trim tab AB (SE)<\/p>\t\t\t\t\t\t\t\t<\/div>\n\t\t\t\t<\/div>\n\t\t\t\t<\/div>\n\t\t\t\t<\/div>\n\t\t\t\t<\/div>\n\t\t\t\t\t<\/div>\n\t\t\t\t<\/div>\n\t\t\t\t<\/div>\n\t\t\t\t<\/div>\n\t\t","protected":false},"excerpt":{"rendered":"<p>Partneri Zajedno za ja\u010danje vje\u0161tina,svijesti i inkluzije partneri EnAIP Friuli Venezia Giulia, vode\u0107i partner (ITA) ALMA MATER STUDIORUM \u2013 SVEU\u010cILI\u0160TE U BOLOGNI (IT) Asociaci\u00f3n Cultural Peromato (- ES) Berufliches Bildungs &#8211; und Rehabilitationszentrum \u00d6sterreich &#8211; BBRZ \u00d6 (AT) INSTITUT ZA STRU\u010cNO USAVR\u0160AVANJE MLADIH (HR) KARPOS KENTRO EKPAIDEYTIKON DRASEONKAI DIAPOLITISMIKHS EPIKOINONIAS (EL) Trim tab AB (SE)<\/p>\n","protected":false},"author":3,"featured_media":0,"parent":0,"menu_order":0,"comment_status":"closed","ping_status":"closed","template":"","meta":{"inline_featured_image":false,"footnotes":""},"class_list":["post-9820","page","type-page","status-publish","hentry"],"yoast_head":"<!-- This site is optimized with the Yoast SEO plugin v27.1.1 - https:\/\/yoast.com\/product\/yoast-seo-wordpress\/ -->\n<title>Partneri - Discover Yourself<\/title>\n<meta name=\"robots\" content=\"index, follow, max-snippet:-1, max-image-preview:large, max-video-preview:-1\" \/>\n<link rel=\"canonical\" href=\"https:\/\/dyproject.eu\/hr\/partneri\/\" \/>\n<meta property=\"og:locale\" content=\"hr_HR\" \/>\n<meta property=\"og:type\" content=\"article\" \/>\n<meta property=\"og:title\" content=\"Partneri - Discover Yourself\" \/>\n<meta property=\"og:description\" content=\"Partneri Zajedno za ja\u010danje vje\u0161tina,svijesti i inkluzije partneri EnAIP Friuli Venezia Giulia, vode\u0107i partner (ITA) ALMA MATER STUDIORUM \u2013 SVEU\u010cILI\u0160TE U BOLOGNI (IT) Asociaci\u00f3n Cultural Peromato (- ES) Berufliches Bildungs &#8211; und Rehabilitationszentrum \u00d6sterreich &#8211; BBRZ \u00d6 (AT) INSTITUT ZA STRU\u010cNO USAVR\u0160AVANJE MLADIH (HR) KARPOS KENTRO EKPAIDEYTIKON DRASEONKAI DIAPOLITISMIKHS EPIKOINONIAS (EL) Trim tab AB (SE)\" \/>\n<meta property=\"og:url\" content=\"https:\/\/dyproject.eu\/hr\/partneri\/\" \/>\n<meta property=\"og:site_name\" content=\"Discover Yourself\" \/>\n<meta property=\"article:modified_time\" content=\"2026-03-15T18:51:05+00:00\" \/>\n<meta property=\"og:image\" content=\"https:\/\/dyproject.eu\/wp-content\/uploads\/2026\/02\/202526-EnAIP-Discover-Yourself-Kick-off-052.jpg\" \/>\n\t<meta property=\"og:image:width\" content=\"1100\" \/>\n\t<meta property=\"og:image:height\" content=\"734\" \/>\n\t<meta property=\"og:image:type\" content=\"image\/jpeg\" \/>\n<meta name=\"twitter:card\" content=\"summary_large_image\" \/>\n<script type=\"application\/ld+json\" class=\"yoast-schema-graph\">{\"@context\":\"https:\/\/schema.org\",\"@graph\":[{\"@type\":\"WebPage\",\"@id\":\"https:\/\/dyproject.eu\/hr\/partneri\/\",\"url\":\"https:\/\/dyproject.eu\/hr\/partneri\/\",\"name\":\"Partneri - Discover Yourself\",\"isPartOf\":{\"@id\":\"https:\/\/dyproject.eu\/hr\/#website\"},\"primaryImageOfPage\":{\"@id\":\"https:\/\/dyproject.eu\/hr\/partneri\/#primaryimage\"},\"image\":{\"@id\":\"https:\/\/dyproject.eu\/hr\/partneri\/#primaryimage\"},\"thumbnailUrl\":\"https:\/\/dyproject.eu\/wp-content\/uploads\/2026\/02\/202526-EnAIP-Discover-Yourself-Kick-off-052.jpg\",\"datePublished\":\"2026-02-17T13:23:55+00:00\",\"dateModified\":\"2026-03-15T18:51:05+00:00\",\"breadcrumb\":{\"@id\":\"https:\/\/dyproject.eu\/hr\/partneri\/#breadcrumb\"},\"inLanguage\":\"hr\",\"potentialAction\":[{\"@type\":\"ReadAction\",\"target\":[\"https:\/\/dyproject.eu\/hr\/partneri\/\"]}]},{\"@type\":\"ImageObject\",\"inLanguage\":\"hr\",\"@id\":\"https:\/\/dyproject.eu\/hr\/partneri\/#primaryimage\",\"url\":\"https:\/\/dyproject.eu\/wp-content\/uploads\/2026\/02\/202526-EnAIP-Discover-Yourself-Kick-off-052.jpg\",\"contentUrl\":\"https:\/\/dyproject.eu\/wp-content\/uploads\/2026\/02\/202526-EnAIP-Discover-Yourself-Kick-off-052.jpg\"},{\"@type\":\"BreadcrumbList\",\"@id\":\"https:\/\/dyproject.eu\/hr\/partneri\/#breadcrumb\",\"itemListElement\":[{\"@type\":\"ListItem\",\"position\":1,\"name\":\"Home\",\"item\":\"https:\/\/dyproject.eu\/hr\/pocetna\/\"},{\"@type\":\"ListItem\",\"position\":2,\"name\":\"Partneri\"}]},{\"@type\":\"WebSite\",\"@id\":\"https:\/\/dyproject.eu\/hr\/#website\",\"url\":\"https:\/\/dyproject.eu\/hr\/\",\"name\":\"Discover Yourself\",\"description\":\"Digital Storytelling as a choice of conscious creativity\",\"publisher\":{\"@id\":\"https:\/\/dyproject.eu\/hr\/#organization\"},\"potentialAction\":[{\"@type\":\"SearchAction\",\"target\":{\"@type\":\"EntryPoint\",\"urlTemplate\":\"https:\/\/dyproject.eu\/hr\/?s={search_term_string}\"},\"query-input\":{\"@type\":\"PropertyValueSpecification\",\"valueRequired\":true,\"valueName\":\"search_term_string\"}}],\"inLanguage\":\"hr\"},{\"@type\":\"Organization\",\"@id\":\"https:\/\/dyproject.eu\/hr\/#organization\",\"name\":\"Discover Yourself\",\"url\":\"https:\/\/dyproject.eu\/hr\/\",\"logo\":{\"@type\":\"ImageObject\",\"inLanguage\":\"hr\",\"@id\":\"https:\/\/dyproject.eu\/hr\/#\/schema\/logo\/image\/\",\"url\":\"https:\/\/dyproject.eu\/wp-content\/uploads\/2024\/05\/DY_logo_v2.2.png\",\"contentUrl\":\"https:\/\/dyproject.eu\/wp-content\/uploads\/2024\/05\/DY_logo_v2.2.png\",\"width\":500,\"height\":166,\"caption\":\"Discover Yourself\"},\"image\":{\"@id\":\"https:\/\/dyproject.eu\/hr\/#\/schema\/logo\/image\/\"}}]}<\/script>\n<!-- \/ Yoast SEO plugin. -->","yoast_head_json":{"title":"Partneri - Discover Yourself","robots":{"index":"index","follow":"follow","max-snippet":"max-snippet:-1","max-image-preview":"max-image-preview:large","max-video-preview":"max-video-preview:-1"},"canonical":"https:\/\/dyproject.eu\/hr\/partneri\/","og_locale":"hr_HR","og_type":"article","og_title":"Partneri - Discover Yourself","og_description":"Partneri Zajedno za ja\u010danje vje\u0161tina,svijesti i inkluzije partneri EnAIP Friuli Venezia Giulia, vode\u0107i partner (ITA) ALMA MATER STUDIORUM \u2013 SVEU\u010cILI\u0160TE U BOLOGNI (IT) Asociaci\u00f3n Cultural Peromato (- ES) Berufliches Bildungs &#8211; und Rehabilitationszentrum \u00d6sterreich &#8211; BBRZ \u00d6 (AT) INSTITUT ZA STRU\u010cNO USAVR\u0160AVANJE MLADIH (HR) KARPOS KENTRO EKPAIDEYTIKON DRASEONKAI DIAPOLITISMIKHS EPIKOINONIAS (EL) Trim tab AB (SE)","og_url":"https:\/\/dyproject.eu\/hr\/partneri\/","og_site_name":"Discover Yourself","article_modified_time":"2026-03-15T18:51:05+00:00","og_image":[{"width":1100,"height":734,"url":"https:\/\/dyproject.eu\/wp-content\/uploads\/2026\/02\/202526-EnAIP-Discover-Yourself-Kick-off-052.jpg","type":"image\/jpeg"}],"twitter_card":"summary_large_image","schema":{"@context":"https:\/\/schema.org","@graph":[{"@type":"WebPage","@id":"https:\/\/dyproject.eu\/hr\/partneri\/","url":"https:\/\/dyproject.eu\/hr\/partneri\/","name":"Partneri - Discover Yourself","isPartOf":{"@id":"https:\/\/dyproject.eu\/hr\/#website"},"primaryImageOfPage":{"@id":"https:\/\/dyproject.eu\/hr\/partneri\/#primaryimage"},"image":{"@id":"https:\/\/dyproject.eu\/hr\/partneri\/#primaryimage"},"thumbnailUrl":"https:\/\/dyproject.eu\/wp-content\/uploads\/2026\/02\/202526-EnAIP-Discover-Yourself-Kick-off-052.jpg","datePublished":"2026-02-17T13:23:55+00:00","dateModified":"2026-03-15T18:51:05+00:00","breadcrumb":{"@id":"https:\/\/dyproject.eu\/hr\/partneri\/#breadcrumb"},"inLanguage":"hr","potentialAction":[{"@type":"ReadAction","target":["https:\/\/dyproject.eu\/hr\/partneri\/"]}]},{"@type":"ImageObject","inLanguage":"hr","@id":"https:\/\/dyproject.eu\/hr\/partneri\/#primaryimage","url":"https:\/\/dyproject.eu\/wp-content\/uploads\/2026\/02\/202526-EnAIP-Discover-Yourself-Kick-off-052.jpg","contentUrl":"https:\/\/dyproject.eu\/wp-content\/uploads\/2026\/02\/202526-EnAIP-Discover-Yourself-Kick-off-052.jpg"},{"@type":"BreadcrumbList","@id":"https:\/\/dyproject.eu\/hr\/partneri\/#breadcrumb","itemListElement":[{"@type":"ListItem","position":1,"name":"Home","item":"https:\/\/dyproject.eu\/hr\/pocetna\/"},{"@type":"ListItem","position":2,"name":"Partneri"}]},{"@type":"WebSite","@id":"https:\/\/dyproject.eu\/hr\/#website","url":"https:\/\/dyproject.eu\/hr\/","name":"Discover Yourself","description":"Digital Storytelling as a choice of conscious creativity","publisher":{"@id":"https:\/\/dyproject.eu\/hr\/#organization"},"potentialAction":[{"@type":"SearchAction","target":{"@type":"EntryPoint","urlTemplate":"https:\/\/dyproject.eu\/hr\/?s={search_term_string}"},"query-input":{"@type":"PropertyValueSpecification","valueRequired":true,"valueName":"search_term_string"}}],"inLanguage":"hr"},{"@type":"Organization","@id":"https:\/\/dyproject.eu\/hr\/#organization","name":"Discover Yourself","url":"https:\/\/dyproject.eu\/hr\/","logo":{"@type":"ImageObject","inLanguage":"hr","@id":"https:\/\/dyproject.eu\/hr\/#\/schema\/logo\/image\/","url":"https:\/\/dyproject.eu\/wp-content\/uploads\/2024\/05\/DY_logo_v2.2.png","contentUrl":"https:\/\/dyproject.eu\/wp-content\/uploads\/2024\/05\/DY_logo_v2.2.png","width":500,"height":166,"caption":"Discover Yourself"},"image":{"@id":"https:\/\/dyproject.eu\/hr\/#\/schema\/logo\/image\/"}}]}},"_links":{"self":[{"href":"https:\/\/dyproject.eu\/hr\/wp-json\/wp\/v2\/pages\/9820","targetHints":{"allow":["GET"]}}],"collection":[{"href":"https:\/\/dyproject.eu\/hr\/wp-json\/wp\/v2\/pages"}],"about":[{"href":"https:\/\/dyproject.eu\/hr\/wp-json\/wp\/v2\/types\/page"}],"author":[{"embeddable":true,"href":"https:\/\/dyproject.eu\/hr\/wp-json\/wp\/v2\/users\/3"}],"replies":[{"embeddable":true,"href":"https:\/\/dyproject.eu\/hr\/wp-json\/wp\/v2\/comments?post=9820"}],"version-history":[{"count":1,"href":"https:\/\/dyproject.eu\/hr\/wp-json\/wp\/v2\/pages\/9820\/revisions"}],"predecessor-version":[{"id":9821,"href":"https:\/\/dyproject.eu\/hr\/wp-json\/wp\/v2\/pages\/9820\/revisions\/9821"}],"wp:attachment":[{"href":"https:\/\/dyproject.eu\/hr\/wp-json\/wp\/v2\/media?parent=9820"}],"curies":[{"name":"wp","href":"https:\/\/api.w.org\/{rel}","templated":true}]}}