{"id":9878,"date":"2025-12-04T15:07:58","date_gmt":"2025-12-04T14:07:58","guid":{"rendered":"https:\/\/dyproject.eu\/politika-kolacica\/"},"modified":"2026-03-15T19:57:34","modified_gmt":"2026-03-15T18:57:34","slug":"politika-kolacica","status":"publish","type":"page","link":"https:\/\/dyproject.eu\/hr\/politika-kolacica\/","title":{"rendered":"Politika kola\u010di\u0107a"},"content":{"rendered":"\t\t<div data-elementor-type=\"wp-page\" data-elementor-id=\"9878\" class=\"elementor elementor-9878 elementor-7441\" data-elementor-post-type=\"page\">\n\t\t\t\t<div class=\"elementor-element elementor-element-4c20ed7 e-con-full e-flex e-con e-parent\" data-id=\"4c20ed7\" data-element_type=\"container\" data-e-type=\"container\" data-settings=\"{&quot;jet_parallax_layout_list&quot;:[]}\">\n\t\t<div class=\"elementor-element elementor-element-8c5fecf e-flex e-con-boxed e-con e-child\" data-id=\"8c5fecf\" data-element_type=\"container\" data-e-type=\"container\" data-settings=\"{&quot;jet_parallax_layout_list&quot;:[]}\">\n\t\t\t\t\t<div class=\"e-con-inner\">\n\t\t\t\t<div class=\"elementor-element elementor-element-328a431 elementor-widget elementor-widget-heading\" data-id=\"328a431\" data-element_type=\"widget\" data-e-type=\"widget\" data-settings=\"{&quot;ekit_we_effect_on&quot;:&quot;none&quot;}\" data-widget_type=\"heading.default\">\n\t\t\t\t<div class=\"elementor-widget-container\">\n\t\t\t\t\t<h2 class=\"elementor-heading-title elementor-size-default\">Politika kola\u010di\u0107a<\/h2>\t\t\t\t<\/div>\n\t\t\t\t<\/div>\n\t\t\t\t<div class=\"elementor-element elementor-element-27494c9 elementor-widget elementor-widget-text-editor\" data-id=\"27494c9\" data-element_type=\"widget\" data-e-type=\"widget\" data-settings=\"{&quot;ekit_we_effect_on&quot;:&quot;none&quot;}\" data-widget_type=\"text-editor.default\">\n\t\t\t\t<div class=\"elementor-widget-container\">\n\t\t\t\t\t\t\t\t\t<section data-markdown-raw=\"  Questa informativa integra l\u2019Informativa privacy del sito e descrive l\u2019uso dei cookie da parte di ENAIP Friuli Venezia Giulia (ENAIP FVG). Per chi \u00e8 ENAIP FVG, il titolare del trattamento e i diritti degli interessati si rimanda a tale documento.\" data-section-index=\"9\">Posljednje a\u017euriranje: 6. velja\u010de 2026.<\/section><section data-markdown-raw=\"  Questa informativa integra l\u2019Informativa privacy del sito e descrive l\u2019uso dei cookie da parte di ENAIP Friuli Venezia Giulia (ENAIP FVG). Per chi \u00e8 ENAIP FVG, il titolare del trattamento e i diritti degli interessati si rimanda a tale documento.\" data-section-index=\"9\"><\/section><section id=\"markdown-section-b5a60259-0850-43ae-a4ce-bffe787c3fe4-9\" class=\"markdown-section chat-fade-in\" data-markdown-raw=\"  Questa informativa integra l\u2019Informativa privacy del sito e descrive l\u2019uso dei cookie da parte di ENAIP Friuli Venezia Giulia (ENAIP FVG). Per chi \u00e8 ENAIP FVG, il titolare del trattamento e i diritti degli interessati si rimanda a tale documento.\" data-section-index=\"9\"><\/section><section id=\"markdown-section-b5a60259-0850-43ae-a4ce-bffe787c3fe4-9\" class=\"markdown-section chat-fade-in\" data-markdown-raw=\"  Questa informativa integra l\u2019Informativa privacy del sito e descrive l\u2019uso dei cookie da parte di ENAIP Friuli Venezia Giulia (ENAIP FVG). Per chi \u00e8 ENAIP FVG, il titolare del trattamento e i diritti degli interessati si rimanda a tale documento.\" data-section-index=\"9\"><\/section><section id=\"markdown-section-b5a60259-0850-43ae-a4ce-bffe787c3fe4-9\" class=\"markdown-section chat-fade-in\" data-markdown-raw=\"  Questa informativa integra l\u2019Informativa privacy del sito e descrive l\u2019uso dei cookie da parte di ENAIP Friuli Venezia Giulia (ENAIP FVG). Per chi \u00e8 ENAIP FVG, il titolare del trattamento e i diritti degli interessati si rimanda a tale documento.\" data-section-index=\"9\">Ova obavijest nadopunjuje Obavijest o privatnosti web stranice i opisuje upotrebu kola\u010di\u0107a od strane ENAIP Friuli Venezia Giulia (ENAIP FVG). Za informacije o tome tko je ENAIP FVG, voditelju obrade i pravima ispitanika, molimo pogledajte navedeni dokument. <\/section><section id=\"markdown-section-b5a60259-0850-43ae-a4ce-bffe787c3fe4-12\" class=\"markdown-section chat-fade-in\" data-markdown-raw=\"  **COSA SONO I COOKIE**\" data-section-index=\"12\"><span class=\"markdown-bold-text\"> <\/span><\/section><section id=\"markdown-section-b5a60259-0850-43ae-a4ce-bffe787c3fe4-12\" class=\"markdown-section chat-fade-in\" data-markdown-raw=\" **COSA SONO I COOKIE**\" data-section-index=\"12\"><strong><span class=\"markdown-bold-text\">\u0160TO SU KOLA\u010cI\u0106I<\/span><\/strong><\/section><section id=\"markdown-section-b5a60259-0850-43ae-a4ce-bffe787c3fe4-14\" class=\"markdown-section chat-fade-in\" data-markdown-raw=\" I cookie sono piccoli file di testo che i siti possono memorizzare sul dispositivo (computer, tablet, smartphone) quando li si visita. Servono a far funzionare il sito, a ricordare preferenze o, in altri contesti, a tracciare la navigazione per finalit\u00e0 di profilazione o pubblicit\u00e0.\" data-section-index=\"14\">Kola\u010di\u0107i su male tekstualne datoteke koje web stranice mogu pohraniti na ure\u0111aj (ra\u010dunalo, tablet, pametni telefon) prilikom posjete. Slu\u017ee za funkcioniranje web stranice, pam\u0107enje postavki ili, u drugim kontekstima, za pra\u0107enje navigacije u svrhu profiliranja ili ogla\u0161avanja.<\/section><section id=\"markdown-section-b5a60259-0850-43ae-a4ce-bffe787c3fe4-17\" class=\"markdown-section chat-fade-in\" data-markdown-raw=\"  **USO DEI COOKIE SU QUESTO SITO**\" data-section-index=\"17\"><span class=\"markdown-bold-text\"> <\/span><\/section><section id=\"markdown-section-b5a60259-0850-43ae-a4ce-bffe787c3fe4-17\" class=\"markdown-section chat-fade-in\" data-markdown-raw=\" **USO DEI COOKIE SU QUESTO SITO**\" data-section-index=\"17\"><strong><span class=\"markdown-bold-text\">UPOTREBA KOLA\u010cI\u0106A NA OVOJ WEB STRANICI<\/span><\/strong><\/section><section id=\"markdown-section-b5a60259-0850-43ae-a4ce-bffe787c3fe4-19\" class=\"markdown-section chat-fade-in\" data-markdown-raw=\" Questo sito non utilizza cookie di profilazione n\u00e9 cookie di tracciamento.\" data-section-index=\"19\">Ova web stranica ne koristi kola\u010di\u0107e za profiliranje niti kola\u010di\u0107e za pra\u0107enje.<\/section><section id=\"markdown-section-b5a60259-0850-43ae-a4ce-bffe787c3fe4-21\" class=\"markdown-section chat-fade-in\" data-markdown-raw=\"  Non vengono impiegati cookie o tecnologie analoghe per: \u2013 profilare gli utenti; \u2013 tracciare il comportamento di navigazione a scopo pubblicitario o di analisi del profilo; \u2013 inviare pubblicit\u00e0 mirata in base agli interessi.\" data-section-index=\"21\">Ne koriste se kola\u010di\u0107i ili sli\u010dne tehnologije za:<ul class=\"nested\"><li class=\"nested\" data-indent=\"2\">profiliranje korisnika;<\/li><\/ul><ul class=\"nested\"><li class=\"nested\" data-indent=\"2\">pra\u0107enje pona\u0161anja pri navigaciji u svrhu ogla\u0161avanja ili analize profila;<\/li><\/ul><ul class=\"nested\"><li class=\"nested\" data-indent=\"2\">slanje ciljanih oglasa na temelju interesa.<\/li><\/ul><\/section><section id=\"markdown-section-b5a60259-0850-43ae-a4ce-bffe787c3fe4-23\" class=\"markdown-section chat-fade-in\" data-markdown-raw=\"  Possono essere utilizzati solo cookie tecnici strettamente necessari al funzionamento del sito, ad esempio: \u2013 cookie di sessione (per mantenere la sessione durante la navigazione); \u2013 cookie che memorizzano preferenze essenziali (es. lingua, accessibilit\u00e0).\" data-section-index=\"23\">Mogu se koristiti samo tehni\u010dki kola\u010di\u0107i strogo potrebni za funkcioniranje web stranice, primjerice:<ul class=\"nested\"><li class=\"nested\" data-indent=\"2\">kola\u010di\u0107i sesije (za odr\u017eavanje sesije tijekom navigacije);<\/li><\/ul><ul class=\"nested\"><li class=\"nested\" data-indent=\"2\">kola\u010di\u0107i koji pohranjuju osnovne postavke (npr. jezik, pristupa\u010dnost).<\/li><\/ul><\/section><section id=\"markdown-section-b5a60259-0850-43ae-a4ce-bffe787c3fe4-25\" class=\"markdown-section chat-fade-in\" data-markdown-raw=\"  Per i cookie tecnici non \u00e8 richiesto il consenso ai sensi della normativa applicabile (Regolamento (UE) 2016\/679 \u2013 GDPR \u2013 e Provvedimento del Garante privacy dell\u20198 maggio 2014 e linee guida in materia di cookie).\" data-section-index=\"25\"><\/section><section id=\"markdown-section-b5a60259-0850-43ae-a4ce-bffe787c3fe4-25\" class=\"markdown-section chat-fade-in\" data-markdown-raw=\"  Per i cookie tecnici non \u00e8 richiesto il consenso ai sensi della normativa applicabile (Regolamento (UE) 2016\/679 \u2013 GDPR \u2013 e Provvedimento del Garante privacy dell\u20198 maggio 2014 e linee guida in materia di cookie).\" data-section-index=\"25\">Za tehni\u010dke kola\u010di\u0107e nije potreban pristanak prema primjenjivim propisima (Uredba (EU) 2016\/679 \u2013 GDPR \u2013 i Odluka Nadzornog tijela za za\u0161titu podataka od 8. svibnja 2014. te smjernice o kola\u010di\u0107ima).<\/section><section id=\"markdown-section-b5a60259-0850-43ae-a4ce-bffe787c3fe4-33\" class=\"markdown-section chat-fade-in\" data-markdown-raw=\"  Cookie di tracciamento No \u2013\" data-section-index=\"33\"><\/section><section id=\"markdown-section-b5a60259-0850-43ae-a4ce-bffe787c3fe4-36\" class=\"markdown-section chat-fade-in\" data-markdown-raw=\"  **TITOLARE, BASE GIURIDICA E DIRITTI**\" data-section-index=\"36\"><strong><span class=\"markdown-bold-text\"> <\/span><\/strong><\/section><section id=\"markdown-section-b5a60259-0850-43ae-a4ce-bffe787c3fe4-36\" class=\"markdown-section chat-fade-in\" data-markdown-raw=\" **TITOLARE, BASE GIURIDICA E DIRITTI**\" data-section-index=\"36\"><strong><span class=\"markdown-bold-text\">VODITELJ OBRADE, PRAVNA OSNOVA I PRAVA<\/span><\/strong><\/section><section id=\"markdown-section-b5a60259-0850-43ae-a4ce-bffe787c3fe4-38\" class=\"markdown-section chat-fade-in\" data-markdown-raw=\" Il titolare del trattamento \u00e8 ENAIP Friuli Venezia Giulia \u2013 Impresa Sociale (indirizzo, PEC e riferimenti nell\u2019Informativa privacy).\" data-section-index=\"38\">Voditelj obrade je ENAIP Friuli Venezia Giulia \u2013 Impresa Sociale (adresa, PEC i reference u Obavijesti o privatnosti).<\/section><section id=\"markdown-section-b5a60259-0850-43ae-a4ce-bffe787c3fe4-40\" class=\"markdown-section chat-fade-in\" data-markdown-raw=\" Il trattamento dei dati eventualmente raccolti tramite cookie tecnici si basa su legittimo interesse (art. 6, par. 1, lett. f) GDPR) e\/o obblighi di legge, per finalit\u00e0 di sicurezza e gestione tecnica del sito. Non viene effettuato alcun trattamento per finalit\u00e0 di profilazione o marketing.\" data-section-index=\"40\">Obrada podataka eventualno prikupljenih putem tehni\u010dkih kola\u010di\u0107a temelji se na legitimnom interesu (\u010dl. 6. st. 1. to\u010d. f) GDPR-a) i\/ili zakonskim obvezama, u svrhu sigurnosti i tehni\u010dkog upravljanja web stranicom. Ne provodi se nikakva obrada u svrhu profiliranja ili marketinga.<\/section><section id=\"markdown-section-b5a60259-0850-43ae-a4ce-bffe787c3fe4-42\" class=\"markdown-section chat-fade-in\" data-markdown-raw=\" Diritti dell\u2019interessato (accesso, rettifica, cancellazione, limitazione, portabilit\u00e0, opposizione, revoca del consenso, reclamo al Garante), modalit\u00e0 di esercizio e tempi di risposta sono descritti nell\u2019Informativa privacy, alla quale si rimanda.\" data-section-index=\"42\">Prava ispitanika (pristup, ispravak, brisanje, ograni\u010denje, prenosivost, prigovor, opoziv pristanka, pritu\u017eba Nadzornom tijelu), na\u010dini ostvarivanja i rokovi odgovora opisani su u Obavijesti o privatnosti, na koju se upu\u0107uje.<\/section><section data-markdown-raw=\"  **GESTIONE E DISATTIVAZIONE DEI COOKIE**\" data-section-index=\"45\"><\/section><section id=\"markdown-section-b5a60259-0850-43ae-a4ce-bffe787c3fe4-45\" class=\"markdown-section chat-fade-in\" data-markdown-raw=\"  **GESTIONE E DISATTIVAZIONE DEI COOKIE**\" data-section-index=\"45\"><strong><span class=\"markdown-bold-text\"> <\/span><\/strong><\/section><section id=\"markdown-section-b5a60259-0850-43ae-a4ce-bffe787c3fe4-45\" class=\"markdown-section chat-fade-in\" data-markdown-raw=\" **GESTIONE E DISATTIVAZIONE DEI COOKIE**\" data-section-index=\"45\"><strong><span class=\"markdown-bold-text\">UPRAVLJANJE KOLA\u010cI\u0106IMA I NJIHOVO ONEMOGU\u0106AVANJE<\/span><\/strong><\/section><section id=\"markdown-section-b5a60259-0850-43ae-a4ce-bffe787c3fe4-47\" class=\"markdown-section chat-fade-in\" data-markdown-raw=\" \u00c8 possibile gestire o disattivare i cookie dalle impostazioni del proprio browser. Le istruzioni si trovano di solito nella sezione \u201cPrivacy\u201d, \u201cCookie\u201d o \u201cImpostazioni\u201d del browser. La disattivazione di cookie tecnici pu\u00f2 limitare alcune funzionalit\u00e0 del sito.\" data-section-index=\"47\">Kola\u010di\u0107ima mo\u017eete upravljati ili ih onemogu\u0107iti u postavkama svog preglednika. Upute se obi\u010dno nalaze u odjeljku \u201ePrivatnost\u201c, \u201eKola\u010di\u0107i\u201c ili \u201ePostavke\u201c preglednika. Onemogu\u0107ivanje tehni\u010dkih kola\u010di\u0107a mo\u017ee ograni\u010diti odre\u0111ene funkcionalnosti web stranice.<\/section><section id=\"markdown-section-b5a60259-0850-43ae-a4ce-bffe787c3fe4-49\" class=\"markdown-section chat-fade-in\" data-markdown-raw=\"  Link alle guide dei browser pi\u00f9 comuni: \u2013 Chrome: https:\/\/support.google.com\/chrome\/answer\/95647 \u2013 Firefox: https:\/\/support.mozilla.org\/it\/kb\/Eliminare%20i%20cookie \u2013 Safari: https:\/\/support.apple.com\/it-it\/guide\/safari\/sfri11471\/mac \u2013 Edge: https:\/\/support.microsoft.com\/it-it\/microsoft-edge\/eliminare-i-cookie-in-microsoft-edge-63947406-40ac-c3b8-57b9-2a946a29ae09\" data-section-index=\"49\">Poveznice na vodi\u010de naj\u010de\u0161\u0107ih preglednika:<ul class=\"nested\"><li class=\"nested\" data-indent=\"2\">Chrome: https:\/\/support.google.com\/chrome\/answer\/95647<\/li><\/ul><ul class=\"nested\"><li class=\"nested\" data-indent=\"2\">Firefox: https:\/\/support.mozilla.org\/it\/kb\/Eliminare%20i%20cookie<\/li><\/ul><ul class=\"nested\"><li class=\"nested\" data-indent=\"2\">Safari: https:\/\/support.apple.com\/it-it\/guide\/safari\/sfri11471\/mac<\/li><\/ul><ul class=\"nested\"><li class=\"nested\" data-indent=\"2\">Edge: https:\/\/support.microsoft.com\/it-it\/microsoft-edge\/eliminare-i-cookie-in-microsoft-edge-63947406-40ac-c3b8-57b9-2a946a29ae09<\/li><\/ul><\/section><section id=\"markdown-section-b5a60259-0850-43ae-a4ce-bffe787c3fe4-52\" class=\"markdown-section chat-fade-in\" data-markdown-raw=\"  **CONSERVAZIONE**\" data-section-index=\"52\"><strong><span class=\"markdown-bold-text\"> <\/span><\/strong><\/section><section id=\"markdown-section-b5a60259-0850-43ae-a4ce-bffe787c3fe4-52\" class=\"markdown-section chat-fade-in\" data-markdown-raw=\" **CONSERVAZIONE**\" data-section-index=\"52\"><strong><span class=\"markdown-bold-text\">\u010cUVANJE<\/span><\/strong><\/section><section id=\"markdown-section-b5a60259-0850-43ae-a4ce-bffe787c3fe4-54\" class=\"markdown-section chat-fade-in\" data-markdown-raw=\" I dati eventualmente associati a cookie tecnici sono conservati per il tempo strettamente necessario (es. durata della sessione o periodo indicato per il singolo cookie) come specificato nell\u2019Informativa privacy.\" data-section-index=\"54\">Podaci eventualno povezani s tehni\u010dkim kola\u010di\u0107ima \u010duvaju se onoliko dugo koliko je strogo potrebno (npr. trajanje sesije ili razdoblje navedeno za pojedini kola\u010di\u0107) kako je navedeno u Obavijesti o privatnosti.<\/section><section id=\"markdown-section-b5a60259-0850-43ae-a4ce-bffe787c3fe4-54\" class=\"markdown-section chat-fade-in\" data-markdown-raw=\"  I dati eventualmente associati a cookie tecnici sono conservati per il tempo strettamente necessario (es. durata della sessione o periodo indicato per il singolo cookie) come specificato nell\u2019Informativa privacy.\" data-section-index=\"54\"><\/section><section data-markdown-raw=\"  **MODIFICHE**\" data-section-index=\"57\"><\/section><section id=\"markdown-section-b5a60259-0850-43ae-a4ce-bffe787c3fe4-57\" class=\"markdown-section chat-fade-in\" data-markdown-raw=\"  **MODIFICHE**\" data-section-index=\"57\"><strong><span class=\"markdown-bold-text\">IZMJENE<\/span><\/strong><\/section><section id=\"markdown-section-b5a60259-0850-43ae-a4ce-bffe787c3fe4-59\" class=\"markdown-section chat-fade-in\" data-markdown-raw=\"  Questa informativa cookie pu\u00f2 essere aggiornata. La data di \u201cUltimo aggiornamento\u201d in testa al documento indica l\u2019ultima revisione. Si invita a consultarla periodicamente insieme all\u2019Informativa privacy.\" data-section-index=\"59\">Ova pravila o kola\u010di\u0107ima mogu se a\u017eurirati. Datum \u201ePosljednje a\u017euriranje\u201c na vrhu dokumenta ozna\u010dava posljednju reviziju. Pozivamo Vas da ih povremeno pregledate zajedno s Pravilima privatnosti.  <\/section><section id=\"markdown-section-b5a60259-0850-43ae-a4ce-bffe787c3fe4-62\" class=\"markdown-section chat-fade-in\" data-markdown-raw=\"  Informativa redatta in conformit\u00e0 al Regolamento (UE) 2016\/679 (GDPR), al D.Lgs. 196\/2003 (Codice privacy) e successive modifiche e al Provvedimento del Garante per la protezione dei dati personali dell\u20198 maggio 2014 in materia di cookie.\" data-section-index=\"62\">Obavijest sastavljena u skladu s Uredbom (EU) 2016\/679 (GDPR), Zakonodavnim dekretom br. 196\/2003 (Zakonik o privatnosti) i naknadnim izmjenama te Odlukom Nadzornog tijela za za\u0161titu osobnih podataka od 8. svibnja 2014. o kola\u010di\u0107ima. <\/section><p><\/p>\t\t\t\t\t\t\t\t<\/div>\n\t\t\t\t<\/div>\n\t\t\t\t\t<\/div>\n\t\t\t\t<\/div>\n\t\t\t\t<\/div>\n\t\t\t\t<\/div>\n\t\t","protected":false},"excerpt":{"rendered":"<p>Politika kola\u010di\u0107a Posljednje a\u017euriranje: 6. velja\u010de 2026. Ova obavijest nadopunjuje Obavijest o privatnosti web stranice i opisuje upotrebu kola\u010di\u0107a od strane ENAIP Friuli Venezia Giulia (ENAIP FVG). Za informacije o tome tko je ENAIP FVG, voditelju obrade i pravima ispitanika, molimo pogledajte navedeni dokument. \u0160TO SU KOLA\u010cI\u0106I Kola\u010di\u0107i su male tekstualne datoteke koje web stranice [&hellip;]<\/p>\n","protected":false},"author":3,"featured_media":0,"parent":0,"menu_order":0,"comment_status":"closed","ping_status":"closed","template":"","meta":{"inline_featured_image":false,"footnotes":""},"class_list":["post-9878","page","type-page","status-publish","hentry"],"yoast_head":"<!-- This site is optimized with the Yoast SEO plugin v27.1.1 - https:\/\/yoast.com\/product\/yoast-seo-wordpress\/ -->\n<title>Politika kola\u010di\u0107a - Discover Yourself<\/title>\n<meta name=\"robots\" content=\"index, follow, max-snippet:-1, max-image-preview:large, max-video-preview:-1\" \/>\n<link rel=\"canonical\" href=\"https:\/\/dyproject.eu\/hr\/politika-kolacica\/\" \/>\n<meta property=\"og:locale\" content=\"hr_HR\" \/>\n<meta property=\"og:type\" content=\"article\" \/>\n<meta property=\"og:title\" content=\"Politika kola\u010di\u0107a - Discover Yourself\" \/>\n<meta property=\"og:description\" content=\"Politika kola\u010di\u0107a Posljednje a\u017euriranje: 6. velja\u010de 2026. Ova obavijest nadopunjuje Obavijest o privatnosti web stranice i opisuje upotrebu kola\u010di\u0107a od strane ENAIP Friuli Venezia Giulia (ENAIP FVG). Za informacije o tome tko je ENAIP FVG, voditelju obrade i pravima ispitanika, molimo pogledajte navedeni dokument. \u0160TO SU KOLA\u010cI\u0106I Kola\u010di\u0107i su male tekstualne datoteke koje web stranice [&hellip;]\" \/>\n<meta property=\"og:url\" content=\"https:\/\/dyproject.eu\/hr\/politika-kolacica\/\" \/>\n<meta property=\"og:site_name\" content=\"Discover Yourself\" \/>\n<meta property=\"article:modified_time\" content=\"2026-03-15T18:57:34+00:00\" \/>\n<meta name=\"twitter:card\" content=\"summary_large_image\" \/>\n<meta name=\"twitter:label1\" content=\"Procijenjeno vrijeme \u010ditanja\" \/>\n\t<meta name=\"twitter:data1\" content=\"3 minute\" \/>\n<script type=\"application\/ld+json\" class=\"yoast-schema-graph\">{\"@context\":\"https:\/\/schema.org\",\"@graph\":[{\"@type\":\"WebPage\",\"@id\":\"https:\/\/dyproject.eu\/hr\/politika-kolacica\/\",\"url\":\"https:\/\/dyproject.eu\/hr\/politika-kolacica\/\",\"name\":\"Politika kola\u010di\u0107a - Discover Yourself\",\"isPartOf\":{\"@id\":\"https:\/\/dyproject.eu\/hr\/#website\"},\"datePublished\":\"2025-12-04T14:07:58+00:00\",\"dateModified\":\"2026-03-15T18:57:34+00:00\",\"breadcrumb\":{\"@id\":\"https:\/\/dyproject.eu\/hr\/politika-kolacica\/#breadcrumb\"},\"inLanguage\":\"hr\",\"potentialAction\":[{\"@type\":\"ReadAction\",\"target\":[\"https:\/\/dyproject.eu\/hr\/politika-kolacica\/\"]}]},{\"@type\":\"BreadcrumbList\",\"@id\":\"https:\/\/dyproject.eu\/hr\/politika-kolacica\/#breadcrumb\",\"itemListElement\":[{\"@type\":\"ListItem\",\"position\":1,\"name\":\"Home\",\"item\":\"https:\/\/dyproject.eu\/hr\/pocetna\/\"},{\"@type\":\"ListItem\",\"position\":2,\"name\":\"Politika kola\u010di\u0107a\"}]},{\"@type\":\"WebSite\",\"@id\":\"https:\/\/dyproject.eu\/hr\/#website\",\"url\":\"https:\/\/dyproject.eu\/hr\/\",\"name\":\"Discover Yourself\",\"description\":\"Digital Storytelling as a choice of conscious creativity\",\"publisher\":{\"@id\":\"https:\/\/dyproject.eu\/hr\/#organization\"},\"potentialAction\":[{\"@type\":\"SearchAction\",\"target\":{\"@type\":\"EntryPoint\",\"urlTemplate\":\"https:\/\/dyproject.eu\/hr\/?s={search_term_string}\"},\"query-input\":{\"@type\":\"PropertyValueSpecification\",\"valueRequired\":true,\"valueName\":\"search_term_string\"}}],\"inLanguage\":\"hr\"},{\"@type\":\"Organization\",\"@id\":\"https:\/\/dyproject.eu\/hr\/#organization\",\"name\":\"Discover Yourself\",\"url\":\"https:\/\/dyproject.eu\/hr\/\",\"logo\":{\"@type\":\"ImageObject\",\"inLanguage\":\"hr\",\"@id\":\"https:\/\/dyproject.eu\/hr\/#\/schema\/logo\/image\/\",\"url\":\"https:\/\/dyproject.eu\/wp-content\/uploads\/2024\/05\/DY_logo_v2.2.png\",\"contentUrl\":\"https:\/\/dyproject.eu\/wp-content\/uploads\/2024\/05\/DY_logo_v2.2.png\",\"width\":500,\"height\":166,\"caption\":\"Discover Yourself\"},\"image\":{\"@id\":\"https:\/\/dyproject.eu\/hr\/#\/schema\/logo\/image\/\"}}]}<\/script>\n<!-- \/ Yoast SEO plugin. -->","yoast_head_json":{"title":"Politika kola\u010di\u0107a - Discover Yourself","robots":{"index":"index","follow":"follow","max-snippet":"max-snippet:-1","max-image-preview":"max-image-preview:large","max-video-preview":"max-video-preview:-1"},"canonical":"https:\/\/dyproject.eu\/hr\/politika-kolacica\/","og_locale":"hr_HR","og_type":"article","og_title":"Politika kola\u010di\u0107a - Discover Yourself","og_description":"Politika kola\u010di\u0107a Posljednje a\u017euriranje: 6. velja\u010de 2026. Ova obavijest nadopunjuje Obavijest o privatnosti web stranice i opisuje upotrebu kola\u010di\u0107a od strane ENAIP Friuli Venezia Giulia (ENAIP FVG). Za informacije o tome tko je ENAIP FVG, voditelju obrade i pravima ispitanika, molimo pogledajte navedeni dokument. \u0160TO SU KOLA\u010cI\u0106I Kola\u010di\u0107i su male tekstualne datoteke koje web stranice [&hellip;]","og_url":"https:\/\/dyproject.eu\/hr\/politika-kolacica\/","og_site_name":"Discover Yourself","article_modified_time":"2026-03-15T18:57:34+00:00","twitter_card":"summary_large_image","twitter_misc":{"Procijenjeno vrijeme \u010ditanja":"3 minute"},"schema":{"@context":"https:\/\/schema.org","@graph":[{"@type":"WebPage","@id":"https:\/\/dyproject.eu\/hr\/politika-kolacica\/","url":"https:\/\/dyproject.eu\/hr\/politika-kolacica\/","name":"Politika kola\u010di\u0107a - Discover Yourself","isPartOf":{"@id":"https:\/\/dyproject.eu\/hr\/#website"},"datePublished":"2025-12-04T14:07:58+00:00","dateModified":"2026-03-15T18:57:34+00:00","breadcrumb":{"@id":"https:\/\/dyproject.eu\/hr\/politika-kolacica\/#breadcrumb"},"inLanguage":"hr","potentialAction":[{"@type":"ReadAction","target":["https:\/\/dyproject.eu\/hr\/politika-kolacica\/"]}]},{"@type":"BreadcrumbList","@id":"https:\/\/dyproject.eu\/hr\/politika-kolacica\/#breadcrumb","itemListElement":[{"@type":"ListItem","position":1,"name":"Home","item":"https:\/\/dyproject.eu\/hr\/pocetna\/"},{"@type":"ListItem","position":2,"name":"Politika kola\u010di\u0107a"}]},{"@type":"WebSite","@id":"https:\/\/dyproject.eu\/hr\/#website","url":"https:\/\/dyproject.eu\/hr\/","name":"Discover Yourself","description":"Digital Storytelling as a choice of conscious creativity","publisher":{"@id":"https:\/\/dyproject.eu\/hr\/#organization"},"potentialAction":[{"@type":"SearchAction","target":{"@type":"EntryPoint","urlTemplate":"https:\/\/dyproject.eu\/hr\/?s={search_term_string}"},"query-input":{"@type":"PropertyValueSpecification","valueRequired":true,"valueName":"search_term_string"}}],"inLanguage":"hr"},{"@type":"Organization","@id":"https:\/\/dyproject.eu\/hr\/#organization","name":"Discover Yourself","url":"https:\/\/dyproject.eu\/hr\/","logo":{"@type":"ImageObject","inLanguage":"hr","@id":"https:\/\/dyproject.eu\/hr\/#\/schema\/logo\/image\/","url":"https:\/\/dyproject.eu\/wp-content\/uploads\/2024\/05\/DY_logo_v2.2.png","contentUrl":"https:\/\/dyproject.eu\/wp-content\/uploads\/2024\/05\/DY_logo_v2.2.png","width":500,"height":166,"caption":"Discover Yourself"},"image":{"@id":"https:\/\/dyproject.eu\/hr\/#\/schema\/logo\/image\/"}}]}},"_links":{"self":[{"href":"https:\/\/dyproject.eu\/hr\/wp-json\/wp\/v2\/pages\/9878","targetHints":{"allow":["GET"]}}],"collection":[{"href":"https:\/\/dyproject.eu\/hr\/wp-json\/wp\/v2\/pages"}],"about":[{"href":"https:\/\/dyproject.eu\/hr\/wp-json\/wp\/v2\/types\/page"}],"author":[{"embeddable":true,"href":"https:\/\/dyproject.eu\/hr\/wp-json\/wp\/v2\/users\/3"}],"replies":[{"embeddable":true,"href":"https:\/\/dyproject.eu\/hr\/wp-json\/wp\/v2\/comments?post=9878"}],"version-history":[{"count":1,"href":"https:\/\/dyproject.eu\/hr\/wp-json\/wp\/v2\/pages\/9878\/revisions"}],"predecessor-version":[{"id":9879,"href":"https:\/\/dyproject.eu\/hr\/wp-json\/wp\/v2\/pages\/9878\/revisions\/9879"}],"wp:attachment":[{"href":"https:\/\/dyproject.eu\/hr\/wp-json\/wp\/v2\/media?parent=9878"}],"curies":[{"name":"wp","href":"https:\/\/api.w.org\/{rel}","templated":true}]}}