{"id":9888,"date":"2025-12-04T15:07:58","date_gmt":"2025-12-04T14:07:58","guid":{"rendered":"https:\/\/dyproject.eu\/cookie-policy\/"},"modified":"2026-03-15T20:02:17","modified_gmt":"2026-03-15T19:02:17","slug":"cookie-policy","status":"publish","type":"page","link":"https:\/\/dyproject.eu\/sv\/cookie-policy\/","title":{"rendered":"Cookie Policy"},"content":{"rendered":"\t\t<div data-elementor-type=\"wp-page\" data-elementor-id=\"9888\" class=\"elementor elementor-9888 elementor-7441\" data-elementor-post-type=\"page\">\n\t\t\t\t<div class=\"elementor-element elementor-element-4c20ed7 e-con-full e-flex e-con e-parent\" data-id=\"4c20ed7\" data-element_type=\"container\" data-e-type=\"container\" data-settings=\"{&quot;jet_parallax_layout_list&quot;:[]}\">\n\t\t<div class=\"elementor-element elementor-element-8c5fecf e-flex e-con-boxed e-con e-child\" data-id=\"8c5fecf\" data-element_type=\"container\" data-e-type=\"container\" data-settings=\"{&quot;jet_parallax_layout_list&quot;:[]}\">\n\t\t\t\t\t<div class=\"e-con-inner\">\n\t\t\t\t<div class=\"elementor-element elementor-element-328a431 elementor-widget elementor-widget-heading\" data-id=\"328a431\" data-element_type=\"widget\" data-e-type=\"widget\" data-settings=\"{&quot;ekit_we_effect_on&quot;:&quot;none&quot;}\" data-widget_type=\"heading.default\">\n\t\t\t\t<div class=\"elementor-widget-container\">\n\t\t\t\t\t<h2 class=\"elementor-heading-title elementor-size-default\">Cookiepolicy<\/h2>\t\t\t\t<\/div>\n\t\t\t\t<\/div>\n\t\t\t\t<div class=\"elementor-element elementor-element-27494c9 elementor-widget elementor-widget-text-editor\" data-id=\"27494c9\" data-element_type=\"widget\" data-e-type=\"widget\" data-settings=\"{&quot;ekit_we_effect_on&quot;:&quot;none&quot;}\" data-widget_type=\"text-editor.default\">\n\t\t\t\t<div class=\"elementor-widget-container\">\n\t\t\t\t\t\t\t\t\t<section data-markdown-raw=\"  Questa informativa integra l\u2019Informativa privacy del sito e descrive l\u2019uso dei cookie da parte di ENAIP Friuli Venezia Giulia (ENAIP FVG). Per chi \u00e8 ENAIP FVG, il titolare del trattamento e i diritti degli interessati si rimanda a tale documento.\" data-section-index=\"9\">Senast uppdaterad: 6 februari 2026<\/section><section data-markdown-raw=\"  Questa informativa integra l\u2019Informativa privacy del sito e descrive l\u2019uso dei cookie da parte di ENAIP Friuli Venezia Giulia (ENAIP FVG). Per chi \u00e8 ENAIP FVG, il titolare del trattamento e i diritti degli interessati si rimanda a tale documento.\" data-section-index=\"9\"><\/section><section id=\"markdown-section-b5a60259-0850-43ae-a4ce-bffe787c3fe4-9\" class=\"markdown-section chat-fade-in\" data-markdown-raw=\"  Questa informativa integra l\u2019Informativa privacy del sito e descrive l\u2019uso dei cookie da parte di ENAIP Friuli Venezia Giulia (ENAIP FVG). Per chi \u00e8 ENAIP FVG, il titolare del trattamento e i diritti degli interessati si rimanda a tale documento.\" data-section-index=\"9\"><\/section><section id=\"markdown-section-b5a60259-0850-43ae-a4ce-bffe787c3fe4-9\" class=\"markdown-section chat-fade-in\" data-markdown-raw=\"  Questa informativa integra l\u2019Informativa privacy del sito e descrive l\u2019uso dei cookie da parte di ENAIP Friuli Venezia Giulia (ENAIP FVG). Per chi \u00e8 ENAIP FVG, il titolare del trattamento e i diritti degli interessati si rimanda a tale documento.\" data-section-index=\"9\"><\/section><section id=\"markdown-section-b5a60259-0850-43ae-a4ce-bffe787c3fe4-9\" class=\"markdown-section chat-fade-in\" data-markdown-raw=\"  Questa informativa integra l\u2019Informativa privacy del sito e descrive l\u2019uso dei cookie da parte di ENAIP Friuli Venezia Giulia (ENAIP FVG). Per chi \u00e8 ENAIP FVG, il titolare del trattamento e i diritti degli interessati si rimanda a tale documento.\" data-section-index=\"9\">Denna information kompletterar webbplatsens integritetspolicy och beskriver anv\u00e4ndningen av cookies av ENAIP Friuli Venezia Giulia (ENAIP FVG). F\u00f6r vem ENAIP FVG \u00e4r, personuppgiftsansvarig och registrerades r\u00e4ttigheter h\u00e4nvisas till det dokumentet. <\/section><section id=\"markdown-section-b5a60259-0850-43ae-a4ce-bffe787c3fe4-12\" class=\"markdown-section chat-fade-in\" data-markdown-raw=\"  **COSA SONO I COOKIE**\" data-section-index=\"12\"><span class=\"markdown-bold-text\"> <\/span><\/section><section id=\"markdown-section-b5a60259-0850-43ae-a4ce-bffe787c3fe4-12\" class=\"markdown-section chat-fade-in\" data-markdown-raw=\" **COSA SONO I COOKIE**\" data-section-index=\"12\"><strong><span class=\"markdown-bold-text\">VAD \u00c4R COOKIES<\/span><\/strong><\/section><section id=\"markdown-section-b5a60259-0850-43ae-a4ce-bffe787c3fe4-14\" class=\"markdown-section chat-fade-in\" data-markdown-raw=\" I cookie sono piccoli file di testo che i siti possono memorizzare sul dispositivo (computer, tablet, smartphone) quando li si visita. Servono a far funzionare il sito, a ricordare preferenze o, in altri contesti, a tracciare la navigazione per finalit\u00e0 di profilazione o pubblicit\u00e0.\" data-section-index=\"14\">Cookies \u00e4r sm\u00e5 textfiler som webbplatser kan lagra p\u00e5 enheten (dator, surfplatta, smartphone) n\u00e4r man bes\u00f6ker dem. De anv\u00e4nds f\u00f6r att f\u00e5 webbplatsen att fungera, f\u00f6r att komma ih\u00e5g preferenser eller, i andra sammanhang, f\u00f6r att sp\u00e5ra navigering i syfte att profilera eller visa reklam.<\/section><section id=\"markdown-section-b5a60259-0850-43ae-a4ce-bffe787c3fe4-17\" class=\"markdown-section chat-fade-in\" data-markdown-raw=\"  **USO DEI COOKIE SU QUESTO SITO**\" data-section-index=\"17\"><span class=\"markdown-bold-text\"> <\/span><\/section><section id=\"markdown-section-b5a60259-0850-43ae-a4ce-bffe787c3fe4-17\" class=\"markdown-section chat-fade-in\" data-markdown-raw=\" **USO DEI COOKIE SU QUESTO SITO**\" data-section-index=\"17\"><strong><span class=\"markdown-bold-text\">ANV\u00c4NDNING AV COOKIES P\u00c5 DENNA WEBBPLATS<\/span><\/strong><\/section><section id=\"markdown-section-b5a60259-0850-43ae-a4ce-bffe787c3fe4-19\" class=\"markdown-section chat-fade-in\" data-markdown-raw=\" Questo sito non utilizza cookie di profilazione n\u00e9 cookie di tracciamento.\" data-section-index=\"19\">Denna webbplats anv\u00e4nder inte profilerande cookies eller sp\u00e5rningscookies.<\/section><section id=\"markdown-section-b5a60259-0850-43ae-a4ce-bffe787c3fe4-21\" class=\"markdown-section chat-fade-in\" data-markdown-raw=\"  Non vengono impiegati cookie o tecnologie analoghe per: \u2013 profilare gli utenti; \u2013 tracciare il comportamento di navigazione a scopo pubblicitario o di analisi del profilo; \u2013 inviare pubblicit\u00e0 mirata in base agli interessi.\" data-section-index=\"21\">Cookies eller liknande tekniker anv\u00e4nds inte f\u00f6r att:<ul class=\"nested\"><li class=\"nested\" data-indent=\"2\">profilera anv\u00e4ndare,<\/li><\/ul><ul class=\"nested\"><li class=\"nested\" data-indent=\"2\">sp\u00e5ra navigeringsbeteende i reklam- eller profilanalyseringssyfte,<\/li><\/ul><ul class=\"nested\"><li class=\"nested\" data-indent=\"2\">skicka riktad reklam baserad p\u00e5 intressen.<\/li><\/ul><\/section><section id=\"markdown-section-b5a60259-0850-43ae-a4ce-bffe787c3fe4-23\" class=\"markdown-section chat-fade-in\" data-markdown-raw=\"  Possono essere utilizzati solo cookie tecnici strettamente necessari al funzionamento del sito, ad esempio: \u2013 cookie di sessione (per mantenere la sessione durante la navigazione); \u2013 cookie che memorizzano preferenze essenziali (es. lingua, accessibilit\u00e0).\" data-section-index=\"23\">Endast tekniska cookies som \u00e4r strikt n\u00f6dv\u00e4ndiga f\u00f6r webbplatsens funktion kan anv\u00e4ndas, till exempel:<ul class=\"nested\"><li class=\"nested\" data-indent=\"2\">sessionscookies (f\u00f6r att uppr\u00e4tth\u00e5lla sessionen under navigeringen),<\/li><\/ul><ul class=\"nested\"><li class=\"nested\" data-indent=\"2\">cookies som lagrar v\u00e4sentliga preferenser (t.ex. spr\u00e5k, tillg\u00e4nglighet).<\/li><\/ul><\/section><section id=\"markdown-section-b5a60259-0850-43ae-a4ce-bffe787c3fe4-25\" class=\"markdown-section chat-fade-in\" data-markdown-raw=\"  Per i cookie tecnici non \u00e8 richiesto il consenso ai sensi della normativa applicabile (Regolamento (UE) 2016\/679 \u2013 GDPR \u2013 e Provvedimento del Garante privacy dell\u20198 maggio 2014 e linee guida in materia di cookie).\" data-section-index=\"25\"><\/section><section id=\"markdown-section-b5a60259-0850-43ae-a4ce-bffe787c3fe4-25\" class=\"markdown-section chat-fade-in\" data-markdown-raw=\"  Per i cookie tecnici non \u00e8 richiesto il consenso ai sensi della normativa applicabile (Regolamento (UE) 2016\/679 \u2013 GDPR \u2013 e Provvedimento del Garante privacy dell\u20198 maggio 2014 e linee guida in materia di cookie).\" data-section-index=\"25\">F\u00f6r tekniska cookies kr\u00e4vs inte samtycke enligt till\u00e4mplig lagstiftning (f\u00f6rordning (EU) 2016\/679 \u2013 GDPR \u2013 och dataskyddsmyndighetens beslut av den 8 maj 2014 och riktlinjer om cookies).<\/section><section id=\"markdown-section-b5a60259-0850-43ae-a4ce-bffe787c3fe4-33\" class=\"markdown-section chat-fade-in\" data-markdown-raw=\"  Cookie di tracciamento No \u2013\" data-section-index=\"33\"><\/section><section id=\"markdown-section-b5a60259-0850-43ae-a4ce-bffe787c3fe4-36\" class=\"markdown-section chat-fade-in\" data-markdown-raw=\"  **TITOLARE, BASE GIURIDICA E DIRITTI**\" data-section-index=\"36\"><strong><span class=\"markdown-bold-text\"> <\/span><\/strong><\/section><section id=\"markdown-section-b5a60259-0850-43ae-a4ce-bffe787c3fe4-36\" class=\"markdown-section chat-fade-in\" data-markdown-raw=\" **TITOLARE, BASE GIURIDICA E DIRITTI**\" data-section-index=\"36\"><strong><span class=\"markdown-bold-text\">PERSONUPPGIFTSANSVARIG, R\u00c4TTSLIG GRUND OCH R\u00c4TTIGHETER<\/span><\/strong><\/section><section id=\"markdown-section-b5a60259-0850-43ae-a4ce-bffe787c3fe4-38\" class=\"markdown-section chat-fade-in\" data-markdown-raw=\" Il titolare del trattamento \u00e8 ENAIP Friuli Venezia Giulia \u2013 Impresa Sociale (indirizzo, PEC e riferimenti nell\u2019Informativa privacy).\" data-section-index=\"38\">Personuppgiftsansvarig \u00e4r ENAIP Friuli Venezia Giulia \u2013 Impresa Sociale (adress, PEC och referenser i integritetspolicyn).<\/section><section id=\"markdown-section-b5a60259-0850-43ae-a4ce-bffe787c3fe4-40\" class=\"markdown-section chat-fade-in\" data-markdown-raw=\" Il trattamento dei dati eventualmente raccolti tramite cookie tecnici si basa su legittimo interesse (art. 6, par. 1, lett. f) GDPR) e\/o obblighi di legge, per finalit\u00e0 di sicurezza e gestione tecnica del sito. Non viene effettuato alcun trattamento per finalit\u00e0 di profilazione o marketing.\" data-section-index=\"40\">Behandlingen av uppgifter som eventuellt samlas in via tekniska cookies baseras p\u00e5 ber\u00e4ttigat intresse (artikel 6.1 f GDPR) och\/eller r\u00e4ttsliga skyldigheter, i syfte att s\u00e4kerst\u00e4lla s\u00e4kerhet och teknisk hantering av webbplatsen. Ingen behandling utf\u00f6rs i syfte att profilera eller marknadsf\u00f6ra.<\/section><section id=\"markdown-section-b5a60259-0850-43ae-a4ce-bffe787c3fe4-42\" class=\"markdown-section chat-fade-in\" data-markdown-raw=\" Diritti dell\u2019interessato (accesso, rettifica, cancellazione, limitazione, portabilit\u00e0, opposizione, revoca del consenso, reclamo al Garante), modalit\u00e0 di esercizio e tempi di risposta sono descritti nell\u2019Informativa privacy, alla quale si rimanda.\" data-section-index=\"42\">Den registrerades r\u00e4ttigheter (tillg\u00e5ng, r\u00e4ttelse, radering, begr\u00e4nsning, portabilitet, inv\u00e4ndning, \u00e5terkallande av samtycke, klagom\u00e5l till dataskyddsmyndigheten), hur de ut\u00f6vas och svarstider beskrivs i integritetspolicyn, till vilken det h\u00e4nvisas.<\/section><section data-markdown-raw=\"  **GESTIONE E DISATTIVAZIONE DEI COOKIE**\" data-section-index=\"45\"><\/section><section id=\"markdown-section-b5a60259-0850-43ae-a4ce-bffe787c3fe4-45\" class=\"markdown-section chat-fade-in\" data-markdown-raw=\"  **GESTIONE E DISATTIVAZIONE DEI COOKIE**\" data-section-index=\"45\"><strong><span class=\"markdown-bold-text\"> <\/span><\/strong><\/section><section id=\"markdown-section-b5a60259-0850-43ae-a4ce-bffe787c3fe4-45\" class=\"markdown-section chat-fade-in\" data-markdown-raw=\" **GESTIONE E DISATTIVAZIONE DEI COOKIE**\" data-section-index=\"45\"><strong><span class=\"markdown-bold-text\">HANTERING OCH INAKTIVERING AV COOKIES<\/span><\/strong><\/section><section id=\"markdown-section-b5a60259-0850-43ae-a4ce-bffe787c3fe4-47\" class=\"markdown-section chat-fade-in\" data-markdown-raw=\" \u00c8 possibile gestire o disattivare i cookie dalle impostazioni del proprio browser. Le istruzioni si trovano di solito nella sezione \u201cPrivacy\u201d, \u201cCookie\u201d o \u201cImpostazioni\u201d del browser. La disattivazione di cookie tecnici pu\u00f2 limitare alcune funzionalit\u00e0 del sito.\" data-section-index=\"47\">Det \u00e4r m\u00f6jligt att hantera eller inaktivera cookies fr\u00e5n webbl\u00e4sarens inst\u00e4llningar. Instruktionerna finns vanligtvis i avsnittet &#8221;Sekretess&#8221;, &#8221;Cookies&#8221; eller &#8221;Inst\u00e4llningar&#8221; i webbl\u00e4saren. Inaktivering av tekniska cookies kan begr\u00e4nsa vissa funktioner p\u00e5 webbplatsen.<\/section><section id=\"markdown-section-b5a60259-0850-43ae-a4ce-bffe787c3fe4-49\" class=\"markdown-section chat-fade-in\" data-markdown-raw=\"  Link alle guide dei browser pi\u00f9 comuni: \u2013 Chrome: https:\/\/support.google.com\/chrome\/answer\/95647 \u2013 Firefox: https:\/\/support.mozilla.org\/it\/kb\/Eliminare%20i%20cookie \u2013 Safari: https:\/\/support.apple.com\/it-it\/guide\/safari\/sfri11471\/mac \u2013 Edge: https:\/\/support.microsoft.com\/it-it\/microsoft-edge\/eliminare-i-cookie-in-microsoft-edge-63947406-40ac-c3b8-57b9-2a946a29ae09\" data-section-index=\"49\">L\u00e4nkar till guider f\u00f6r de vanligaste webbl\u00e4sarna:<ul class=\"nested\"><li class=\"nested\" data-indent=\"2\">Chrome: https:\/\/support.google.com\/chrome\/answer\/95647<\/li><\/ul><ul class=\"nested\"><li class=\"nested\" data-indent=\"2\">Firefox: https:\/\/support.mozilla.org\/it\/kb\/Eliminare%20i%20cookie<\/li><\/ul><ul class=\"nested\"><li class=\"nested\" data-indent=\"2\">Safari: https:\/\/support.apple.com\/it-it\/guide\/safari\/sfri11471\/mac<\/li><\/ul><ul class=\"nested\"><li class=\"nested\" data-indent=\"2\">Edge: https:\/\/support.microsoft.com\/it-it\/microsoft-edge\/eliminare-i-cookie-in-microsoft-edge-63947406-40ac-c3b8-57b9-2a946a29ae09<\/li><\/ul><\/section><section id=\"markdown-section-b5a60259-0850-43ae-a4ce-bffe787c3fe4-52\" class=\"markdown-section chat-fade-in\" data-markdown-raw=\"  **CONSERVAZIONE**\" data-section-index=\"52\"><strong><span class=\"markdown-bold-text\"> <\/span><\/strong><\/section><section id=\"markdown-section-b5a60259-0850-43ae-a4ce-bffe787c3fe4-52\" class=\"markdown-section chat-fade-in\" data-markdown-raw=\" **CONSERVAZIONE**\" data-section-index=\"52\"><strong><span class=\"markdown-bold-text\">LAGRING<\/span><\/strong><\/section><section id=\"markdown-section-b5a60259-0850-43ae-a4ce-bffe787c3fe4-54\" class=\"markdown-section chat-fade-in\" data-markdown-raw=\" I dati eventualmente associati a cookie tecnici sono conservati per il tempo strettamente necessario (es. durata della sessione o periodo indicato per il singolo cookie) come specificato nell\u2019Informativa privacy.\" data-section-index=\"54\">Uppgifter som eventuellt \u00e4r kopplade till tekniska cookies lagras under den tid som \u00e4r strikt n\u00f6dv\u00e4ndig (t.ex. sessionens varaktighet eller angiven period f\u00f6r den enskilda cookien) enligt vad som anges i integritetspolicyn.<\/section><section id=\"markdown-section-b5a60259-0850-43ae-a4ce-bffe787c3fe4-54\" class=\"markdown-section chat-fade-in\" data-markdown-raw=\"  I dati eventualmente associati a cookie tecnici sono conservati per il tempo strettamente necessario (es. durata della sessione o periodo indicato per il singolo cookie) come specificato nell\u2019Informativa privacy.\" data-section-index=\"54\"><\/section><section data-markdown-raw=\"  **MODIFICHE**\" data-section-index=\"57\"><\/section><section id=\"markdown-section-b5a60259-0850-43ae-a4ce-bffe787c3fe4-57\" class=\"markdown-section chat-fade-in\" data-markdown-raw=\"  **MODIFICHE**\" data-section-index=\"57\"><strong><span class=\"markdown-bold-text\">\u00c4NDRINGAR<\/span><\/strong><\/section><section id=\"markdown-section-b5a60259-0850-43ae-a4ce-bffe787c3fe4-59\" class=\"markdown-section chat-fade-in\" data-markdown-raw=\"  Questa informativa cookie pu\u00f2 essere aggiornata. La data di \u201cUltimo aggiornamento\u201d in testa al documento indica l\u2019ultima revisione. Si invita a consultarla periodicamente insieme all\u2019Informativa privacy.\" data-section-index=\"59\">Denna cookieinformation kan uppdateras. Datumet f\u00f6r &#8221;Senast uppdaterad&#8221; h\u00f6gst upp i dokumentet anger den senaste revideringen. Vi rekommenderar att regelbundet l\u00e4sa den tillsammans med integritetspolicyn.  <\/section><section id=\"markdown-section-b5a60259-0850-43ae-a4ce-bffe787c3fe4-62\" class=\"markdown-section chat-fade-in\" data-markdown-raw=\"  Informativa redatta in conformit\u00e0 al Regolamento (UE) 2016\/679 (GDPR), al D.Lgs. 196\/2003 (Codice privacy) e successive modifiche e al Provvedimento del Garante per la protezione dei dati personali dell\u20198 maggio 2014 in materia di cookie.\" data-section-index=\"62\">Information uppr\u00e4ttad i enlighet med f\u00f6rordning (EU) 2016\/679 (GDPR), D.Lgs. 196\/2003 (Sekretesskod) och efterf\u00f6ljande \u00e4ndringar samt dataskyddsmyndighetens beslut av den 8 maj 2014 om cookies. <\/section><p><\/p>\t\t\t\t\t\t\t\t<\/div>\n\t\t\t\t<\/div>\n\t\t\t\t\t<\/div>\n\t\t\t\t<\/div>\n\t\t\t\t<\/div>\n\t\t\t\t<\/div>\n\t\t","protected":false},"excerpt":{"rendered":"<p>Cookiepolicy Senast uppdaterad: 6 februari 2026 Denna information kompletterar webbplatsens integritetspolicy och beskriver anv\u00e4ndningen av cookies av ENAIP Friuli Venezia Giulia (ENAIP FVG). F\u00f6r vem ENAIP FVG \u00e4r, personuppgiftsansvarig och registrerades r\u00e4ttigheter h\u00e4nvisas till det dokumentet. VAD \u00c4R COOKIES Cookies \u00e4r sm\u00e5 textfiler som webbplatser kan lagra p\u00e5 enheten (dator, surfplatta, smartphone) n\u00e4r man bes\u00f6ker [&hellip;]<\/p>\n","protected":false},"author":3,"featured_media":0,"parent":0,"menu_order":0,"comment_status":"closed","ping_status":"closed","template":"","meta":{"inline_featured_image":false,"footnotes":""},"class_list":["post-9888","page","type-page","status-publish","hentry"],"yoast_head":"<!-- This site is optimized with the Yoast SEO plugin v27.1.1 - https:\/\/yoast.com\/product\/yoast-seo-wordpress\/ -->\n<title>Cookie Policy - Discover Yourself<\/title>\n<meta name=\"robots\" content=\"index, follow, max-snippet:-1, max-image-preview:large, max-video-preview:-1\" \/>\n<link rel=\"canonical\" href=\"https:\/\/dyproject.eu\/sv\/cookie-policy\/\" \/>\n<meta property=\"og:locale\" content=\"sv_SE\" \/>\n<meta property=\"og:type\" content=\"article\" \/>\n<meta property=\"og:title\" content=\"Cookie Policy - Discover Yourself\" \/>\n<meta property=\"og:description\" content=\"Cookiepolicy Senast uppdaterad: 6 februari 2026 Denna information kompletterar webbplatsens integritetspolicy och beskriver anv\u00e4ndningen av cookies av ENAIP Friuli Venezia Giulia (ENAIP FVG). F\u00f6r vem ENAIP FVG \u00e4r, personuppgiftsansvarig och registrerades r\u00e4ttigheter h\u00e4nvisas till det dokumentet. VAD \u00c4R COOKIES Cookies \u00e4r sm\u00e5 textfiler som webbplatser kan lagra p\u00e5 enheten (dator, surfplatta, smartphone) n\u00e4r man bes\u00f6ker [&hellip;]\" \/>\n<meta property=\"og:url\" content=\"https:\/\/dyproject.eu\/sv\/cookie-policy\/\" \/>\n<meta property=\"og:site_name\" content=\"Discover Yourself\" \/>\n<meta property=\"article:modified_time\" content=\"2026-03-15T19:02:17+00:00\" \/>\n<meta name=\"twitter:card\" content=\"summary_large_image\" \/>\n<meta name=\"twitter:label1\" content=\"Ber\u00e4knad l\u00e4stid\" \/>\n\t<meta name=\"twitter:data1\" content=\"2 minuter\" \/>\n<script type=\"application\/ld+json\" class=\"yoast-schema-graph\">{\"@context\":\"https:\/\/schema.org\",\"@graph\":[{\"@type\":\"WebPage\",\"@id\":\"https:\/\/dyproject.eu\/sv\/cookie-policy\/\",\"url\":\"https:\/\/dyproject.eu\/sv\/cookie-policy\/\",\"name\":\"Cookie Policy - Discover Yourself\",\"isPartOf\":{\"@id\":\"https:\/\/dyproject.eu\/sv\/#website\"},\"datePublished\":\"2025-12-04T14:07:58+00:00\",\"dateModified\":\"2026-03-15T19:02:17+00:00\",\"breadcrumb\":{\"@id\":\"https:\/\/dyproject.eu\/sv\/cookie-policy\/#breadcrumb\"},\"inLanguage\":\"sv-SE\",\"potentialAction\":[{\"@type\":\"ReadAction\",\"target\":[\"https:\/\/dyproject.eu\/sv\/cookie-policy\/\"]}]},{\"@type\":\"BreadcrumbList\",\"@id\":\"https:\/\/dyproject.eu\/sv\/cookie-policy\/#breadcrumb\",\"itemListElement\":[{\"@type\":\"ListItem\",\"position\":1,\"name\":\"Home\",\"item\":\"https:\/\/dyproject.eu\/sv\/hem\/\"},{\"@type\":\"ListItem\",\"position\":2,\"name\":\"Cookie Policy\"}]},{\"@type\":\"WebSite\",\"@id\":\"https:\/\/dyproject.eu\/sv\/#website\",\"url\":\"https:\/\/dyproject.eu\/sv\/\",\"name\":\"Discover Yourself\",\"description\":\"Digital Storytelling as a choice of conscious creativity\",\"publisher\":{\"@id\":\"https:\/\/dyproject.eu\/sv\/#organization\"},\"potentialAction\":[{\"@type\":\"SearchAction\",\"target\":{\"@type\":\"EntryPoint\",\"urlTemplate\":\"https:\/\/dyproject.eu\/sv\/?s={search_term_string}\"},\"query-input\":{\"@type\":\"PropertyValueSpecification\",\"valueRequired\":true,\"valueName\":\"search_term_string\"}}],\"inLanguage\":\"sv-SE\"},{\"@type\":\"Organization\",\"@id\":\"https:\/\/dyproject.eu\/sv\/#organization\",\"name\":\"Discover Yourself\",\"url\":\"https:\/\/dyproject.eu\/sv\/\",\"logo\":{\"@type\":\"ImageObject\",\"inLanguage\":\"sv-SE\",\"@id\":\"https:\/\/dyproject.eu\/sv\/#\/schema\/logo\/image\/\",\"url\":\"https:\/\/dyproject.eu\/wp-content\/uploads\/2024\/05\/DY_logo_v2.2.png\",\"contentUrl\":\"https:\/\/dyproject.eu\/wp-content\/uploads\/2024\/05\/DY_logo_v2.2.png\",\"width\":500,\"height\":166,\"caption\":\"Discover Yourself\"},\"image\":{\"@id\":\"https:\/\/dyproject.eu\/sv\/#\/schema\/logo\/image\/\"}}]}<\/script>\n<!-- \/ Yoast SEO plugin. -->","yoast_head_json":{"title":"Cookie Policy - Discover Yourself","robots":{"index":"index","follow":"follow","max-snippet":"max-snippet:-1","max-image-preview":"max-image-preview:large","max-video-preview":"max-video-preview:-1"},"canonical":"https:\/\/dyproject.eu\/sv\/cookie-policy\/","og_locale":"sv_SE","og_type":"article","og_title":"Cookie Policy - Discover Yourself","og_description":"Cookiepolicy Senast uppdaterad: 6 februari 2026 Denna information kompletterar webbplatsens integritetspolicy och beskriver anv\u00e4ndningen av cookies av ENAIP Friuli Venezia Giulia (ENAIP FVG). F\u00f6r vem ENAIP FVG \u00e4r, personuppgiftsansvarig och registrerades r\u00e4ttigheter h\u00e4nvisas till det dokumentet. VAD \u00c4R COOKIES Cookies \u00e4r sm\u00e5 textfiler som webbplatser kan lagra p\u00e5 enheten (dator, surfplatta, smartphone) n\u00e4r man bes\u00f6ker [&hellip;]","og_url":"https:\/\/dyproject.eu\/sv\/cookie-policy\/","og_site_name":"Discover Yourself","article_modified_time":"2026-03-15T19:02:17+00:00","twitter_card":"summary_large_image","twitter_misc":{"Ber\u00e4knad l\u00e4stid":"2 minuter"},"schema":{"@context":"https:\/\/schema.org","@graph":[{"@type":"WebPage","@id":"https:\/\/dyproject.eu\/sv\/cookie-policy\/","url":"https:\/\/dyproject.eu\/sv\/cookie-policy\/","name":"Cookie Policy - Discover Yourself","isPartOf":{"@id":"https:\/\/dyproject.eu\/sv\/#website"},"datePublished":"2025-12-04T14:07:58+00:00","dateModified":"2026-03-15T19:02:17+00:00","breadcrumb":{"@id":"https:\/\/dyproject.eu\/sv\/cookie-policy\/#breadcrumb"},"inLanguage":"sv-SE","potentialAction":[{"@type":"ReadAction","target":["https:\/\/dyproject.eu\/sv\/cookie-policy\/"]}]},{"@type":"BreadcrumbList","@id":"https:\/\/dyproject.eu\/sv\/cookie-policy\/#breadcrumb","itemListElement":[{"@type":"ListItem","position":1,"name":"Home","item":"https:\/\/dyproject.eu\/sv\/hem\/"},{"@type":"ListItem","position":2,"name":"Cookie Policy"}]},{"@type":"WebSite","@id":"https:\/\/dyproject.eu\/sv\/#website","url":"https:\/\/dyproject.eu\/sv\/","name":"Discover Yourself","description":"Digital Storytelling as a choice of conscious creativity","publisher":{"@id":"https:\/\/dyproject.eu\/sv\/#organization"},"potentialAction":[{"@type":"SearchAction","target":{"@type":"EntryPoint","urlTemplate":"https:\/\/dyproject.eu\/sv\/?s={search_term_string}"},"query-input":{"@type":"PropertyValueSpecification","valueRequired":true,"valueName":"search_term_string"}}],"inLanguage":"sv-SE"},{"@type":"Organization","@id":"https:\/\/dyproject.eu\/sv\/#organization","name":"Discover Yourself","url":"https:\/\/dyproject.eu\/sv\/","logo":{"@type":"ImageObject","inLanguage":"sv-SE","@id":"https:\/\/dyproject.eu\/sv\/#\/schema\/logo\/image\/","url":"https:\/\/dyproject.eu\/wp-content\/uploads\/2024\/05\/DY_logo_v2.2.png","contentUrl":"https:\/\/dyproject.eu\/wp-content\/uploads\/2024\/05\/DY_logo_v2.2.png","width":500,"height":166,"caption":"Discover Yourself"},"image":{"@id":"https:\/\/dyproject.eu\/sv\/#\/schema\/logo\/image\/"}}]}},"_links":{"self":[{"href":"https:\/\/dyproject.eu\/sv\/wp-json\/wp\/v2\/pages\/9888","targetHints":{"allow":["GET"]}}],"collection":[{"href":"https:\/\/dyproject.eu\/sv\/wp-json\/wp\/v2\/pages"}],"about":[{"href":"https:\/\/dyproject.eu\/sv\/wp-json\/wp\/v2\/types\/page"}],"author":[{"embeddable":true,"href":"https:\/\/dyproject.eu\/sv\/wp-json\/wp\/v2\/users\/3"}],"replies":[{"embeddable":true,"href":"https:\/\/dyproject.eu\/sv\/wp-json\/wp\/v2\/comments?post=9888"}],"version-history":[{"count":1,"href":"https:\/\/dyproject.eu\/sv\/wp-json\/wp\/v2\/pages\/9888\/revisions"}],"predecessor-version":[{"id":9889,"href":"https:\/\/dyproject.eu\/sv\/wp-json\/wp\/v2\/pages\/9888\/revisions\/9889"}],"wp:attachment":[{"href":"https:\/\/dyproject.eu\/sv\/wp-json\/wp\/v2\/media?parent=9888"}],"curies":[{"name":"wp","href":"https:\/\/api.w.org\/{rel}","templated":true}]}}